{"id":9298,"date":"2022-09-30T19:37:27","date_gmt":"2022-09-30T17:37:27","guid":{"rendered":"http:\/\/dev.claret.cat\/producte\/calendario-liturgico-pastoral-2019-2020\/"},"modified":"2024-05-02T16:31:46","modified_gmt":"2024-05-02T14:31:46","slug":"calendario-liturgico-pastoral-2019-2020-9788417459116","status":"publish","type":"product","link":"https:\/\/www.claret.cat\/es\/libro\/calendario-liturgico-pastoral-2019-2020-9788417459116\/","title":{"rendered":"CALENDARIO LIT\u00daRGICO &#8211; PASTORAL 2019 &#8211; 2020"},"content":{"rendered":"<p>Calendario Lit\u00fargico Pastoral 2019-2020, elaborado por el Secretariado de la Comisi\u00f3n Episcopal de Liturgia para el pr\u00f3ximo a\u00f1o lit\u00fargico. Viene acompa\u00f1ado del subsidio musical para los responsables de la pastoral musical de las comunidades, que llevamos editando los \u00faltimos a\u00f1os, y de la agenda personal. Calendario Lit\u00fargico Pastoral desde Adviento de 2019 al 31 de diciembre de 2020 (392 p\u00e1gs.). Subsidio musical para domingos y solemnidades, con la estrofa del salmo responsorial musicalizada y sugerencias para el canto de entrada y de comuni\u00f3n (60 p\u00e1gs.). Agenda personal en un nuevo formato de bolsillo, m\u00e1s c\u00f3modo (13 x 9,2cm), con un pr\u00e1ctico Ap\u00e9ndice (Ritual de la Unci\u00f3n de enfermos, Bendicional y Hora Intermedia).<\/p>\n","protected":false},"excerpt":{"rendered":"<p>CONFERENCIA EPISCOPAL ESPA\u00d1OLA (EDICE)<\/p>\n","protected":false},"featured_media":330324,"template":"","meta":{"_acf_changed":false,"om_disable_all_campaigns":false,"rs_blank_template":"","rs_page_bg_color":"","slide_template_v7":"","inline_featured_image":false,"_monsterinsights_skip_tracking":false,"_monsterinsights_sitenote_active":false,"_monsterinsights_sitenote_note":"","_monsterinsights_sitenote_category":0},"product_brand":[],"product_cat":[90,540],"product_tag":[],"class_list":{"0":"post-9298","1":"product","2":"type-product","3":"status-publish","4":"has-post-thumbnail","6":"product_cat-altres","7":"product_cat-otros","9":"first","10":"instock","11":"taxable","12":"shipping-taxable","13":"purchasable","14":"product-type-simple"},"acf":{"autor":"CONFERENCIA EPISCOPAL ESPA\u00d1OLA (EDICE)","codart":"841745911","libros-coleccion":"","ediciones":"1","encuadernacion":"R\u00fastica","fecha_de_publicacion":"04\/10\/2019","novedad":"1","paginas":"392","subtitulo":"+AGENDA + SALMOS RESPONSORIALES","orden":"0","portada":"0","idioma":"spa","editorial":[{"ID":6194,"post_author":"3","post_date":"2022-07-28 17:46:55","post_date_gmt":"2022-07-28 15:46:55","post_content":"","post_title":"EDICE - Conf. Episc.","post_excerpt":"","post_status":"publish","comment_status":"closed","ping_status":"closed","post_password":"","post_name":"edice-conf-episc","to_ping":"","pinged":"","post_modified":"2022-07-28 17:46:55","post_modified_gmt":"2022-07-28 15:46:55","post_content_filtered":"","post_parent":0,"guid":"http:\/\/dev.claret.cat\/editorial\/edice-conf-episc\/","menu_order":0,"post_type":"editorial","post_mime_type":"","comment_count":"0","filter":"raw"}],"autores-libros":[{"ID":153209,"post_author":"3","post_date":"2022-10-14 14:54:56","post_date_gmt":"2022-10-14 12:54:56","post_content":"","post_title":"CONFERENCIA EPISCOPAL ESPA\u00d1OLA (EDICE)","post_excerpt":"","post_status":"publish","comment_status":"closed","ping_status":"closed","post_password":"","post_name":"conferencia-episcopal-espanola-edice","to_ping":"","pinged":"","post_modified":"2022-10-14 14:54:56","post_modified_gmt":"2022-10-14 12:54:56","post_content_filtered":"","post_parent":0,"guid":"http:\/\/dev.claret.cat\/autor\/conferencia-episcopal-espanola-edice\/","menu_order":0,"post_type":"autor","post_mime_type":"","comment_count":"0","filter":"raw"}]},"aioseo_notices":[],"_links":{"self":[{"href":"https:\/\/www.claret.cat\/es\/wp-json\/wp\/v2\/product\/9298","targetHints":{"allow":["GET"]}}],"collection":[{"href":"https:\/\/www.claret.cat\/es\/wp-json\/wp\/v2\/product"}],"about":[{"href":"https:\/\/www.claret.cat\/es\/wp-json\/wp\/v2\/types\/product"}],"wp:featuredmedia":[{"embeddable":true,"href":"https:\/\/www.claret.cat\/es\/wp-json\/wp\/v2\/media\/330324"}],"wp:attachment":[{"href":"https:\/\/www.claret.cat\/es\/wp-json\/wp\/v2\/media?parent=9298"}],"wp:term":[{"taxonomy":"product_brand","embeddable":true,"href":"https:\/\/www.claret.cat\/es\/wp-json\/wp\/v2\/product_brand?post=9298"},{"taxonomy":"product_cat","embeddable":true,"href":"https:\/\/www.claret.cat\/es\/wp-json\/wp\/v2\/product_cat?post=9298"},{"taxonomy":"product_tag","embeddable":true,"href":"https:\/\/www.claret.cat\/es\/wp-json\/wp\/v2\/product_tag?post=9298"}],"curies":[{"name":"wp","href":"https:\/\/api.w.org\/{rel}","templated":true}]}}