{"id":92983,"date":"2022-10-11T21:44:05","date_gmt":"2022-10-11T19:44:05","guid":{"rendered":"http:\/\/dev.claret.cat\/producte\/conecducamos\/"},"modified":"2024-05-02T08:02:13","modified_gmt":"2024-05-02T06:02:13","slug":"conecducamos-9788428559720","status":"publish","type":"product","link":"https:\/\/www.claret.cat\/es\/libro\/conecducamos-9788428559720\/","title":{"rendered":"CONECDUCAMOS"},"content":{"rendered":"<p>Aprendemos y educamos desde la conexi\u00f3n, tanto a nivel cognitivo como emocional. A partir de los avances en neurociencia y pedagog\u00eda y la experiencia docente de sus autores, este libro ofrece ideas, estrategias y propuestas pr\u00e1cticas y novedosas para mejorar aspectos que tienen que ver directamente con la personalidad, la comunicaci\u00f3n, el desarrollo f\u00edsico, cognitivo y emocional. Con el objetivo de favorecer la pr\u00e1ctica docente, mejorar la labor educativa en casa y contribuir a que sea m\u00e1s provechoso y mejor aprender juntos, los autores ofrecen su aportaci\u00f3n, entre otros temas, sobre las emociones, la motivaci\u00f3n, la memoria, la atenci\u00f3n, el juego, los l\u00edmites, la creatividad, el sue\u00f1o, la nutrici\u00f3n, el deporte o las tecnolog\u00edas.<\/p>\n","protected":false},"excerpt":{"rendered":"<p>ALARC\u00d3N G\u00d3MEZ, PEDRO; EL SHAFI RODR\u00cdGUEZ, ISMAEL<\/p>\n","protected":false},"featured_media":336449,"template":"","meta":{"_acf_changed":false,"om_disable_all_campaigns":false,"rs_blank_template":"","rs_page_bg_color":"","slide_template_v7":"","inline_featured_image":false,"_monsterinsights_skip_tracking":false,"_monsterinsights_sitenote_active":false,"_monsterinsights_sitenote_note":"","_monsterinsights_sitenote_category":0},"product_brand":[],"product_cat":[194,457],"product_tag":[],"class_list":{"0":"post-92983","1":"product","2":"type-product","3":"status-publish","4":"has-post-thumbnail","6":"product_cat-comunicacio-i-noves-teconologies","7":"product_cat-comunicacion-y-nuevas-teconologias","9":"first","10":"instock","11":"taxable","12":"shipping-taxable","13":"purchasable","14":"product-type-simple"},"acf":{"editorial":[{"ID":6356,"post_author":"3","post_date":"2022-07-28 17:50:26","post_date_gmt":"2022-07-28 15:50:26","post_content":"","post_title":"SAN PABLO COMUNICACI\u00d3N","post_excerpt":"","post_status":"publish","comment_status":"closed","ping_status":"closed","post_password":"","post_name":"san-pablo-comunicacion","to_ping":"","pinged":"","post_modified":"2022-07-28 17:50:26","post_modified_gmt":"2022-07-28 15:50:26","post_content_filtered":"","post_parent":0,"guid":"http:\/\/dev.claret.cat\/editorial\/san-pablo-comunicacion\/","menu_order":0,"post_type":"editorial","post_mime_type":"","comment_count":"0","filter":"raw"}],"autor":"ALARC\u00d3N G\u00d3MEZ, PEDRO; EL SHAFI RODR\u00cdGUEZ, ISMAEL","codart":"842855972","libros-coleccion":"Aprender","ediciones":"1","encuadernacion":"R\u00fastica","fecha_de_publicacion":"19\/03\/2021","novedad":"1","paginas":"148","subtitulo":"LA EDUCACI\u00d3N ES CONEXI\u00d3N. DONDE NEUROCIENCIA Y PEDAGOG\u00cdA  CONECTAN","orden":"0","portada":"0","idioma":"spa","autores-libros":[{"ID":158132,"post_author":"3","post_date":"2022-10-14 15:34:25","post_date_gmt":"2022-10-14 13:34:25","post_content":"","post_title":"ISMAEL EL SHAFI RODR\u00cdGUEZ","post_excerpt":"","post_status":"publish","comment_status":"closed","ping_status":"closed","post_password":"","post_name":"ismael-el-shafi-rodriguez","to_ping":"","pinged":"","post_modified":"2022-10-14 15:34:25","post_modified_gmt":"2022-10-14 13:34:25","post_content_filtered":"","post_parent":0,"guid":"http:\/\/dev.claret.cat\/autor\/ismael-el-shafi-rodriguez\/","menu_order":0,"post_type":"autor","post_mime_type":"","comment_count":"0","filter":"raw"},{"ID":166820,"post_author":"3","post_date":"2022-10-14 18:06:19","post_date_gmt":"2022-10-14 16:06:19","post_content":"","post_title":"PEDRO ALARC\u00d3N G\u00d3MEZ","post_excerpt":"","post_status":"publish","comment_status":"closed","ping_status":"closed","post_password":"","post_name":"pedro-alarcon-gomez","to_ping":"","pinged":"","post_modified":"2022-10-14 18:06:19","post_modified_gmt":"2022-10-14 16:06:19","post_content_filtered":"","post_parent":0,"guid":"http:\/\/dev.claret.cat\/autor\/pedro-alarcon-gomez\/","menu_order":0,"post_type":"autor","post_mime_type":"","comment_count":"0","filter":"raw"}]},"aioseo_notices":[],"_links":{"self":[{"href":"https:\/\/www.claret.cat\/es\/wp-json\/wp\/v2\/product\/92983","targetHints":{"allow":["GET"]}}],"collection":[{"href":"https:\/\/www.claret.cat\/es\/wp-json\/wp\/v2\/product"}],"about":[{"href":"https:\/\/www.claret.cat\/es\/wp-json\/wp\/v2\/types\/product"}],"wp:featuredmedia":[{"embeddable":true,"href":"https:\/\/www.claret.cat\/es\/wp-json\/wp\/v2\/media\/336449"}],"wp:attachment":[{"href":"https:\/\/www.claret.cat\/es\/wp-json\/wp\/v2\/media?parent=92983"}],"wp:term":[{"taxonomy":"product_brand","embeddable":true,"href":"https:\/\/www.claret.cat\/es\/wp-json\/wp\/v2\/product_brand?post=92983"},{"taxonomy":"product_cat","embeddable":true,"href":"https:\/\/www.claret.cat\/es\/wp-json\/wp\/v2\/product_cat?post=92983"},{"taxonomy":"product_tag","embeddable":true,"href":"https:\/\/www.claret.cat\/es\/wp-json\/wp\/v2\/product_tag?post=92983"}],"curies":[{"name":"wp","href":"https:\/\/api.w.org\/{rel}","templated":true}]}}