{"id":92998,"date":"2022-10-11T21:44:17","date_gmt":"2022-10-11T19:44:17","guid":{"rendered":"http:\/\/dev.claret.cat\/producte\/mis-oraciones-hablo-con-jesus\/"},"modified":"2026-03-02T11:30:13","modified_gmt":"2026-03-02T10:30:13","slug":"mis-oraciones-hablo-con-jesus-9788428559690","status":"publish","type":"product","link":"https:\/\/www.claret.cat\/es\/libro\/mis-oraciones-hablo-con-jesus-9788428559690\/","title":{"rendered":"MIS ORACIONES. HABLO CON JES\u00daS"},"content":{"rendered":"<p>Oraciones escritas en un lenguaje sencillo para que los ni\u00f1os puedan aprenderlas f\u00e1cilmente. Incluye los mandamientos, los sacramentos y muchas m\u00e1s ense\u00f1anzas para acompa\u00f1ar a los m\u00e1s peque\u00f1os en su vida cristiana.<\/p>\n","protected":false},"excerpt":{"rendered":"<p>SAN PABLO<\/p>\n","protected":false},"featured_media":450668,"template":"","meta":{"_acf_changed":false,"om_disable_all_campaigns":false,"rs_blank_template":"","rs_page_bg_color":"","slide_template_v7":"","inline_featured_image":false,"_monsterinsights_skip_tracking":false,"_monsterinsights_sitenote_active":false,"_monsterinsights_sitenote_note":"","_monsterinsights_sitenote_category":0},"product_brand":[],"product_cat":[396,247],"product_tag":[],"class_list":{"0":"post-92998","1":"product","2":"type-product","3":"status-publish","4":"has-post-thumbnail","6":"product_cat-oracion","7":"product_cat-pregaria","9":"first","10":"instock","11":"taxable","12":"shipping-taxable","13":"purchasable","14":"product-type-simple"},"acf":{"editorial":[{"ID":6356,"post_author":"3","post_date":"2022-07-28 17:50:26","post_date_gmt":"2022-07-28 15:50:26","post_content":"","post_title":"SAN PABLO COMUNICACI\u00d3N","post_excerpt":"","post_status":"publish","comment_status":"closed","ping_status":"closed","post_password":"","post_name":"san-pablo-comunicacion","to_ping":"","pinged":"","post_modified":"2022-07-28 17:50:26","post_modified_gmt":"2022-07-28 15:50:26","post_content_filtered":"","post_parent":0,"guid":"http:\/\/dev.claret.cat\/editorial\/san-pablo-comunicacion\/","menu_order":0,"post_type":"editorial","post_mime_type":"","comment_count":"0","filter":"raw"}],"autores-libros":[{"ID":6015,"post_author":"3","post_date":"2022-07-28 17:36:21","post_date_gmt":"2022-07-28 15:36:21","post_content":"","post_title":"SAN PABLO","post_excerpt":"","post_status":"publish","comment_status":"closed","ping_status":"closed","post_password":"","post_name":"san-pablo","to_ping":"","pinged":"","post_modified":"2022-07-28 17:36:21","post_modified_gmt":"2022-07-28 15:36:21","post_content_filtered":"","post_parent":0,"guid":"http:\/\/dev.claret.cat\/autor\/san-pablo\/","menu_order":0,"post_type":"autor","post_mime_type":"","comment_count":"0","filter":"raw"}],"autor":"SAN PABLO","codart":"842855969","libros-coleccion":"Biblias","ediciones":"1","encuadernacion":"Carton\u00e9","fecha_de_publicacion":"19\/03\/2021","novedad":"1","paginas":"184","subtitulo":"","orden":"0","portada":"0","idioma":"spa","booktrailer":"","resenas":""},"aioseo_notices":[],"_links":{"self":[{"href":"https:\/\/www.claret.cat\/es\/wp-json\/wp\/v2\/product\/92998","targetHints":{"allow":["GET"]}}],"collection":[{"href":"https:\/\/www.claret.cat\/es\/wp-json\/wp\/v2\/product"}],"about":[{"href":"https:\/\/www.claret.cat\/es\/wp-json\/wp\/v2\/types\/product"}],"wp:featuredmedia":[{"embeddable":true,"href":"https:\/\/www.claret.cat\/es\/wp-json\/wp\/v2\/media\/450668"}],"wp:attachment":[{"href":"https:\/\/www.claret.cat\/es\/wp-json\/wp\/v2\/media?parent=92998"}],"wp:term":[{"taxonomy":"product_brand","embeddable":true,"href":"https:\/\/www.claret.cat\/es\/wp-json\/wp\/v2\/product_brand?post=92998"},{"taxonomy":"product_cat","embeddable":true,"href":"https:\/\/www.claret.cat\/es\/wp-json\/wp\/v2\/product_cat?post=92998"},{"taxonomy":"product_tag","embeddable":true,"href":"https:\/\/www.claret.cat\/es\/wp-json\/wp\/v2\/product_tag?post=92998"}],"curies":[{"name":"wp","href":"https:\/\/api.w.org\/{rel}","templated":true}]}}