{"id":93028,"date":"2022-10-11T21:44:42","date_gmt":"2022-10-11T19:44:42","guid":{"rendered":"http:\/\/dev.claret.cat\/producte\/familias-que-importan-ii-circulos-de-encuentro-marisa-moresco\/"},"modified":"2023-01-28T07:05:37","modified_gmt":"2023-01-28T06:05:37","slug":"familias-que-importan-ii-circulos-de-encuentro-marisa-moresco-9788427728196","status":"publish","type":"product","link":"https:\/\/www.claret.cat\/es\/libro\/familias-que-importan-ii-circulos-de-encuentro-marisa-moresco-9788427728196\/","title":{"rendered":"#FAMILIAS QUE IMPORTAN (II C\u00cdRCULOS DE ENCUENTRO MARISA MORESCO)"},"content":{"rendered":"<p># Familias que importan. Acompa\u00f1ar el latido de la V\/vida entre vulnerabilidad  Y fortaleza, es el tema objeto de reflexi\u00f3n en este volumen que recoge las contribuciones a los II C\u00edrculos de encuentro Marisa Moresco. Se trata de una aproximaci\u00f3n interdisciplinar a los desaf\u00edos que afrontan las distintas realidades familiares, ofreciendo criterios y claves a quienes acompa\u00f1an, cuando la violencia se cuela en el seno familiar fragilizando los v\u00ednculos, generando mucho sufrimiento y poniendo a prueba la fe y la esperanza.<\/p>\n","protected":false},"excerpt":{"rendered":"<p>ESTEVEZ LOPEZ, ELISA\/ARRIETA OLMEDO, LOLA<\/p>\n","protected":false},"featured_media":93029,"template":"","meta":{"_acf_changed":false,"om_disable_all_campaigns":false,"rs_blank_template":"","rs_page_bg_color":"","slide_template_v7":"","inline_featured_image":false,"_monsterinsights_skip_tracking":false,"_monsterinsights_sitenote_active":false,"_monsterinsights_sitenote_note":"","_monsterinsights_sitenote_category":0},"product_brand":[],"product_cat":[16],"product_tag":[],"class_list":{"0":"post-93028","1":"product","2":"type-product","3":"status-publish","4":"has-post-thumbnail","6":"product_cat-sense-categoria","8":"first","9":"instock","10":"taxable","11":"shipping-taxable","12":"purchasable","13":"product-type-simple"},"acf":{"editorial":[{"ID":6312,"post_author":"3","post_date":"2022-07-28 17:49:29","post_date_gmt":"2022-07-28 15:49:29","post_content":"","post_title":"NARCEA DE EDICIONES","post_excerpt":"","post_status":"publish","comment_status":"closed","ping_status":"closed","post_password":"","post_name":"narcea-de-ediciones","to_ping":"","pinged":"","post_modified":"2022-07-28 17:49:29","post_modified_gmt":"2022-07-28 15:49:29","post_content_filtered":"","post_parent":0,"guid":"http:\/\/dev.claret.cat\/editorial\/narcea-de-ediciones\/","menu_order":0,"post_type":"editorial","post_mime_type":"","comment_count":"0","filter":"raw"}],"autor":"ESTEVEZ LOPEZ, ELISA\/ARRIETA OLMEDO, LOLA","codart":"842772819","libros-coleccion":"Libros de Espiritualidad","ediciones":"1","encuadernacion":"Carpeta","fecha_de_publicacion":"01\/03\/2021","novedad":"1","paginas":"228","subtitulo":"","orden":"0","portada":"0","idioma":"spa","autores-libros":[{"ID":162413,"post_author":"3","post_date":"2022-10-14 17:30:49","post_date_gmt":"2022-10-14 15:30:49","post_content":"","post_title":"LOLA ARRIETA OLMEDO","post_excerpt":"","post_status":"publish","comment_status":"closed","ping_status":"closed","post_password":"","post_name":"lola-arrieta-olmedo","to_ping":"","pinged":"","post_modified":"2022-10-14 17:30:49","post_modified_gmt":"2022-10-14 15:30:49","post_content_filtered":"","post_parent":0,"guid":"http:\/\/dev.claret.cat\/autor\/lola-arrieta-olmedo\/","menu_order":0,"post_type":"autor","post_mime_type":"","comment_count":"0","filter":"raw"},{"ID":154793,"post_author":"3","post_date":"2022-10-14 15:07:41","post_date_gmt":"2022-10-14 13:07:41","post_content":"","post_title":"ELISA EST\u00c9VEZ L\u00d3PEZ","post_excerpt":"","post_status":"publish","comment_status":"closed","ping_status":"closed","post_password":"","post_name":"elisa-estevez-lopez","to_ping":"","pinged":"","post_modified":"2022-10-14 15:07:41","post_modified_gmt":"2022-10-14 13:07:41","post_content_filtered":"","post_parent":0,"guid":"http:\/\/dev.claret.cat\/autor\/elisa-estevez-lopez\/","menu_order":0,"post_type":"autor","post_mime_type":"","comment_count":"0","filter":"raw"}]},"aioseo_notices":[],"_links":{"self":[{"href":"https:\/\/www.claret.cat\/es\/wp-json\/wp\/v2\/product\/93028","targetHints":{"allow":["GET"]}}],"collection":[{"href":"https:\/\/www.claret.cat\/es\/wp-json\/wp\/v2\/product"}],"about":[{"href":"https:\/\/www.claret.cat\/es\/wp-json\/wp\/v2\/types\/product"}],"wp:featuredmedia":[{"embeddable":true,"href":"https:\/\/www.claret.cat\/es\/wp-json\/wp\/v2\/media\/93029"}],"wp:attachment":[{"href":"https:\/\/www.claret.cat\/es\/wp-json\/wp\/v2\/media?parent=93028"}],"wp:term":[{"taxonomy":"product_brand","embeddable":true,"href":"https:\/\/www.claret.cat\/es\/wp-json\/wp\/v2\/product_brand?post=93028"},{"taxonomy":"product_cat","embeddable":true,"href":"https:\/\/www.claret.cat\/es\/wp-json\/wp\/v2\/product_cat?post=93028"},{"taxonomy":"product_tag","embeddable":true,"href":"https:\/\/www.claret.cat\/es\/wp-json\/wp\/v2\/product_tag?post=93028"}],"curies":[{"name":"wp","href":"https:\/\/api.w.org\/{rel}","templated":true}]}}