{"id":93061,"date":"2022-10-11T21:45:13","date_gmt":"2022-10-11T19:45:13","guid":{"rendered":"http:\/\/dev.claret.cat\/producte\/la-paz-esta-en-tu-interior\/"},"modified":"2026-02-26T14:45:48","modified_gmt":"2026-02-26T13:45:48","slug":"la-paz-esta-en-tu-interior-9788408237013","status":"publish","type":"product","link":"https:\/\/www.claret.cat\/es\/libro\/la-paz-esta-en-tu-interior-9788408237013\/","title":{"rendered":"LA PAZ EST\u00c1 EN TU INTERIOR"},"content":{"rendered":"<p>En sus viajes por su pa\u00eds y el mundo, el maestro zen Thich Nhat Hanh observ\u00f3 una creciente infelicidad entre las personas que iba conociendo. El ritmo desenfrenado de nuestras vidas cotidianas erosiona nuestra salud y bienestar. En respuesta, el c\u00e9lebre maestro se sent\u00f3 a escribir La paz est\u00e1 en tu interior, un libro que hace accesibles a todos las ense\u00f1anzas esenciales del Buda. Thich Nhat Hanh nos muestra c\u00f3mo podemos trascender la prisa febril de nuestros d\u00edas y descubrir en el aqu\u00ed y el ahora nuestra capacidad innata de experimentar la paz y felicidad interior<br \/> Con la caligraf\u00eda original de Thich Nhat Hanh, La paz est\u00e1 en tu interior es un libro oportuno, lleno de sabidur\u00eda atemporal y consejos pr\u00e1cticos.<\/p>\n","protected":false},"excerpt":{"rendered":"<p>HANH, THICH NHAT<\/p>\n","protected":false},"featured_media":274609,"template":"","meta":{"_acf_changed":false,"om_disable_all_campaigns":false,"rs_blank_template":"","rs_page_bg_color":"","slide_template_v7":"","inline_featured_image":false,"_monsterinsights_skip_tracking":false,"_monsterinsights_sitenote_active":false,"_monsterinsights_sitenote_note":"","_monsterinsights_sitenote_category":0},"product_brand":[],"product_cat":[90,540],"product_tag":[],"class_list":{"0":"post-93061","1":"product","2":"type-product","3":"status-publish","4":"has-post-thumbnail","6":"product_cat-altres","7":"product_cat-otros","9":"first","10":"instock","11":"taxable","12":"shipping-taxable","13":"purchasable","14":"product-type-simple"},"acf":{"editorial":[{"ID":6233,"post_author":"3","post_date":"2022-07-28 17:47:48","post_date_gmt":"2022-07-28 15:47:48","post_content":"","post_title":"EDITORIAL PLANETA","post_excerpt":"","post_status":"publish","comment_status":"closed","ping_status":"closed","post_password":"","post_name":"editorial-planeta","to_ping":"","pinged":"","post_modified":"2022-07-28 17:47:48","post_modified_gmt":"2022-07-28 15:47:48","post_content_filtered":"","post_parent":0,"guid":"http:\/\/dev.claret.cat\/editorial\/editorial-planeta\/","menu_order":0,"post_type":"editorial","post_mime_type":"","comment_count":"0","filter":"raw"}],"autores-libros":[{"ID":170313,"post_author":"3","post_date":"2022-10-14 22:34:19","post_date_gmt":"2022-10-14 20:34:19","post_content":"","post_title":"THICH NHAT HANH","post_excerpt":"","post_status":"publish","comment_status":"closed","ping_status":"closed","post_password":"","post_name":"thich-nhat-hanh-3","to_ping":"","pinged":"","post_modified":"2022-10-14 22:34:19","post_modified_gmt":"2022-10-14 20:34:19","post_content_filtered":"","post_parent":0,"guid":"http:\/\/dev.claret.cat\/autor\/thich-nhat-hanh-3\/","menu_order":0,"post_type":"autor","post_mime_type":"","comment_count":"0","filter":"raw"}],"autor":"HANH, THICH NHAT","codart":"840823701","libros-coleccion":"Biblioteca Thich Nhat Hanh","ediciones":"1","encuadernacion":"R\u00fastica","fecha_de_publicacion":"01\/03\/2021","novedad":"1","paginas":"141","subtitulo":"PR\u00c1CTICAS DIARIAS DE MINDFULNESS","orden":"0","portada":"0","idioma":"spa","booktrailer":"","resenas":""},"aioseo_notices":[],"_links":{"self":[{"href":"https:\/\/www.claret.cat\/es\/wp-json\/wp\/v2\/product\/93061","targetHints":{"allow":["GET"]}}],"collection":[{"href":"https:\/\/www.claret.cat\/es\/wp-json\/wp\/v2\/product"}],"about":[{"href":"https:\/\/www.claret.cat\/es\/wp-json\/wp\/v2\/types\/product"}],"wp:featuredmedia":[{"embeddable":true,"href":"https:\/\/www.claret.cat\/es\/wp-json\/wp\/v2\/media\/274609"}],"wp:attachment":[{"href":"https:\/\/www.claret.cat\/es\/wp-json\/wp\/v2\/media?parent=93061"}],"wp:term":[{"taxonomy":"product_brand","embeddable":true,"href":"https:\/\/www.claret.cat\/es\/wp-json\/wp\/v2\/product_brand?post=93061"},{"taxonomy":"product_cat","embeddable":true,"href":"https:\/\/www.claret.cat\/es\/wp-json\/wp\/v2\/product_cat?post=93061"},{"taxonomy":"product_tag","embeddable":true,"href":"https:\/\/www.claret.cat\/es\/wp-json\/wp\/v2\/product_tag?post=93061"}],"curies":[{"name":"wp","href":"https:\/\/api.w.org\/{rel}","templated":true}]}}