{"id":93064,"date":"2022-10-11T21:45:15","date_gmt":"2022-10-11T19:45:15","guid":{"rendered":"http:\/\/dev.claret.cat\/producte\/dioses-y-mendigos\/"},"modified":"2023-01-28T19:04:10","modified_gmt":"2023-01-28T18:04:10","slug":"dioses-y-mendigos-9788491992783","status":"publish","type":"product","link":"https:\/\/www.claret.cat\/es\/libro\/dioses-y-mendigos-9788491992783\/","title":{"rendered":"DIOSES Y MENDIGOS"},"content":{"rendered":"<p>Necesitamos saber qui\u00e9nes somos y de d\u00f3nde venimos para entender las luces y sombras de nuestro presente y, sobre todo, para aproximarnos a las\u00a0teor\u00edas y conjeturas sobre un futuro incierto, marcado por una tecnolog\u00eda cuyo progreso exponencial escapa a menudo a nuestra completa comprensi\u00f3n y al particular ritmo de los cambios biol\u00f3gicos. Dioses y mendigos\u00a0nos propone un fascinante viaje para revisitar nuestros or\u00edgenes como especie, penetrar en los enigmas del cerebro y la gen\u00e9tica y redescubrir el papel central de la cultura en la historia de la Humanidad.<br \/> Somos una forma de vida muy particular, con una enorme inteligencia y, al mismo tiempo, con una may\u00fascula fragilidad. La primera, impulsada por los cambios gen\u00f3micos y la selecci\u00f3n natural, nos ha permitido expandirnos y someter a nuestros designios ecosistemas y especies. Sin embargo, esta misma preeminencia nos aproxima al colapso en forma de emergencia clim\u00e1tica, agotamiento de recursos y la consecuente extinci\u00f3n o transhumanismo. Para conjurar esta incertidumbre, Jos\u00e9 Mar\u00eda Berm\u00fadez de Castro plantea renovar nuestra apuesta por la ciencia y el conocimiento, consciente que la evoluci\u00f3n sigue en marcha.\u00a0Conocer\u00a0nuestra naturaleza es una imperiosa necesidad, m\u00e1s a\u00fan cuando nos hemos alejado demasiado de la realidad a la que pertenecemos y olvidado que formamos parte de la biodiversidad y estamos sometidos a sus leyes.<\/p>\n","protected":false},"excerpt":{"rendered":"<p>BERM\u00daDEZ DE CASTRO, JOS\u00c9 MAR\u00cdA<\/p>\n","protected":false},"featured_media":93065,"template":"","meta":{"_acf_changed":false,"om_disable_all_campaigns":false,"rs_blank_template":"","rs_page_bg_color":"","slide_template_v7":"","inline_featured_image":false,"_monsterinsights_skip_tracking":false,"_monsterinsights_sitenote_active":false,"_monsterinsights_sitenote_note":"","_monsterinsights_sitenote_category":0},"product_brand":[],"product_cat":[148],"product_tag":[],"class_list":{"0":"post-93064","1":"product","2":"type-product","3":"status-publish","4":"has-post-thumbnail","6":"product_cat-antiga","8":"first","9":"instock","10":"taxable","11":"shipping-taxable","12":"purchasable","13":"product-type-simple"},"acf":{"editorial":[{"ID":6174,"post_author":"3","post_date":"2022-07-28 17:46:29","post_date_gmt":"2022-07-28 15:46:29","post_content":"","post_title":"CRITICA","post_excerpt":"","post_status":"publish","comment_status":"closed","ping_status":"closed","post_password":"","post_name":"critica","to_ping":"","pinged":"","post_modified":"2022-07-28 17:46:29","post_modified_gmt":"2022-07-28 15:46:29","post_content_filtered":"","post_parent":0,"guid":"http:\/\/dev.claret.cat\/editorial\/critica\/","menu_order":0,"post_type":"editorial","post_mime_type":"","comment_count":"0","filter":"raw"}],"autor":"BERM\u00daDEZ DE CASTRO, JOS\u00c9 MAR\u00cdA","codart":"849199278","libros-coleccion":"Drakontos","ediciones":"1","encuadernacion":"Carton\u00e9","fecha_de_publicacion":"01\/03\/2021","novedad":"1","paginas":"448","subtitulo":"LA GRAN ODISEA DE LA EVOLUCI\u00d3N HUMANA","orden":"0","portada":"0","idioma":"spa","autores-libros":[{"ID":160444,"post_author":"3","post_date":"2022-10-14 15:53:07","post_date_gmt":"2022-10-14 13:53:07","post_content":"","post_title":"JOSE MARIA BERMUDEZ DE CASTRO","post_excerpt":"","post_status":"publish","comment_status":"closed","ping_status":"closed","post_password":"","post_name":"jose-maria-bermudez-de-castro","to_ping":"","pinged":"","post_modified":"2022-10-14 15:53:07","post_modified_gmt":"2022-10-14 13:53:07","post_content_filtered":"","post_parent":0,"guid":"http:\/\/dev.claret.cat\/autor\/jose-maria-bermudez-de-castro\/","menu_order":0,"post_type":"autor","post_mime_type":"","comment_count":"0","filter":"raw"}]},"aioseo_notices":[],"_links":{"self":[{"href":"https:\/\/www.claret.cat\/es\/wp-json\/wp\/v2\/product\/93064","targetHints":{"allow":["GET"]}}],"collection":[{"href":"https:\/\/www.claret.cat\/es\/wp-json\/wp\/v2\/product"}],"about":[{"href":"https:\/\/www.claret.cat\/es\/wp-json\/wp\/v2\/types\/product"}],"wp:featuredmedia":[{"embeddable":true,"href":"https:\/\/www.claret.cat\/es\/wp-json\/wp\/v2\/media\/93065"}],"wp:attachment":[{"href":"https:\/\/www.claret.cat\/es\/wp-json\/wp\/v2\/media?parent=93064"}],"wp:term":[{"taxonomy":"product_brand","embeddable":true,"href":"https:\/\/www.claret.cat\/es\/wp-json\/wp\/v2\/product_brand?post=93064"},{"taxonomy":"product_cat","embeddable":true,"href":"https:\/\/www.claret.cat\/es\/wp-json\/wp\/v2\/product_cat?post=93064"},{"taxonomy":"product_tag","embeddable":true,"href":"https:\/\/www.claret.cat\/es\/wp-json\/wp\/v2\/product_tag?post=93064"}],"curies":[{"name":"wp","href":"https:\/\/api.w.org\/{rel}","templated":true}]}}