{"id":93133,"date":"2022-10-11T21:46:15","date_gmt":"2022-10-11T19:46:15","guid":{"rendered":"http:\/\/dev.claret.cat\/producte\/al-otro-lado-2\/"},"modified":"2023-01-28T13:00:41","modified_gmt":"2023-01-28T12:00:41","slug":"al-otro-lado-9788417440848","status":"publish","type":"product","link":"https:\/\/www.claret.cat\/es\/libro\/al-otro-lado-9788417440848\/","title":{"rendered":"AL OTRO LADO"},"content":{"rendered":"<p>CONTRACUBIERTA<br \/> Hoy Juan Jos\u00e9 no tiene nada que hacer porque el cable de la tirolina se rompi\u00f3, el cable en el que se sube cada d\u00eda para ir a la escuela, al otro lado del r\u00edo, desde que una crecida se llev\u00f3 el puente.<br \/> Juan Jos\u00e9 cierra los ojos, pero sigue despierto, porque quiere so\u00f1ar, y es que ha aprendido a so\u00f1ar despierto, porque despierto uno sabe lo que sue\u00f1a, uno puede so\u00f1ar lo que quiere y no lo que quieren los sue\u00f1os, o el miedo, o el trasnocho.<br \/> Inspirado en una historia real de Venezuela, este \u00e1lbum nos invita a reflexionar sobre la riqueza y la pobreza, la burla y la superaci\u00f3n, la capacidad de so\u00f1ar despierto y de celebrar.<\/p>\n","protected":false},"excerpt":{"rendered":"<p>FALC\u00d3N MALDONADO, CRISTINA<\/p>\n","protected":false},"featured_media":93134,"template":"","meta":{"_acf_changed":false,"om_disable_all_campaigns":false,"rs_blank_template":"","rs_page_bg_color":"","slide_template_v7":"","inline_featured_image":false,"_monsterinsights_skip_tracking":false,"_monsterinsights_sitenote_active":false,"_monsterinsights_sitenote_note":"","_monsterinsights_sitenote_category":0},"product_brand":[],"product_cat":[131],"product_tag":[],"class_list":{"0":"post-93133","1":"product","2":"type-product","3":"status-publish","4":"has-post-thumbnail","6":"product_cat-contes-per-infants-0-6-anys","8":"first","9":"instock","10":"taxable","11":"shipping-taxable","12":"purchasable","13":"product-type-simple"},"acf":{"editorial":[{"ID":6116,"post_author":"3","post_date":"2022-07-28 17:45:14","post_date_gmt":"2022-07-28 15:45:14","post_content":"","post_title":"Akiara Books","post_excerpt":"","post_status":"publish","comment_status":"closed","ping_status":"closed","post_password":"","post_name":"akiara-books","to_ping":"","pinged":"","post_modified":"2022-07-28 17:45:14","post_modified_gmt":"2022-07-28 15:45:14","post_content_filtered":"","post_parent":0,"guid":"http:\/\/dev.claret.cat\/editorial\/akiara-books\/","menu_order":0,"post_type":"editorial","post_mime_type":"","comment_count":"0","filter":"raw"}],"autor":"FALC\u00d3N MALDONADO, CRISTINA","codart":"841744084","libros-coleccion":"Akialbum","ediciones":"1","encuadernacion":"Carton\u00e9","fecha_de_publicacion":"01\/03\/2021","novedad":"1","paginas":"45","subtitulo":"","orden":"0","portada":"0","idioma":"spa","autores-libros":[{"ID":153344,"post_author":"3","post_date":"2022-10-14 14:56:01","post_date_gmt":"2022-10-14 12:56:01","post_content":"","post_title":"CRISTINA FALCON MALDONADO","post_excerpt":"","post_status":"publish","comment_status":"closed","ping_status":"closed","post_password":"","post_name":"cristina-falcon-maldonado","to_ping":"","pinged":"","post_modified":"2022-10-14 14:56:01","post_modified_gmt":"2022-10-14 12:56:01","post_content_filtered":"","post_parent":0,"guid":"http:\/\/dev.claret.cat\/autor\/cristina-falcon-maldonado\/","menu_order":0,"post_type":"autor","post_mime_type":"","comment_count":"0","filter":"raw"}]},"aioseo_notices":[],"_links":{"self":[{"href":"https:\/\/www.claret.cat\/es\/wp-json\/wp\/v2\/product\/93133","targetHints":{"allow":["GET"]}}],"collection":[{"href":"https:\/\/www.claret.cat\/es\/wp-json\/wp\/v2\/product"}],"about":[{"href":"https:\/\/www.claret.cat\/es\/wp-json\/wp\/v2\/types\/product"}],"wp:featuredmedia":[{"embeddable":true,"href":"https:\/\/www.claret.cat\/es\/wp-json\/wp\/v2\/media\/93134"}],"wp:attachment":[{"href":"https:\/\/www.claret.cat\/es\/wp-json\/wp\/v2\/media?parent=93133"}],"wp:term":[{"taxonomy":"product_brand","embeddable":true,"href":"https:\/\/www.claret.cat\/es\/wp-json\/wp\/v2\/product_brand?post=93133"},{"taxonomy":"product_cat","embeddable":true,"href":"https:\/\/www.claret.cat\/es\/wp-json\/wp\/v2\/product_cat?post=93133"},{"taxonomy":"product_tag","embeddable":true,"href":"https:\/\/www.claret.cat\/es\/wp-json\/wp\/v2\/product_tag?post=93133"}],"curies":[{"name":"wp","href":"https:\/\/api.w.org\/{rel}","templated":true}]}}