{"id":93181,"date":"2022-10-11T21:46:58","date_gmt":"2022-10-11T19:46:58","guid":{"rendered":"http:\/\/dev.claret.cat\/producte\/aquesta-puta-tan-distingida\/"},"modified":"2026-02-26T14:46:54","modified_gmt":"2026-02-26T13:46:54","slug":"aquesta-puta-tan-distingida-9788473293013","status":"publish","type":"product","link":"https:\/\/www.claret.cat\/es\/libro\/aquesta-puta-tan-distingida-9788473293013\/","title":{"rendered":"AQUESTA PUTA TAN DISTINGIDA"},"content":{"rendered":"<p>El 1982, un escriptor que s?assembla a Mars\u00e9 entrevista un home condemnat a pres\u00f3 l?any 1949 per un assassinat que recorda haver com\u00e8s sense recordar-ne el m\u00f2bil. L?objectiu \u00e9s escriure el gui\u00f3 d?una pel\u00b7l\u00edcula per a un director pertina\u00e7ment antifranquista, tot i que ser\u00e0 produ\u00efda per un manefla de la televisi\u00f3 que converteix la hist\u00f2ria en un porno hist\u00f2ric protagonitzat per una puta cega.<\/p>\n","protected":false},"excerpt":{"rendered":"<p>MARSE, JUAN<\/p>\n","protected":false},"featured_media":93182,"template":"","meta":{"_acf_changed":false,"om_disable_all_campaigns":false,"rs_blank_template":"","rs_page_bg_color":"","slide_template_v7":"","inline_featured_image":false,"_monsterinsights_skip_tracking":false,"_monsterinsights_sitenote_active":false,"_monsterinsights_sitenote_note":"","_monsterinsights_sitenote_category":0},"product_brand":[],"product_cat":[127,357],"product_tag":[],"class_list":{"0":"post-93181","1":"product","2":"type-product","3":"status-publish","4":"has-post-thumbnail","6":"product_cat-novella-contemporania","7":"product_cat-novela-contemporanea","9":"first","10":"instock","11":"taxable","12":"shipping-taxable","13":"purchasable","14":"product-type-simple"},"acf":{"editorial":[{"ID":6163,"post_author":"3","post_date":"2022-07-28 17:46:15","post_date_gmt":"2022-07-28 15:46:15","post_content":"","post_title":"CLUB EDITOR","post_excerpt":"","post_status":"publish","comment_status":"closed","ping_status":"closed","post_password":"","post_name":"club-editor","to_ping":"","pinged":"","post_modified":"2022-07-28 17:46:15","post_modified_gmt":"2022-07-28 15:46:15","post_content_filtered":"","post_parent":0,"guid":"http:\/\/dev.claret.cat\/editorial\/club-editor\/","menu_order":0,"post_type":"editorial","post_mime_type":"","comment_count":"0","filter":"raw"}],"autor":"MARSE, JUAN","codart":"847329301","libros-coleccion":"CLUB DELS NOVEL\u00b7LISTES","ediciones":"1","encuadernacion":"Carpeta","fecha_de_publicacion":"01\/02\/2021","novedad":"1","paginas":"219","subtitulo":"","orden":"0","portada":"0","idioma":"cat","autores-libros":[{"ID":161120,"post_author":"3","post_date":"2022-10-14 17:15:40","post_date_gmt":"2022-10-14 15:15:40","post_content":"","post_title":"JUAN MARSE","post_excerpt":"","post_status":"publish","comment_status":"closed","ping_status":"closed","post_password":"","post_name":"juan-marse","to_ping":"","pinged":"","post_modified":"2022-10-14 17:15:40","post_modified_gmt":"2022-10-14 15:15:40","post_content_filtered":"","post_parent":0,"guid":"http:\/\/dev.claret.cat\/autor\/juan-marse\/","menu_order":0,"post_type":"autor","post_mime_type":"","comment_count":"0","filter":"raw"}],"booktrailer":"","resenas":""},"aioseo_notices":[],"_links":{"self":[{"href":"https:\/\/www.claret.cat\/es\/wp-json\/wp\/v2\/product\/93181","targetHints":{"allow":["GET"]}}],"collection":[{"href":"https:\/\/www.claret.cat\/es\/wp-json\/wp\/v2\/product"}],"about":[{"href":"https:\/\/www.claret.cat\/es\/wp-json\/wp\/v2\/types\/product"}],"wp:featuredmedia":[{"embeddable":true,"href":"https:\/\/www.claret.cat\/es\/wp-json\/wp\/v2\/media\/93182"}],"wp:attachment":[{"href":"https:\/\/www.claret.cat\/es\/wp-json\/wp\/v2\/media?parent=93181"}],"wp:term":[{"taxonomy":"product_brand","embeddable":true,"href":"https:\/\/www.claret.cat\/es\/wp-json\/wp\/v2\/product_brand?post=93181"},{"taxonomy":"product_cat","embeddable":true,"href":"https:\/\/www.claret.cat\/es\/wp-json\/wp\/v2\/product_cat?post=93181"},{"taxonomy":"product_tag","embeddable":true,"href":"https:\/\/www.claret.cat\/es\/wp-json\/wp\/v2\/product_tag?post=93181"}],"curies":[{"name":"wp","href":"https:\/\/api.w.org\/{rel}","templated":true}]}}