{"id":932,"date":"2022-07-27T15:40:03","date_gmt":"2022-07-27T13:40:03","guid":{"rendered":"http:\/\/dev.claret.cat\/producto\/1795-la-germandat-9788475889528\/"},"modified":"2024-01-31T20:34:39","modified_gmt":"2024-01-31T19:34:39","slug":"1795-la-germandat-9788475889528","status":"publish","type":"product","link":"https:\/\/www.claret.cat\/es\/libro\/1795-la-germandat-9788475889528\/","title":{"rendered":"1795. LA GERMANDAT"},"content":{"rendered":"<p>Estocolm 1795. Com un animal ferit, l&#8217;antic traficant d&#8217;esclaus Tycho Ceton ronda per la ciutat, preparant un pla per recuperar el que que li van prendre. Per\u00f2 el mal no t\u00e9 l\u00edmits, i la seva venjan\u00e7a pot provocar el caos m\u00e9s espectacular i terrible que ning\u00fa hagi vist mai a l&#8217;enfollida ciutat d&#8217;Estocolm.<br \/>L&#8217;Emil Winge est\u00e0 decidit a aturar-lo. I sap massa b\u00e9 que la seva cacera cada dia que passa t\u00e9 menys suport. El poder, sempre desconfiat, t\u00e9 altres coses m\u00e9s importants de qu\u00e8 ocupar-se, i el seu company de fatigues Mickel Cardell est\u00e0 obsedit per la seva pr\u00f2pia recerca de l&#8217;Anna Stina Knapp, desapareguda des de la mort dels seus fills.<\/p>\n<p> \u201cNiklas Natt och Dag ha creat una trilogia \u00fanica, que \u00e9s alhora un poder\u00f3s retrat hist\u00f2ric i un thriller detectivesc ple de sang.\u201d Dagens Nyheter, Sweden<\/p>\n","protected":false},"excerpt":{"rendered":"<p>NATT OCH DAG, NIKLAS<\/p>\n","protected":false},"featured_media":53599,"template":"","meta":{"_acf_changed":false,"om_disable_all_campaigns":false,"rs_blank_template":"","rs_page_bg_color":"","slide_template_v7":"","inline_featured_image":false,"_monsterinsights_skip_tracking":false,"_monsterinsights_sitenote_active":false,"_monsterinsights_sitenote_note":"","_monsterinsights_sitenote_category":0},"product_brand":[],"product_cat":[130,360],"product_tag":[],"class_list":{"0":"post-932","1":"product","2":"type-product","3":"status-publish","4":"has-post-thumbnail","6":"product_cat-novella-historica-i-ficcio","7":"product_cat-novela-historica-y-ficcion","9":"first","10":"instock","11":"taxable","12":"shipping-taxable","13":"purchasable","14":"product-type-simple"},"acf":{"autor":"NATT OCH DAG, NIKLAS","codart":"847588952","ediciones":"1","encuadernacion":"R\u00fastica","fecha_de_publicacion":"01\/06\/2022","novedad":"1","paginas":"464","subtitulo":"","orden":"0","portada":"0","idioma":"cat","libros-coleccion":"A TOT VENT","autores-libros":[{"ID":5892,"post_author":"3","post_date":"2022-07-28 17:33:44","post_date_gmt":"2022-07-28 15:33:44","post_content":"","post_title":"NIKLAS NATT OCH DAG","post_excerpt":"","post_status":"publish","comment_status":"closed","ping_status":"closed","post_password":"","post_name":"niklas-natt-och-dag","to_ping":"","pinged":"","post_modified":"2022-07-28 17:33:44","post_modified_gmt":"2022-07-28 15:33:44","post_content_filtered":"","post_parent":0,"guid":"http:\/\/dev.claret.cat\/autor\/niklas-natt-och-dag\/","menu_order":0,"post_type":"autor","post_mime_type":"","comment_count":"0","filter":"raw"}],"editorial":[{"ID":6336,"post_author":"3","post_date":"2022-07-28 17:50:00","post_date_gmt":"2022-07-28 15:50:00","post_content":"","post_title":"Proa","post_excerpt":"","post_status":"publish","comment_status":"closed","ping_status":"closed","post_password":"","post_name":"proa","to_ping":"","pinged":"","post_modified":"2022-07-28 17:50:00","post_modified_gmt":"2022-07-28 15:50:00","post_content_filtered":"","post_parent":0,"guid":"http:\/\/dev.claret.cat\/editorial\/proa\/","menu_order":0,"post_type":"editorial","post_mime_type":"","comment_count":"0","filter":"raw"}]},"aioseo_notices":[],"_links":{"self":[{"href":"https:\/\/www.claret.cat\/es\/wp-json\/wp\/v2\/product\/932","targetHints":{"allow":["GET"]}}],"collection":[{"href":"https:\/\/www.claret.cat\/es\/wp-json\/wp\/v2\/product"}],"about":[{"href":"https:\/\/www.claret.cat\/es\/wp-json\/wp\/v2\/types\/product"}],"wp:featuredmedia":[{"embeddable":true,"href":"https:\/\/www.claret.cat\/es\/wp-json\/wp\/v2\/media\/53599"}],"wp:attachment":[{"href":"https:\/\/www.claret.cat\/es\/wp-json\/wp\/v2\/media?parent=932"}],"wp:term":[{"taxonomy":"product_brand","embeddable":true,"href":"https:\/\/www.claret.cat\/es\/wp-json\/wp\/v2\/product_brand?post=932"},{"taxonomy":"product_cat","embeddable":true,"href":"https:\/\/www.claret.cat\/es\/wp-json\/wp\/v2\/product_cat?post=932"},{"taxonomy":"product_tag","embeddable":true,"href":"https:\/\/www.claret.cat\/es\/wp-json\/wp\/v2\/product_tag?post=932"}],"curies":[{"name":"wp","href":"https:\/\/api.w.org\/{rel}","templated":true}]}}