{"id":93202,"date":"2022-10-11T21:47:16","date_gmt":"2022-10-11T19:47:16","guid":{"rendered":"http:\/\/dev.claret.cat\/producte\/escrivim-el-futur-amb-tinta-lila\/"},"modified":"2024-01-31T21:14:03","modified_gmt":"2024-01-31T20:14:03","slug":"escrivim-el-futur-amb-tinta-lila-9788497103138","status":"publish","type":"product","link":"https:\/\/www.claret.cat\/es\/libro\/escrivim-el-futur-amb-tinta-lila-9788497103138\/","title":{"rendered":"ESCRIVIM EL FUTUR AMB TINTA LILA"},"content":{"rendered":"<p>\u00abUna part d&#8217;aquest llibre tracta del que hem anat aconseguint a la pres\u00f3, i l&#8221;origen d&#8217;algun d&#8217;aquests canvis prov\u00e9 d&#8217;aquest bol\u00edgraf i del motiu pel qual el faig servir\u00bb.<br \/> La sent\u00e8ncia del Tribunal Suprem n\u00famero 459\/2019 va condemnar Carme Forcadell, presidenta del Parlament de Catalunya durant la legislatura 2015-2018, a onze anys i mig de pres\u00f3 i d&#8217;inhabilitaci\u00f3 pels fets de l&#8217;1 d&#8217;octubre.<br \/> Carme Forcadell parla de la seva experi\u00e8ncia com a presa pol\u00edtica, i ho fa contant la hist\u00f2ria del bol\u00edgraf de tinta lila, un bol\u00edgraf que s&#8217;ha convertit en un s\u00edmbol feminista. Forcadell treballa des del feminisme en un entorn de dones doblement v\u00edctimes i explica uns fets colpidors, tant de les vides de les dones que s&#8217;ha trobat com de tot el que han aconseguit fer juntes. El llibre acaba amb un corol\u00b7lari de tot el que ha apr\u00e8s (i no ha volgut aprendre) a la pres\u00f3.<\/p>\n<p> El llibre portar\u00e0 un bol\u00edgraf lila de regal, s\u00edmbol de la seva lluita feminista a la pres\u00f3.<\/p>\n","protected":false},"excerpt":{"rendered":"<p>FORCADELL, CARME<\/p>\n","protected":false},"featured_media":93203,"template":"","meta":{"_acf_changed":false,"om_disable_all_campaigns":false,"rs_blank_template":"","rs_page_bg_color":"","slide_template_v7":"","inline_featured_image":false,"_monsterinsights_skip_tracking":false,"_monsterinsights_sitenote_active":false,"_monsterinsights_sitenote_note":"","_monsterinsights_sitenote_category":0},"product_brand":[],"product_cat":[434,159,372,164],"product_tag":[],"class_list":{"0":"post-93202","1":"product","2":"type-product","3":"status-publish","4":"has-post-thumbnail","6":"product_cat-autores-sociologia-2_humanidades","7":"product_cat-autors","8":"product_cat-derechos-humanos","9":"product_cat-drets-humans","11":"first","12":"instock","13":"taxable","14":"shipping-taxable","15":"purchasable","16":"product-type-simple"},"acf":{"editorial":[{"ID":6181,"post_author":"3","post_date":"2022-07-28 17:46:38","post_date_gmt":"2022-07-28 15:46:38","post_content":"","post_title":"Destino CAT","post_excerpt":"","post_status":"publish","comment_status":"closed","ping_status":"closed","post_password":"","post_name":"destino-cat","to_ping":"","pinged":"","post_modified":"2022-07-28 17:46:38","post_modified_gmt":"2022-07-28 15:46:38","post_content_filtered":"","post_parent":0,"guid":"http:\/\/dev.claret.cat\/editorial\/destino-cat\/","menu_order":0,"post_type":"editorial","post_mime_type":"","comment_count":"0","filter":"raw"}],"autor":"FORCADELL, CARME","codart":"849710313","libros-coleccion":"FORA DE COL.LECCI\u00d3","ediciones":"1","encuadernacion":"R\u00fastica","fecha_de_publicacion":"01\/03\/2021","novedad":"1","paginas":"144","subtitulo":"","orden":"0","portada":"0","idioma":"cat","autores-libros":[{"ID":152359,"post_author":"3","post_date":"2022-10-14 14:48:08","post_date_gmt":"2022-10-14 12:48:08","post_content":"","post_title":"CARME FORCADELL","post_excerpt":"","post_status":"publish","comment_status":"closed","ping_status":"closed","post_password":"","post_name":"carme-forcadell","to_ping":"","pinged":"","post_modified":"2022-10-14 14:48:08","post_modified_gmt":"2022-10-14 12:48:08","post_content_filtered":"","post_parent":0,"guid":"http:\/\/dev.claret.cat\/autor\/carme-forcadell\/","menu_order":0,"post_type":"autor","post_mime_type":"","comment_count":"0","filter":"raw"}]},"aioseo_notices":[],"_links":{"self":[{"href":"https:\/\/www.claret.cat\/es\/wp-json\/wp\/v2\/product\/93202","targetHints":{"allow":["GET"]}}],"collection":[{"href":"https:\/\/www.claret.cat\/es\/wp-json\/wp\/v2\/product"}],"about":[{"href":"https:\/\/www.claret.cat\/es\/wp-json\/wp\/v2\/types\/product"}],"wp:featuredmedia":[{"embeddable":true,"href":"https:\/\/www.claret.cat\/es\/wp-json\/wp\/v2\/media\/93203"}],"wp:attachment":[{"href":"https:\/\/www.claret.cat\/es\/wp-json\/wp\/v2\/media?parent=93202"}],"wp:term":[{"taxonomy":"product_brand","embeddable":true,"href":"https:\/\/www.claret.cat\/es\/wp-json\/wp\/v2\/product_brand?post=93202"},{"taxonomy":"product_cat","embeddable":true,"href":"https:\/\/www.claret.cat\/es\/wp-json\/wp\/v2\/product_cat?post=93202"},{"taxonomy":"product_tag","embeddable":true,"href":"https:\/\/www.claret.cat\/es\/wp-json\/wp\/v2\/product_tag?post=93202"}],"curies":[{"name":"wp","href":"https:\/\/api.w.org\/{rel}","templated":true}]}}