{"id":93241,"date":"2022-10-11T21:47:48","date_gmt":"2022-10-11T19:47:48","guid":{"rendered":"http:\/\/dev.claret.cat\/producte\/fill-la-vida-es-un-regal\/"},"modified":"2023-01-28T19:13:27","modified_gmt":"2023-01-28T18:13:27","slug":"fill-la-vida-es-un-regal-9788418054006","status":"publish","type":"product","link":"https:\/\/www.claret.cat\/es\/libro\/fill-la-vida-es-un-regal-9788418054006\/","title":{"rendered":"FILL, LA VIDA \u00c9S UN REGAL"},"content":{"rendered":"<p>El conte que ens ensenya a ser feli\u00e7os disfrutant del regal de la vida.  Un nou llibre dels autors de Mama, tinc un monstre al cap, creat i dibuixat per nens! Un nou llibre del autors de MAMA, TINC UN MONSTRE AL CAP, on aprenien a gestionar els pensaments negatius, i de PAPA, VULL TENIR  SORT, on entenien que la sort va sempre acompanyada de l&#8221;esfor\u00e7 i la const\u00e0ncia. Tom i el seu amic extraterrestre emprenen un viatge inoblidable. Es  topen amb estranys planetes i descobreixen com els seus peculiars  habitants accepten diverses situacions, gaudeixen del moment i aprenen a comprendre&#8221;s i a ajudar-se entre ells. Un entranyable conte creat  dibuixat per  GABRIEL &amp; ADRI\u00c1N, dos nens que  mitjan\u00e7ant el seus llibres transmeten valors tan importants com la  gratitud pel que tenim, i alhora, ens mostren la import\u00e0ncia de saber apreciar cada petit detall i l&#8221;actitud de ser feli\u00e7os. Tots els nens i els adults som en Tom en alguna ocasi\u00f3, nom\u00e9s  necessitem que alg\u00fa ens mostri altres formes de veure el m\u00f3n. Ens acompanyes en aquest viatge?<\/p>\n","protected":false},"excerpt":{"rendered":"<p>GABRIEL &#038; ADRI\u00c1N,<\/p>\n","protected":false},"featured_media":93242,"template":"","meta":{"_acf_changed":false,"om_disable_all_campaigns":false,"rs_blank_template":"","rs_page_bg_color":"","slide_template_v7":"","inline_featured_image":false,"_monsterinsights_skip_tracking":false,"_monsterinsights_sitenote_active":false,"_monsterinsights_sitenote_note":"","_monsterinsights_sitenote_category":0},"product_brand":[],"product_cat":[16],"product_tag":[],"class_list":{"0":"post-93241","1":"product","2":"type-product","3":"status-publish","4":"has-post-thumbnail","6":"product_cat-sense-categoria","8":"first","9":"instock","10":"taxable","11":"shipping-taxable","12":"purchasable","13":"product-type-simple"},"acf":{"editorial":[{"ID":6136,"post_author":"3","post_date":"2022-07-28 17:45:39","post_date_gmt":"2022-07-28 15:45:39","post_content":"","post_title":"B de Blok (Ediciones B)","post_excerpt":"","post_status":"publish","comment_status":"closed","ping_status":"closed","post_password":"","post_name":"b-de-blok-ediciones-b","to_ping":"","pinged":"","post_modified":"2022-07-28 17:45:39","post_modified_gmt":"2022-07-28 15:45:39","post_content_filtered":"","post_parent":0,"guid":"http:\/\/dev.claret.cat\/editorial\/b-de-blok-ediciones-b\/","menu_order":0,"post_type":"editorial","post_mime_type":"","comment_count":"0","filter":"raw"}],"autor":"GABRIEL & ADRI\u00c1N,","codart":"841805400","libros-coleccion":"B DE BLOK","ediciones":"1","encuadernacion":"Carton\u00e9","fecha_de_publicacion":"01\/03\/2021","novedad":"1","paginas":"64","subtitulo":"","orden":"0","portada":"0","idioma":"cat","autores-libros":[{"ID":156504,"post_author":"3","post_date":"2022-10-14 15:21:20","post_date_gmt":"2022-10-14 13:21:20","post_content":"","post_title":"GABRIEL & ADRI\u00c1N","post_excerpt":"","post_status":"publish","comment_status":"closed","ping_status":"closed","post_password":"","post_name":"gabriel-adrian","to_ping":"","pinged":"","post_modified":"2022-10-14 15:21:20","post_modified_gmt":"2022-10-14 13:21:20","post_content_filtered":"","post_parent":0,"guid":"http:\/\/dev.claret.cat\/autor\/gabriel-adrian\/","menu_order":0,"post_type":"autor","post_mime_type":"","comment_count":"0","filter":"raw"}]},"aioseo_notices":[],"_links":{"self":[{"href":"https:\/\/www.claret.cat\/es\/wp-json\/wp\/v2\/product\/93241","targetHints":{"allow":["GET"]}}],"collection":[{"href":"https:\/\/www.claret.cat\/es\/wp-json\/wp\/v2\/product"}],"about":[{"href":"https:\/\/www.claret.cat\/es\/wp-json\/wp\/v2\/types\/product"}],"wp:featuredmedia":[{"embeddable":true,"href":"https:\/\/www.claret.cat\/es\/wp-json\/wp\/v2\/media\/93242"}],"wp:attachment":[{"href":"https:\/\/www.claret.cat\/es\/wp-json\/wp\/v2\/media?parent=93241"}],"wp:term":[{"taxonomy":"product_brand","embeddable":true,"href":"https:\/\/www.claret.cat\/es\/wp-json\/wp\/v2\/product_brand?post=93241"},{"taxonomy":"product_cat","embeddable":true,"href":"https:\/\/www.claret.cat\/es\/wp-json\/wp\/v2\/product_cat?post=93241"},{"taxonomy":"product_tag","embeddable":true,"href":"https:\/\/www.claret.cat\/es\/wp-json\/wp\/v2\/product_tag?post=93241"}],"curies":[{"name":"wp","href":"https:\/\/api.w.org\/{rel}","templated":true}]}}