{"id":93328,"date":"2022-10-11T21:49:01","date_gmt":"2022-10-11T19:49:01","guid":{"rendered":"http:\/\/dev.claret.cat\/producte\/seras-el-que-vulguis-ser\/"},"modified":"2024-05-03T11:03:14","modified_gmt":"2024-05-03T09:03:14","slug":"seras-el-que-vulguis-ser-9788418522222","status":"publish","type":"product","link":"https:\/\/www.claret.cat\/es\/libro\/seras-el-que-vulguis-ser-9788418522222\/","title":{"rendered":"SER\u00c0S EL QUE VULGUIS SER"},"content":{"rendered":"<p>En Nico no deixa de rumiar qu\u00e8 ser\u00e0 quan sigui gran. Un dia vol ser infermer i l&#8217;altre decideix que ser\u00e0 astronauta. L&#8217;\u00fanic que t\u00e9 clar \u00e9s que, tal i com li diuen sempre, quan arribi el moment, ser\u00e0 el que vulgui ser.<\/p>\n","protected":false},"excerpt":{"rendered":"<p>ALONSO VILLAR, SANDRA<\/p>\n","protected":false},"featured_media":93329,"template":"","meta":{"_acf_changed":false,"om_disable_all_campaigns":false,"rs_blank_template":"","rs_page_bg_color":"","slide_template_v7":"","inline_featured_image":false,"_monsterinsights_skip_tracking":false,"_monsterinsights_sitenote_active":false,"_monsterinsights_sitenote_note":"","_monsterinsights_sitenote_category":0},"product_brand":[],"product_cat":[132,362],"product_tag":[],"class_list":{"0":"post-93328","1":"product","2":"type-product","3":"status-publish","4":"has-post-thumbnail","6":"product_cat-lectures-per-preadolescents-6-12-anys","7":"product_cat-libros-preadolescentes-6-12-anos","9":"first","10":"instock","11":"taxable","12":"shipping-taxable","13":"purchasable","14":"product-type-simple"},"acf":{"autor":"ALONSO VILLAR, SANDRA","codart":"841852222","libros-coleccion":"Tresors","ediciones":"1","encuadernacion":"Carton\u00e9","fecha_de_publicacion":"01\/03\/2021","novedad":"1","paginas":"32","subtitulo":"","orden":"0","portada":"0","idioma":"cat","editorial":[{"ID":148063,"post_author":"3","post_date":"2022-10-14 11:55:21","post_date_gmt":"2022-10-14 09:55:21","post_content":"","post_title":"EL CEP I LA NANSA EDICIONS","post_excerpt":"","post_status":"publish","comment_status":"closed","ping_status":"closed","post_password":"","post_name":"el-cep-i-la-nansa-edicions","to_ping":"","pinged":"","post_modified":"2022-10-14 11:55:21","post_modified_gmt":"2022-10-14 09:55:21","post_content_filtered":"","post_parent":0,"guid":"http:\/\/dev.claret.cat\/editorial\/el-cep-i-la-nansa-edicions\/","menu_order":0,"post_type":"editorial","post_mime_type":"","comment_count":"0","filter":"raw"}],"autores-libros":[{"ID":168950,"post_author":"3","post_date":"2022-10-14 22:23:15","post_date_gmt":"2022-10-14 20:23:15","post_content":"","post_title":"SANDRA ALONSO VILLAR","post_excerpt":"","post_status":"publish","comment_status":"closed","ping_status":"closed","post_password":"","post_name":"sandra-alonso-villar","to_ping":"","pinged":"","post_modified":"2022-10-14 22:23:15","post_modified_gmt":"2022-10-14 20:23:15","post_content_filtered":"","post_parent":0,"guid":"http:\/\/dev.claret.cat\/autor\/sandra-alonso-villar\/","menu_order":0,"post_type":"autor","post_mime_type":"","comment_count":"0","filter":"raw"}]},"aioseo_notices":[],"_links":{"self":[{"href":"https:\/\/www.claret.cat\/es\/wp-json\/wp\/v2\/product\/93328","targetHints":{"allow":["GET"]}}],"collection":[{"href":"https:\/\/www.claret.cat\/es\/wp-json\/wp\/v2\/product"}],"about":[{"href":"https:\/\/www.claret.cat\/es\/wp-json\/wp\/v2\/types\/product"}],"wp:featuredmedia":[{"embeddable":true,"href":"https:\/\/www.claret.cat\/es\/wp-json\/wp\/v2\/media\/93329"}],"wp:attachment":[{"href":"https:\/\/www.claret.cat\/es\/wp-json\/wp\/v2\/media?parent=93328"}],"wp:term":[{"taxonomy":"product_brand","embeddable":true,"href":"https:\/\/www.claret.cat\/es\/wp-json\/wp\/v2\/product_brand?post=93328"},{"taxonomy":"product_cat","embeddable":true,"href":"https:\/\/www.claret.cat\/es\/wp-json\/wp\/v2\/product_cat?post=93328"},{"taxonomy":"product_tag","embeddable":true,"href":"https:\/\/www.claret.cat\/es\/wp-json\/wp\/v2\/product_tag?post=93328"}],"curies":[{"name":"wp","href":"https:\/\/api.w.org\/{rel}","templated":true}]}}