{"id":93463,"date":"2022-10-11T21:50:52","date_gmt":"2022-10-11T19:50:52","guid":{"rendered":"http:\/\/dev.claret.cat\/producte\/belisarius-magister-militum-imperio-roma\/"},"modified":"2023-07-13T17:00:43","modified_gmt":"2023-07-13T15:00:43","slug":"belisarius-magister-militum-imperio-roma-9788417859299","status":"publish","type":"product","link":"https:\/\/www.claret.cat\/es\/libro\/belisarius-magister-militum-imperio-roma-9788417859299\/","title":{"rendered":"BELISARIUS MAGISTER MILITUM IMPERIO ROMA"},"content":{"rendered":"<p>Belisario, un nombre que resuena en el recuerdo, aunque muy pocos conocen su verdadera historia: la historia del m\u00e1s brillante general del Imperio Romano Oriental en la Antig\u00fcedad Tard\u00eda. Su vida presenta luces y sombras, desde la masacre de civiles en los disturbios de Nika, hasta la reconquista de Cartago y la propia Roma de manos de los b\u00e1rbaros. En esta obra conoceremos las intrigas y conjuras de la corte bizantina en busca del poder, las campa\u00f1as dirigidas por Belisario en Persia, \u00c1frica e Italia, que lo convirtieron en el restaurador de la grandeza romana para mayor gloria del emperador Justiniano y su esposa Teodora. Feroces combates en tres continentes distintos frente a todo tipo de enemigos: persas, godos y v\u00e1ndalos, todos deseosos de probar su val\u00eda frente a la fama atesorada por los herederos de Roma. Su figura alcanz\u00f3 la gloria, pero tambi\u00e9n la miseria.<\/p>\n","protected":false},"excerpt":{"rendered":"<p>SANZ ARTURO S.<\/p>\n","protected":false},"featured_media":451462,"template":"","meta":{"_acf_changed":false,"om_disable_all_campaigns":false,"rs_blank_template":"","rs_page_bg_color":"","slide_template_v7":"","inline_featured_image":false,"_monsterinsights_skip_tracking":false,"_monsterinsights_sitenote_active":false,"_monsterinsights_sitenote_note":"","_monsterinsights_sitenote_category":0},"product_brand":[],"product_cat":[148,367],"product_tag":[],"class_list":{"0":"post-93463","1":"product","2":"type-product","3":"status-publish","4":"has-post-thumbnail","6":"product_cat-antiga","7":"product_cat-antigua","9":"first","10":"instock","11":"taxable","12":"shipping-taxable","13":"purchasable","14":"product-type-simple"},"acf":{"autor":"SANZ ARTURO S.","codart":"841785929","libros-coleccion":"","ediciones":"1","encuadernacion":"R\u00fastica","fecha_de_publicacion":"01\/03\/2021","novedad":"1","paginas":"306","subtitulo":"","orden":"0","portada":"0","idioma":"spa","editorial":[{"ID":148271,"post_author":"3","post_date":"2022-10-14 11:56:57","post_date_gmt":"2022-10-14 09:56:57","post_content":"","post_title":"HRM EDICIONES","post_excerpt":"","post_status":"publish","comment_status":"closed","ping_status":"closed","post_password":"","post_name":"hrm-ediciones","to_ping":"","pinged":"","post_modified":"2022-10-14 11:56:57","post_modified_gmt":"2022-10-14 09:56:57","post_content_filtered":"","post_parent":0,"guid":"http:\/\/dev.claret.cat\/editorial\/hrm-ediciones\/","menu_order":0,"post_type":"editorial","post_mime_type":"","comment_count":"0","filter":"raw"}],"autores-libros":[{"ID":169084,"post_author":"3","post_date":"2022-10-14 22:24:21","post_date_gmt":"2022-10-14 20:24:21","post_content":"","post_title":"SANZ ARTURO S.","post_excerpt":"","post_status":"publish","comment_status":"closed","ping_status":"closed","post_password":"","post_name":"sanz-arturo-s","to_ping":"","pinged":"","post_modified":"2022-10-14 22:24:21","post_modified_gmt":"2022-10-14 20:24:21","post_content_filtered":"","post_parent":0,"guid":"http:\/\/dev.claret.cat\/autor\/sanz-arturo-s\/","menu_order":0,"post_type":"autor","post_mime_type":"","comment_count":"0","filter":"raw"}]},"aioseo_notices":[],"_links":{"self":[{"href":"https:\/\/www.claret.cat\/es\/wp-json\/wp\/v2\/product\/93463","targetHints":{"allow":["GET"]}}],"collection":[{"href":"https:\/\/www.claret.cat\/es\/wp-json\/wp\/v2\/product"}],"about":[{"href":"https:\/\/www.claret.cat\/es\/wp-json\/wp\/v2\/types\/product"}],"wp:featuredmedia":[{"embeddable":true,"href":"https:\/\/www.claret.cat\/es\/wp-json\/wp\/v2\/media\/451462"}],"wp:attachment":[{"href":"https:\/\/www.claret.cat\/es\/wp-json\/wp\/v2\/media?parent=93463"}],"wp:term":[{"taxonomy":"product_brand","embeddable":true,"href":"https:\/\/www.claret.cat\/es\/wp-json\/wp\/v2\/product_brand?post=93463"},{"taxonomy":"product_cat","embeddable":true,"href":"https:\/\/www.claret.cat\/es\/wp-json\/wp\/v2\/product_cat?post=93463"},{"taxonomy":"product_tag","embeddable":true,"href":"https:\/\/www.claret.cat\/es\/wp-json\/wp\/v2\/product_tag?post=93463"}],"curies":[{"name":"wp","href":"https:\/\/api.w.org\/{rel}","templated":true}]}}