{"id":93649,"date":"2022-10-11T21:53:29","date_gmt":"2022-10-11T19:53:29","guid":{"rendered":"http:\/\/dev.claret.cat\/producte\/el-gato-negro-y-otros-relatos-de-terror\/"},"modified":"2023-01-28T11:06:40","modified_gmt":"2023-01-28T10:06:40","slug":"el-gato-negro-y-otros-relatos-de-terror-9788412229325","status":"publish","type":"product","link":"https:\/\/www.claret.cat\/es\/libro\/el-gato-negro-y-otros-relatos-de-terror-9788412229325\/","title":{"rendered":"EL GATO NEGRO Y OTROS RELATOS DE TERROR"},"content":{"rendered":"<p>\u00abNo espero ni solicito que crean el relato muy salvaje, y sin embargo<br \/> muy hogare\u00f1o, que voy a escribir. Estar\u00eda loco si lo esperase, en un caso<br \/> donde hasta mis sentidos rechazan su propia evidencia. Empero, loco<br \/> no estoy, y con gran seguridad puedo decir que no sue\u00f1o.<br \/> Pero ma\u00f1ana morir\u00e9, y hoy aliviar\u00e9 mi alma.\u00bb<br \/> As\u00ed comienza la historia de \u00abEl gato negro\u00bb. En ella \u2014como en \u00abEl pozo<br \/> y el p\u00e9ndulo\u00bb y en \u00abEl entierro prematuro\u00bb, cuentos que conforman esta<br \/> selecci\u00f3n\u2014, lo cotidiano es invadido por una naturaleza oscura y desconcertante. La comprensi\u00f3n racional se revela exigua frente a la potencia<br \/> de lo inveros\u00edmil y a la irrupci\u00f3n del elemento sobrenatural. Los relatos<br \/> aqu\u00ed reunidos est\u00e1n trabajados por una pluma que realza los rasgos m\u00e1s<br \/> atroces y l\u00fagubres.<br \/> Las ilustraciones del c\u00e9lebre artista argentino Luis Scafati exploran los<br \/> juegos de claroscuros en composiciones donde las manchas de tinta se<br \/> confunden con las de sangre, y recrean las atm\u00f3sferas y personajes macabros de las tinieblas del universo de Poe.<\/p>\n","protected":false},"excerpt":{"rendered":"<p>ALLAN POE, EDGAR<\/p>\n","protected":false},"featured_media":93650,"template":"","meta":{"_acf_changed":false,"om_disable_all_campaigns":false,"rs_blank_template":"","rs_page_bg_color":"","slide_template_v7":"","inline_featured_image":false,"_monsterinsights_skip_tracking":false,"_monsterinsights_sitenote_active":false,"_monsterinsights_sitenote_note":"","_monsterinsights_sitenote_category":0},"product_brand":[],"product_cat":[123],"product_tag":[],"class_list":{"0":"post-93649","1":"product","2":"type-product","3":"status-publish","4":"has-post-thumbnail","6":"product_cat-classica","8":"first","9":"instock","10":"taxable","11":"shipping-taxable","12":"purchasable","13":"product-type-simple"},"acf":{"editorial":[{"ID":147388,"post_author":"3","post_date":"2022-10-14 11:50:11","post_date_gmt":"2022-10-14 09:50:11","post_content":"","post_title":"ALBUR PRODUCCIONES EDITORALES","post_excerpt":"","post_status":"publish","comment_status":"closed","ping_status":"closed","post_password":"","post_name":"albur-producciones-editorales","to_ping":"","pinged":"","post_modified":"2022-10-14 11:50:11","post_modified_gmt":"2022-10-14 09:50:11","post_content_filtered":"","post_parent":0,"guid":"http:\/\/dev.claret.cat\/editorial\/albur-producciones-editorales\/","menu_order":0,"post_type":"editorial","post_mime_type":"","comment_count":"0","filter":"raw"}],"autores-libros":[{"ID":154483,"post_author":"3","post_date":"2022-10-14 15:05:10","post_date_gmt":"2022-10-14 13:05:10","post_content":"","post_title":"EDGAR ALLAN POE","post_excerpt":"","post_status":"publish","comment_status":"closed","ping_status":"closed","post_password":"","post_name":"edgar-allan-poe","to_ping":"","pinged":"","post_modified":"2022-10-14 15:05:10","post_modified_gmt":"2022-10-14 13:05:10","post_content_filtered":"","post_parent":0,"guid":"http:\/\/dev.claret.cat\/autor\/edgar-allan-poe\/","menu_order":0,"post_type":"autor","post_mime_type":"","comment_count":"0","filter":"raw"}],"autor":"ALLAN POE, EDGAR","codart":"841222932","libros-coleccion":"FORA DE COL.LECCI\u00d3","ediciones":"1","encuadernacion":"Carton\u00e9","fecha_de_publicacion":"01\/03\/2021","novedad":"1","paginas":"120","subtitulo":"","orden":"0","portada":"0","idioma":"spa"},"aioseo_notices":[],"_links":{"self":[{"href":"https:\/\/www.claret.cat\/es\/wp-json\/wp\/v2\/product\/93649","targetHints":{"allow":["GET"]}}],"collection":[{"href":"https:\/\/www.claret.cat\/es\/wp-json\/wp\/v2\/product"}],"about":[{"href":"https:\/\/www.claret.cat\/es\/wp-json\/wp\/v2\/types\/product"}],"wp:featuredmedia":[{"embeddable":true,"href":"https:\/\/www.claret.cat\/es\/wp-json\/wp\/v2\/media\/93650"}],"wp:attachment":[{"href":"https:\/\/www.claret.cat\/es\/wp-json\/wp\/v2\/media?parent=93649"}],"wp:term":[{"taxonomy":"product_brand","embeddable":true,"href":"https:\/\/www.claret.cat\/es\/wp-json\/wp\/v2\/product_brand?post=93649"},{"taxonomy":"product_cat","embeddable":true,"href":"https:\/\/www.claret.cat\/es\/wp-json\/wp\/v2\/product_cat?post=93649"},{"taxonomy":"product_tag","embeddable":true,"href":"https:\/\/www.claret.cat\/es\/wp-json\/wp\/v2\/product_tag?post=93649"}],"curies":[{"name":"wp","href":"https:\/\/api.w.org\/{rel}","templated":true}]}}