{"id":93752,"date":"2022-10-11T21:55:01","date_gmt":"2022-10-11T19:55:01","guid":{"rendered":"http:\/\/dev.claret.cat\/producte\/cloacas-si-claro\/"},"modified":"2023-01-28T16:10:49","modified_gmt":"2023-01-28T15:10:49","slug":"cloacas-si-claro-9788418417214","status":"publish","type":"product","link":"https:\/\/www.claret.cat\/es\/libro\/cloacas-si-claro-9788418417214\/","title":{"rendered":"\u00bfCLOACAS? S\u00cd, CLARO"},"content":{"rendered":"<p>Desp\u00faes de los exitos de &#8230;Y ah\u00ed lo dejo. Cr\u00f3nica de un proceso y As\u00ed est\u00e1n las cosas, llega \u00bfCloacas? Si, claro, la cr\u00f3nica del tercer a\u00f1o en el caso del Proc\u00e9s y la defensa del exilio.M\u00e1s de 40.000 ejemplares vendidos de los libros de Gonzalo Boye.Son muchos quienes le preguntan a Gonzalo Boye cu\u00e1ndo terminar\u00e1 todo, su respuesta sigue siendo: la verdad, lo desconozco, pero s\u00ed hay algo que tengo claro: a medida que avanzamos, es que se va demostrando que la estrategia fue la correcta, tal vez la \u00fanica viable, y que las t\u00e1cticas, las incidencias y los momentos, no pueden desviarnos del objetivo planteado desde un comienzo.Ahora, cuando tres de sus defendidos son ya eurodiputados \u2013 algo que todos pon\u00edan en duda y que fue fuente de muchas burlas, toca avanzar en la consolidaci\u00f3n de la estrategia legal dise\u00f1ada y, poco a poco, se ir\u00e1n cumpliendo etapas cuyo desarrollo y desenlace se producir\u00e1 en Europa que es hacia d\u00f3nde siempre Gonzalo Boye dijo que hab\u00eda que llevar este caso.Los intentos por impedir que se implemente esta estrategia jur\u00eddica no han sido ni ser\u00e1n pocos y muchas veces se recurrir\u00e1 a m\u00e9todos ilegales, inmorales e impropios de un estado democr\u00e1tico y de derecho para intentar pararnos con el costo personal que ello conllevar\u00e1. Sin embargo, nada de lo que hagan, y que veremos en este a\u00f1o, podr\u00e1 detener algo que es superior a la voluntad pol\u00edtica de quienes no creen en la democracia.De Y ah\u00ed lo dejo. Cr\u00f3nica de un proceso la cr\u00edtica ha dicho: \u00abLa cro\u00b4nica de los apasionantes meses del exilio de Carlos Puigdemont vistos desde el prisma de su abogado en Be\u00b4lgica.\u00bb Jordi Bast\u00e9, La Vanguardia\u00abEl relato en primera persona de un a\u00f1o dedicado a la defensa de Puigdemont en el extranjero.\u00bb Jaume Pi, La Vanguardia\u00abUn libro trepidante que pone en tela de juicio el modelo de justicia que tenemos en Espa\u00f1a con respecto a Europa.\u00bb Jos\u00e9 Sanclemente, presidente de eldiario.es\u00abEl proc\u00e9s d&#8221;internacionalitzaci\u00f3 judicial de la causa catalana.\u00bb Andreu Barnils, Vilaweb\u00abLas peripecias de la defensa del ex president y los consejeros en el extranjero. Un libro apasionante.\u00bb Boulevard, eitb<\/p>\n","protected":false},"excerpt":{"rendered":"<p>BOYE, GONZALO<\/p>\n","protected":false},"featured_media":93753,"template":"","meta":{"_acf_changed":false,"om_disable_all_campaigns":false,"rs_blank_template":"","rs_page_bg_color":"","slide_template_v7":"","inline_featured_image":false,"_monsterinsights_skip_tracking":false,"_monsterinsights_sitenote_active":false,"_monsterinsights_sitenote_note":"","_monsterinsights_sitenote_category":0},"product_brand":[],"product_cat":[120,569],"product_tag":[],"class_list":{"0":"post-93752","1":"product","2":"type-product","3":"status-publish","4":"has-post-thumbnail","6":"product_cat-politica","7":"product_cat-politica-2_humanidades-spa","9":"first","10":"outofstock","11":"taxable","12":"shipping-taxable","13":"purchasable","14":"product-type-simple"},"acf":{"autor":"BOYE, GONZALO","codart":"841841721","libros-coleccion":"NO FICCION","ediciones":"1","encuadernacion":"R\u00fastica","fecha_de_publicacion":"01\/03\/2021","novedad":"1","paginas":"288","subtitulo":"","orden":"0","portada":"0","idioma":"spa","editorial":[{"ID":148755,"post_author":"3","post_date":"2022-10-14 12:00:44","post_date_gmt":"2022-10-14 10:00:44","post_content":"","post_title":"Roca Editorial","post_excerpt":"","post_status":"publish","comment_status":"closed","ping_status":"closed","post_password":"","post_name":"roca-editorial","to_ping":"","pinged":"","post_modified":"2022-10-14 12:00:44","post_modified_gmt":"2022-10-14 10:00:44","post_content_filtered":"","post_parent":0,"guid":"http:\/\/dev.claret.cat\/editorial\/roca-editorial\/","menu_order":0,"post_type":"editorial","post_mime_type":"","comment_count":"0","filter":"raw"}],"autores-libros":[{"ID":157039,"post_author":"3","post_date":"2022-10-14 15:25:38","post_date_gmt":"2022-10-14 13:25:38","post_content":"","post_title":"GONZALO BOYE","post_excerpt":"","post_status":"publish","comment_status":"closed","ping_status":"closed","post_password":"","post_name":"gonzalo-boye","to_ping":"","pinged":"","post_modified":"2022-10-14 15:25:38","post_modified_gmt":"2022-10-14 13:25:38","post_content_filtered":"","post_parent":0,"guid":"http:\/\/dev.claret.cat\/autor\/gonzalo-boye\/","menu_order":0,"post_type":"autor","post_mime_type":"","comment_count":"0","filter":"raw"}]},"aioseo_notices":[],"_links":{"self":[{"href":"https:\/\/www.claret.cat\/es\/wp-json\/wp\/v2\/product\/93752","targetHints":{"allow":["GET"]}}],"collection":[{"href":"https:\/\/www.claret.cat\/es\/wp-json\/wp\/v2\/product"}],"about":[{"href":"https:\/\/www.claret.cat\/es\/wp-json\/wp\/v2\/types\/product"}],"wp:featuredmedia":[{"embeddable":true,"href":"https:\/\/www.claret.cat\/es\/wp-json\/wp\/v2\/media\/93753"}],"wp:attachment":[{"href":"https:\/\/www.claret.cat\/es\/wp-json\/wp\/v2\/media?parent=93752"}],"wp:term":[{"taxonomy":"product_brand","embeddable":true,"href":"https:\/\/www.claret.cat\/es\/wp-json\/wp\/v2\/product_brand?post=93752"},{"taxonomy":"product_cat","embeddable":true,"href":"https:\/\/www.claret.cat\/es\/wp-json\/wp\/v2\/product_cat?post=93752"},{"taxonomy":"product_tag","embeddable":true,"href":"https:\/\/www.claret.cat\/es\/wp-json\/wp\/v2\/product_tag?post=93752"}],"curies":[{"name":"wp","href":"https:\/\/api.w.org\/{rel}","templated":true}]}}