{"id":93884,"date":"2022-10-11T21:56:47","date_gmt":"2022-10-11T19:56:47","guid":{"rendered":"http:\/\/dev.claret.cat\/producte\/busca-y-encuentra-en-las-estaciones\/"},"modified":"2023-01-28T01:04:58","modified_gmt":"2023-01-28T00:04:58","slug":"busca-y-encuentra-en-las-estaciones-9788413185736","status":"publish","type":"product","link":"https:\/\/www.claret.cat\/es\/libro\/busca-y-encuentra-en-las-estaciones-9788413185736\/","title":{"rendered":"BUSCA Y ENCUENTRA EN LAS ESTACIONES"},"content":{"rendered":"<p>Un libro con 10 p\u00e1ginas desplegables que muestran divertidas escenas de\u00a0las 4 estaciones del a\u00f1o, y solapas con im\u00e1genes aisladas que el ni\u00f1o\u00a0debe encontrar en las escenas. Los peque\u00f1os lectores\u00a0se divertir\u00e1n buscando objetos, animales, etc, mientras enriquecen su vocabulario y desarrollan su visi\u00f3n espacial.<\/p>\n","protected":false},"excerpt":{"rendered":"<p>LAVAL, THIERRY \/ COUVIN, YANN<\/p>\n","protected":false},"featured_media":93885,"template":"","meta":{"_acf_changed":false,"om_disable_all_campaigns":false,"rs_blank_template":"","rs_page_bg_color":"","slide_template_v7":"","inline_featured_image":false,"_monsterinsights_skip_tracking":false,"_monsterinsights_sitenote_active":false,"_monsterinsights_sitenote_note":"","_monsterinsights_sitenote_category":0},"product_brand":[],"product_cat":[131],"product_tag":[],"class_list":{"0":"post-93884","1":"product","2":"type-product","3":"status-publish","4":"has-post-thumbnail","6":"product_cat-contes-per-infants-0-6-anys","8":"first","9":"instock","10":"taxable","11":"shipping-taxable","12":"purchasable","13":"product-type-simple"},"acf":{"editorial":[{"ID":147854,"post_author":"3","post_date":"2022-10-14 11:53:43","post_date_gmt":"2022-10-14 09:53:43","post_content":"","post_title":"EDICIONES SM","post_excerpt":"","post_status":"publish","comment_status":"closed","ping_status":"closed","post_password":"","post_name":"ediciones-sm","to_ping":"","pinged":"","post_modified":"2022-10-14 11:53:43","post_modified_gmt":"2022-10-14 09:53:43","post_content_filtered":"","post_parent":0,"guid":"http:\/\/dev.claret.cat\/editorial\/ediciones-sm\/","menu_order":0,"post_type":"editorial","post_mime_type":"","comment_count":"0","filter":"raw"}],"autores-libros":[{"ID":171556,"post_author":"3","post_date":"2022-10-14 22:44:21","post_date_gmt":"2022-10-14 20:44:21","post_content":"","post_title":"YANN COUVIN","post_excerpt":"","post_status":"publish","comment_status":"closed","ping_status":"closed","post_password":"","post_name":"yann-couvin","to_ping":"","pinged":"","post_modified":"2022-10-14 22:44:21","post_modified_gmt":"2022-10-14 20:44:21","post_content_filtered":"","post_parent":0,"guid":"http:\/\/dev.claret.cat\/autor\/yann-couvin\/","menu_order":0,"post_type":"autor","post_mime_type":"","comment_count":"0","filter":"raw"},{"ID":170318,"post_author":"3","post_date":"2022-10-14 22:34:21","post_date_gmt":"2022-10-14 20:34:21","post_content":"","post_title":"THIERRY LAVAL","post_excerpt":"","post_status":"publish","comment_status":"closed","ping_status":"closed","post_password":"","post_name":"thierry-laval","to_ping":"","pinged":"","post_modified":"2022-10-14 22:34:21","post_modified_gmt":"2022-10-14 20:34:21","post_content_filtered":"","post_parent":0,"guid":"http:\/\/dev.claret.cat\/autor\/thierry-laval\/","menu_order":0,"post_type":"autor","post_mime_type":"","comment_count":"0","filter":"raw"}],"autor":"LAVAL, THIERRY \/ COUVIN, YANN","codart":"841318573","libros-coleccion":"Busca y encuentra","ediciones":"1","encuadernacion":"Carton\u00e9","fecha_de_publicacion":"01\/03\/2021","novedad":"1","paginas":"12","subtitulo":"","orden":"0","portada":"0","idioma":"spa"},"aioseo_notices":[],"_links":{"self":[{"href":"https:\/\/www.claret.cat\/es\/wp-json\/wp\/v2\/product\/93884","targetHints":{"allow":["GET"]}}],"collection":[{"href":"https:\/\/www.claret.cat\/es\/wp-json\/wp\/v2\/product"}],"about":[{"href":"https:\/\/www.claret.cat\/es\/wp-json\/wp\/v2\/types\/product"}],"wp:featuredmedia":[{"embeddable":true,"href":"https:\/\/www.claret.cat\/es\/wp-json\/wp\/v2\/media\/93885"}],"wp:attachment":[{"href":"https:\/\/www.claret.cat\/es\/wp-json\/wp\/v2\/media?parent=93884"}],"wp:term":[{"taxonomy":"product_brand","embeddable":true,"href":"https:\/\/www.claret.cat\/es\/wp-json\/wp\/v2\/product_brand?post=93884"},{"taxonomy":"product_cat","embeddable":true,"href":"https:\/\/www.claret.cat\/es\/wp-json\/wp\/v2\/product_cat?post=93884"},{"taxonomy":"product_tag","embeddable":true,"href":"https:\/\/www.claret.cat\/es\/wp-json\/wp\/v2\/product_tag?post=93884"}],"curies":[{"name":"wp","href":"https:\/\/api.w.org\/{rel}","templated":true}]}}