{"id":93902,"date":"2022-10-11T21:57:00","date_gmt":"2022-10-11T19:57:00","guid":{"rendered":"http:\/\/dev.claret.cat\/producte\/la-camada-de-los-salvajes\/"},"modified":"2026-02-27T19:12:07","modified_gmt":"2026-02-27T18:12:07","slug":"polican-6-la-camada-de-los-salvajes-9788413189864","status":"publish","type":"product","link":"https:\/\/www.claret.cat\/es\/libro\/polican-6-la-camada-de-los-salvajes-9788413189864\/","title":{"rendered":"POLICAN 6 :LA CAMADA DE LOS SALVAJES"},"content":{"rendered":"<p>Un nuevo c\u00f3mic de Polic\u00e1n lleno de chistes mal\u00edsimos\u2026 \u00a1y tronchantes! En esta entrega, los enemigos de Polic\u00e1n le tienden una trampa para meterle en la c\u00e1rcel. El pobre Polic\u00e1n se deprime: ni humano ni perruno, \u00a1es un inadaptado! Por suerte, ah\u00ed est\u00e1n sus amigos para recordarle que los inadaptados\u2026 \u00a1MOLAN!<\/p>\n","protected":false},"excerpt":{"rendered":"<p>PILKEY, DAV<\/p>\n","protected":false},"featured_media":1011591,"template":"","meta":{"_acf_changed":false,"om_disable_all_campaigns":false,"rs_blank_template":"","rs_page_bg_color":"","slide_template_v7":"","inline_featured_image":false,"_monsterinsights_skip_tracking":false,"_monsterinsights_sitenote_active":false,"_monsterinsights_sitenote_note":"","_monsterinsights_sitenote_category":0},"product_brand":[],"product_cat":[90,540],"product_tag":[],"class_list":{"0":"post-93902","1":"product","2":"type-product","3":"status-publish","4":"has-post-thumbnail","6":"product_cat-altres","7":"product_cat-otros","9":"first","10":"instock","11":"taxable","12":"shipping-taxable","13":"purchasable","14":"product-type-simple"},"acf":{"editorial":[{"ID":147854,"post_author":"3","post_date":"2022-10-14 11:53:43","post_date_gmt":"2022-10-14 09:53:43","post_content":"","post_title":"EDICIONES SM","post_excerpt":"","post_status":"publish","comment_status":"closed","ping_status":"closed","post_password":"","post_name":"ediciones-sm","to_ping":"","pinged":"","post_modified":"2022-10-14 11:53:43","post_modified_gmt":"2022-10-14 09:53:43","post_content_filtered":"","post_parent":0,"guid":"http:\/\/dev.claret.cat\/editorial\/ediciones-sm\/","menu_order":0,"post_type":"editorial","post_mime_type":"","comment_count":"0","filter":"raw"}],"autores-libros":[{"ID":153712,"post_author":"3","post_date":"2022-10-14 14:58:56","post_date_gmt":"2022-10-14 12:58:56","post_content":"","post_title":"DAV PILKEY","post_excerpt":"","post_status":"publish","comment_status":"closed","ping_status":"closed","post_password":"","post_name":"dav-pilkey","to_ping":"","pinged":"","post_modified":"2022-10-14 14:58:56","post_modified_gmt":"2022-10-14 12:58:56","post_content_filtered":"","post_parent":0,"guid":"http:\/\/dev.claret.cat\/autor\/dav-pilkey\/","menu_order":0,"post_type":"autor","post_mime_type":"","comment_count":"0","filter":"raw"}],"autor":"PILKEY, DAV","codart":"841318986","libros-coleccion":"FORA DE COL.LECCI\u00d3","ediciones":"1","encuadernacion":"Carton\u00e9","fecha_de_publicacion":"01\/03\/2021","novedad":"1","paginas":"219","subtitulo":"","orden":"0","portada":"0","idioma":"spa","booktrailer":"","resenas":""},"aioseo_notices":[],"_links":{"self":[{"href":"https:\/\/www.claret.cat\/es\/wp-json\/wp\/v2\/product\/93902","targetHints":{"allow":["GET"]}}],"collection":[{"href":"https:\/\/www.claret.cat\/es\/wp-json\/wp\/v2\/product"}],"about":[{"href":"https:\/\/www.claret.cat\/es\/wp-json\/wp\/v2\/types\/product"}],"wp:featuredmedia":[{"embeddable":true,"href":"https:\/\/www.claret.cat\/es\/wp-json\/wp\/v2\/media\/1011591"}],"wp:attachment":[{"href":"https:\/\/www.claret.cat\/es\/wp-json\/wp\/v2\/media?parent=93902"}],"wp:term":[{"taxonomy":"product_brand","embeddable":true,"href":"https:\/\/www.claret.cat\/es\/wp-json\/wp\/v2\/product_brand?post=93902"},{"taxonomy":"product_cat","embeddable":true,"href":"https:\/\/www.claret.cat\/es\/wp-json\/wp\/v2\/product_cat?post=93902"},{"taxonomy":"product_tag","embeddable":true,"href":"https:\/\/www.claret.cat\/es\/wp-json\/wp\/v2\/product_tag?post=93902"}],"curies":[{"name":"wp","href":"https:\/\/api.w.org\/{rel}","templated":true}]}}