{"id":93923,"date":"2022-10-11T21:57:17","date_gmt":"2022-10-11T19:57:17","guid":{"rendered":"http:\/\/dev.claret.cat\/producte\/la-camara-del-monarca\/"},"modified":"2026-02-26T14:49:43","modified_gmt":"2026-02-26T13:49:43","slug":"la-camara-del-monarca-9788413920320","status":"publish","type":"product","link":"https:\/\/www.claret.cat\/es\/libro\/la-camara-del-monarca-9788413920320\/","title":{"rendered":"LA C\u00c1MARA DEL MONARCA"},"content":{"rendered":"<p>Los d\u00edas de Kate en Madrid junto a C\u00e1stor pasan como una condena. Mientras Kate clama venganza por la muerte de su t\u00edo, un antiguo c\u00f3dice con los secretos de los alfas ha desaparecido. Los alfas del monarca dirigen la investigaci\u00f3n, y un peque\u00f1o n\u00facleo de alfas libres prepara su revuelta.\u00bfSaldr\u00e1 victoriosa la libertad frente al poder? Y el amor entre \u00d3liver y Kate, \u00bfsobrevivir\u00e1 ante tanto dolor?<\/p>\n","protected":false},"excerpt":{"rendered":"<p>GARCI\u00b4A-ROJO CANTO\u00b4N, PATRICIA<\/p>\n","protected":false},"featured_media":276316,"template":"","meta":{"_acf_changed":false,"om_disable_all_campaigns":false,"rs_blank_template":"","rs_page_bg_color":"","slide_template_v7":"","inline_featured_image":false,"_monsterinsights_skip_tracking":false,"_monsterinsights_sitenote_active":false,"_monsterinsights_sitenote_note":"","_monsterinsights_sitenote_category":0},"product_brand":[],"product_cat":[90,540],"product_tag":[],"class_list":{"0":"post-93923","1":"product","2":"type-product","3":"status-publish","4":"has-post-thumbnail","6":"product_cat-altres","7":"product_cat-otros","9":"first","10":"instock","11":"taxable","12":"shipping-taxable","13":"purchasable","14":"product-type-simple"},"acf":{"editorial":[{"ID":147854,"post_author":"3","post_date":"2022-10-14 11:53:43","post_date_gmt":"2022-10-14 09:53:43","post_content":"","post_title":"EDICIONES SM","post_excerpt":"","post_status":"publish","comment_status":"closed","ping_status":"closed","post_password":"","post_name":"ediciones-sm","to_ping":"","pinged":"","post_modified":"2022-10-14 11:53:43","post_modified_gmt":"2022-10-14 09:53:43","post_content_filtered":"","post_parent":0,"guid":"http:\/\/dev.claret.cat\/editorial\/ediciones-sm\/","menu_order":0,"post_type":"editorial","post_mime_type":"","comment_count":"0","filter":"raw"}],"autores-libros":[{"ID":166621,"post_author":"3","post_date":"2022-10-14 18:04:43","post_date_gmt":"2022-10-14 16:04:43","post_content":"","post_title":"PATRICIA GARCI\u00b4A-ROJO CANTO\u00b4N","post_excerpt":"","post_status":"publish","comment_status":"closed","ping_status":"closed","post_password":"","post_name":"patricia-garcia-rojo-canton","to_ping":"","pinged":"","post_modified":"2022-10-14 18:04:43","post_modified_gmt":"2022-10-14 16:04:43","post_content_filtered":"","post_parent":0,"guid":"http:\/\/dev.claret.cat\/autor\/patricia-garcia-rojo-canton\/","menu_order":0,"post_type":"autor","post_mime_type":"","comment_count":"0","filter":"raw"}],"autor":"GARCI\u00b4A-ROJO CANTO\u00b4N, PATRICIA","codart":"841392032","libros-coleccion":"FORA DE COL.LECCI\u00d3","ediciones":"1","encuadernacion":"R\u00fastica","fecha_de_publicacion":"01\/03\/2021","novedad":"1","paginas":"341","subtitulo":"","orden":"0","portada":"0","idioma":"spa","booktrailer":"","resenas":""},"aioseo_notices":[],"_links":{"self":[{"href":"https:\/\/www.claret.cat\/es\/wp-json\/wp\/v2\/product\/93923","targetHints":{"allow":["GET"]}}],"collection":[{"href":"https:\/\/www.claret.cat\/es\/wp-json\/wp\/v2\/product"}],"about":[{"href":"https:\/\/www.claret.cat\/es\/wp-json\/wp\/v2\/types\/product"}],"wp:featuredmedia":[{"embeddable":true,"href":"https:\/\/www.claret.cat\/es\/wp-json\/wp\/v2\/media\/276316"}],"wp:attachment":[{"href":"https:\/\/www.claret.cat\/es\/wp-json\/wp\/v2\/media?parent=93923"}],"wp:term":[{"taxonomy":"product_brand","embeddable":true,"href":"https:\/\/www.claret.cat\/es\/wp-json\/wp\/v2\/product_brand?post=93923"},{"taxonomy":"product_cat","embeddable":true,"href":"https:\/\/www.claret.cat\/es\/wp-json\/wp\/v2\/product_cat?post=93923"},{"taxonomy":"product_tag","embeddable":true,"href":"https:\/\/www.claret.cat\/es\/wp-json\/wp\/v2\/product_tag?post=93923"}],"curies":[{"name":"wp","href":"https:\/\/api.w.org\/{rel}","templated":true}]}}