{"id":939719,"date":"2023-11-10T01:22:06","date_gmt":"2023-11-10T00:22:06","guid":{"rendered":"https:\/\/www.claret.cat\/llibre\/el-temps-de-la-promesa-9788433913319\/"},"modified":"2024-03-28T19:30:44","modified_gmt":"2024-03-28T18:30:44","slug":"el-temps-de-la-promesa-9788433913319","status":"publish","type":"product","link":"https:\/\/www.claret.cat\/es\/libro\/el-temps-de-la-promesa-9788433913319\/","title":{"rendered":"EL TEMPS DE LA PROMESA"},"content":{"rendered":"<p>Un llibre incisiu i esperan\u00e7ador sobre el poder de la paraula per reapropiar-nos\u00a0del present i del futur. Recordes la darrera promesa que has fet o que t&#8221;han fet?Aix\u00ed s&#8221;obre aquest assaig en qu\u00e8 Marina Garc\u00e9s explora el concepte de promesa. Vivim en una societat\u00a0 aterrida pel futur, obsessionada per predir i projectar, controlar i planificar. Per\u00f2, qui gosa, avui, prometre res?Aquest llibre mostra les claus hist\u00f2riques, filos\u00f2fiques\u00a0 i liter\u00e0ries del poder de la promesa i de la seva fragilitat actual. La promesa, ens diu l&#8221;autora, pot ser una forma de rebel\u00b7li\u00f3\u00a0 que introdueixi la batalla pel valor de la paraula en un present incert i en un futur amena\u00e7at. Un text incisiu i esperan\u00e7ador.<\/p>\n","protected":false},"excerpt":{"rendered":"<p>GARC\u00c9S, MARINA<\/p>\n","protected":false},"featured_media":939720,"template":"","meta":{"_acf_changed":false,"om_disable_all_campaigns":false,"rs_blank_template":"","rs_page_bg_color":"","slide_template_v7":"","inline_featured_image":false,"_monsterinsights_skip_tracking":false,"_monsterinsights_sitenote_active":false,"_monsterinsights_sitenote_note":"","_monsterinsights_sitenote_category":0},"product_brand":[],"product_cat":[373,166],"product_tag":[],"class_list":{"0":"post-939719","1":"product","2":"type-product","3":"status-publish","4":"has-post-thumbnail","6":"product_cat-autores","7":"product_cat-autors-filosofia","9":"first","10":"instock","11":"taxable","12":"shipping-taxable","13":"purchasable","14":"product-type-simple"},"acf":{"autor":"GARC\u00c9S, MARINA","codart":"843391331","libros-coleccion":"Nuevos cuadernos Anagrama","ediciones":"1","encuadernacion":"R\u00fastica","fecha_de_publicacion":"01\/11\/2023","novedad":"1","paginas":"104","subtitulo":"","orden":"0","portada":"0","idioma":"spa","editorial":[{"ID":6219,"post_author":"3","post_date":"2022-07-28 17:47:26","post_date_gmt":"2022-07-28 15:47:26","post_content":"","post_title":"Editorial Anagrama S.A.","post_excerpt":"","post_status":"publish","comment_status":"closed","ping_status":"closed","post_password":"","post_name":"editorial-anagrama-s-a","to_ping":"","pinged":"","post_modified":"2022-07-28 17:47:26","post_modified_gmt":"2022-07-28 15:47:26","post_content_filtered":"","post_parent":0,"guid":"http:\/\/dev.claret.cat\/editorial\/editorial-anagrama-s-a\/","menu_order":0,"post_type":"editorial","post_mime_type":"","comment_count":"0","filter":"raw"}],"autores-libros":[{"ID":163936,"post_author":"3","post_date":"2022-10-14 17:43:02","post_date_gmt":"2022-10-14 15:43:02","post_content":"","post_title":"MARINA GARC\u00c9S","post_excerpt":"","post_status":"publish","comment_status":"closed","ping_status":"closed","post_password":"","post_name":"marina-garces","to_ping":"","pinged":"","post_modified":"2022-10-14 17:43:02","post_modified_gmt":"2022-10-14 15:43:02","post_content_filtered":"","post_parent":0,"guid":"http:\/\/dev.claret.cat\/autor\/marina-garces\/","menu_order":0,"post_type":"autor","post_mime_type":"","comment_count":"0","filter":"raw"}]},"aioseo_notices":[],"_links":{"self":[{"href":"https:\/\/www.claret.cat\/es\/wp-json\/wp\/v2\/product\/939719","targetHints":{"allow":["GET"]}}],"collection":[{"href":"https:\/\/www.claret.cat\/es\/wp-json\/wp\/v2\/product"}],"about":[{"href":"https:\/\/www.claret.cat\/es\/wp-json\/wp\/v2\/types\/product"}],"wp:featuredmedia":[{"embeddable":true,"href":"https:\/\/www.claret.cat\/es\/wp-json\/wp\/v2\/media\/939720"}],"wp:attachment":[{"href":"https:\/\/www.claret.cat\/es\/wp-json\/wp\/v2\/media?parent=939719"}],"wp:term":[{"taxonomy":"product_brand","embeddable":true,"href":"https:\/\/www.claret.cat\/es\/wp-json\/wp\/v2\/product_brand?post=939719"},{"taxonomy":"product_cat","embeddable":true,"href":"https:\/\/www.claret.cat\/es\/wp-json\/wp\/v2\/product_cat?post=939719"},{"taxonomy":"product_tag","embeddable":true,"href":"https:\/\/www.claret.cat\/es\/wp-json\/wp\/v2\/product_tag?post=939719"}],"curies":[{"name":"wp","href":"https:\/\/api.w.org\/{rel}","templated":true}]}}