{"id":939725,"date":"2023-11-10T01:22:26","date_gmt":"2023-11-10T00:22:26","guid":{"rendered":"https:\/\/www.claret.cat\/llibre\/popup-ocea-9788447950799\/"},"modified":"2025-05-15T12:21:49","modified_gmt":"2025-05-15T10:21:49","slug":"popup-ocea-9788447950799","status":"publish","type":"product","link":"https:\/\/www.claret.cat\/es\/libro\/popup-ocea-9788447950799\/","title":{"rendered":"POP-UP OCE\u00c0"},"content":{"rendered":"<p>Agafa aire, obre aquest llibre i&#8230; tres&#8230;, dos&#8230;, un&#8230;, submergeix-te en les profunditats de l&#8221;oce\u00e0! Descobreix l&#8221;origen de l&#8221;oce\u00e0 i l&#8221;aparici\u00f3 de les primeres formes de vida submarines; admira els magn\u00edfics esculls coral\u00b7lins i la bellesa de la biodiversitat marina; puja a bord de naus incre\u00efbles i deixa&#8221;t sorprendre per les llegendes que l&#8221;habiten. Inclou 5 pop-ups i animacions.<\/p>\n","protected":false},"excerpt":{"rendered":"<p>JANKELIOWITCH, ANNE<\/p>\n","protected":false},"featured_media":939726,"template":"","meta":{"_acf_changed":false,"om_disable_all_campaigns":false,"rs_blank_template":"","rs_page_bg_color":"","slide_template_v7":"","inline_featured_image":false,"_monsterinsights_skip_tracking":false,"_monsterinsights_sitenote_active":false,"_monsterinsights_sitenote_note":"","_monsterinsights_sitenote_category":0},"product_brand":[],"product_cat":[132,362],"product_tag":[],"class_list":{"0":"post-939725","1":"product","2":"type-product","3":"status-publish","4":"has-post-thumbnail","6":"product_cat-lectures-per-preadolescents-6-12-anys","7":"product_cat-libros-preadolescentes-6-12-anos","9":"first","10":"instock","11":"taxable","12":"shipping-taxable","13":"purchasable","14":"product-type-simple"},"acf":{"autor":"JANKELIOWITCH, ANNE","codart":"844795079","libros-coleccion":"FORA DE COL.LECCI\u00d3","ediciones":"1","encuadernacion":"Carton\u00e9","fecha_de_publicacion":"01\/11\/2023","novedad":"1","paginas":"24","subtitulo":"","orden":"0","portada":"0","idioma":"cat","booktrailer":"","resenas":"","editorial":[{"ID":147536,"post_author":"3","post_date":"2022-10-14 11:51:19","post_date_gmt":"2022-10-14 09:51:19","post_content":"","post_title":"BAULA-EDELVIVES-VALENCIANO\/CATALAN-TXT-","post_excerpt":"","post_status":"publish","comment_status":"closed","ping_status":"closed","post_password":"","post_name":"baula-edelvives-valenciano-catalan-txt","to_ping":"","pinged":"","post_modified":"2022-10-14 11:51:19","post_modified_gmt":"2022-10-14 09:51:19","post_content_filtered":"","post_parent":0,"guid":"http:\/\/dev.claret.cat\/editorial\/baula-edelvives-valenciano-catalan-txt\/","menu_order":0,"post_type":"editorial","post_mime_type":"","comment_count":"0","filter":"raw"}],"autores-libros":[{"ID":150700,"post_author":"3","post_date":"2022-10-14 14:35:03","post_date_gmt":"2022-10-14 12:35:03","post_content":"","post_title":"ANNE JANK\u00c9LIOWITCH","post_excerpt":"","post_status":"publish","comment_status":"closed","ping_status":"closed","post_password":"","post_name":"anne-jankeliowitch","to_ping":"","pinged":"","post_modified":"2022-10-14 14:35:03","post_modified_gmt":"2022-10-14 12:35:03","post_content_filtered":"","post_parent":0,"guid":"http:\/\/dev.claret.cat\/autor\/anne-jankeliowitch\/","menu_order":0,"post_type":"autor","post_mime_type":"","comment_count":"0","filter":"raw"}]},"aioseo_notices":[],"_links":{"self":[{"href":"https:\/\/www.claret.cat\/es\/wp-json\/wp\/v2\/product\/939725","targetHints":{"allow":["GET"]}}],"collection":[{"href":"https:\/\/www.claret.cat\/es\/wp-json\/wp\/v2\/product"}],"about":[{"href":"https:\/\/www.claret.cat\/es\/wp-json\/wp\/v2\/types\/product"}],"wp:featuredmedia":[{"embeddable":true,"href":"https:\/\/www.claret.cat\/es\/wp-json\/wp\/v2\/media\/939726"}],"wp:attachment":[{"href":"https:\/\/www.claret.cat\/es\/wp-json\/wp\/v2\/media?parent=939725"}],"wp:term":[{"taxonomy":"product_brand","embeddable":true,"href":"https:\/\/www.claret.cat\/es\/wp-json\/wp\/v2\/product_brand?post=939725"},{"taxonomy":"product_cat","embeddable":true,"href":"https:\/\/www.claret.cat\/es\/wp-json\/wp\/v2\/product_cat?post=939725"},{"taxonomy":"product_tag","embeddable":true,"href":"https:\/\/www.claret.cat\/es\/wp-json\/wp\/v2\/product_tag?post=939725"}],"curies":[{"name":"wp","href":"https:\/\/api.w.org\/{rel}","templated":true}]}}