{"id":939737,"date":"2023-11-10T01:23:11","date_gmt":"2023-11-10T00:23:11","guid":{"rendered":"https:\/\/www.claret.cat\/llibre\/els-monstres-9788447951529\/"},"modified":"2024-10-25T19:05:49","modified_gmt":"2024-10-25T17:05:49","slug":"els-monstres-9788447951529","status":"publish","type":"product","link":"https:\/\/www.claret.cat\/es\/libro\/els-monstres-9788447951529\/","title":{"rendered":"ELS MONSTRES"},"content":{"rendered":"<p>Els monstres ens espanten tant com ens fascinen. Medusa, \u00e9ssers procedent de la mitologia grega, espanta els mortals amb la seva cabellera de serps. La criatura de Frankenstein \u00e9s tan terrible que no pot gaudir d&#8221;una exist\u00e8ncia normal. El monstre del llac Ness encara inquieta la mem\u00f2ria dels escocesos. Per\u00f2, en realitat, cal tenir por dels monstres? I si aprengu\u00e9ssim a con\u00e8ixer-los? I si, com en Lucas -el nen que ens acompanyar\u00e0 en aquest viatge al m\u00f3n dels monstres-, intentem apropar-nos a ells i entendre&#8221;ls?<\/p>\n","protected":false},"excerpt":{"rendered":"<p>PEREZ, S\u00c9BASTIEN<\/p>\n","protected":false},"featured_media":939738,"template":"","meta":{"_acf_changed":false,"om_disable_all_campaigns":false,"rs_blank_template":"","rs_page_bg_color":"","slide_template_v7":"","inline_featured_image":false,"_monsterinsights_skip_tracking":false,"_monsterinsights_sitenote_active":false,"_monsterinsights_sitenote_note":"","_monsterinsights_sitenote_category":0},"product_brand":[],"product_cat":[132,362],"product_tag":[],"class_list":{"0":"post-939737","1":"product","2":"type-product","3":"status-publish","4":"has-post-thumbnail","6":"product_cat-lectures-per-preadolescents-6-12-anys","7":"product_cat-libros-preadolescentes-6-12-anos","9":"first","10":"instock","11":"taxable","12":"shipping-taxable","13":"purchasable","14":"product-type-simple"},"acf":{"autor":"PEREZ, S\u00c9BASTIEN","codart":"844795152","libros-coleccion":"FORA DE COL.LECCI\u00d3","ediciones":"1","encuadernacion":"Carton\u00e9","fecha_de_publicacion":"01\/11\/2023","novedad":"1","paginas":"64","subtitulo":"","orden":"0","portada":"0","idioma":"cat","editorial":[{"ID":147536,"post_author":"3","post_date":"2022-10-14 11:51:19","post_date_gmt":"2022-10-14 09:51:19","post_content":"","post_title":"BAULA-EDELVIVES-VALENCIANO\/CATALAN-TXT-","post_excerpt":"","post_status":"publish","comment_status":"closed","ping_status":"closed","post_password":"","post_name":"baula-edelvives-valenciano-catalan-txt","to_ping":"","pinged":"","post_modified":"2022-10-14 11:51:19","post_modified_gmt":"2022-10-14 09:51:19","post_content_filtered":"","post_parent":0,"guid":"http:\/\/dev.claret.cat\/editorial\/baula-edelvives-valenciano-catalan-txt\/","menu_order":0,"post_type":"editorial","post_mime_type":"","comment_count":"0","filter":"raw"}],"autores-libros":[{"ID":169262,"post_author":"3","post_date":"2022-10-14 22:25:49","post_date_gmt":"2022-10-14 20:25:49","post_content":"","post_title":"S\u00c9BASTIEN PEREZ","post_excerpt":"","post_status":"publish","comment_status":"closed","ping_status":"closed","post_password":"","post_name":"sebastien-perez","to_ping":"","pinged":"","post_modified":"2022-10-14 22:25:49","post_modified_gmt":"2022-10-14 20:25:49","post_content_filtered":"","post_parent":0,"guid":"http:\/\/dev.claret.cat\/autor\/sebastien-perez\/","menu_order":0,"post_type":"autor","post_mime_type":"","comment_count":"0","filter":"raw"}]},"aioseo_notices":[],"_links":{"self":[{"href":"https:\/\/www.claret.cat\/es\/wp-json\/wp\/v2\/product\/939737","targetHints":{"allow":["GET"]}}],"collection":[{"href":"https:\/\/www.claret.cat\/es\/wp-json\/wp\/v2\/product"}],"about":[{"href":"https:\/\/www.claret.cat\/es\/wp-json\/wp\/v2\/types\/product"}],"wp:featuredmedia":[{"embeddable":true,"href":"https:\/\/www.claret.cat\/es\/wp-json\/wp\/v2\/media\/939738"}],"wp:attachment":[{"href":"https:\/\/www.claret.cat\/es\/wp-json\/wp\/v2\/media?parent=939737"}],"wp:term":[{"taxonomy":"product_brand","embeddable":true,"href":"https:\/\/www.claret.cat\/es\/wp-json\/wp\/v2\/product_brand?post=939737"},{"taxonomy":"product_cat","embeddable":true,"href":"https:\/\/www.claret.cat\/es\/wp-json\/wp\/v2\/product_cat?post=939737"},{"taxonomy":"product_tag","embeddable":true,"href":"https:\/\/www.claret.cat\/es\/wp-json\/wp\/v2\/product_tag?post=939737"}],"curies":[{"name":"wp","href":"https:\/\/api.w.org\/{rel}","templated":true}]}}