{"id":939860,"date":"2023-11-10T01:34:32","date_gmt":"2023-11-10T00:34:32","guid":{"rendered":"https:\/\/www.claret.cat\/llibre\/sobre-la-losa-9788419744791\/"},"modified":"2023-11-27T09:50:51","modified_gmt":"2023-11-27T08:50:51","slug":"sobre-la-losa-9788419744791","status":"publish","type":"product","link":"https:\/\/www.claret.cat\/es\/libro\/sobre-la-losa-9788419744791\/","title":{"rendered":"SOBRE LA LOSA"},"content":{"rendered":"<p>VUELVE LA REINA DE LA NOVELA NEGRA EUROPEA<\/p>\n<p>\u00ab\u00bfSo\u00f1ador? \u00bfPerezoso? \u00bfO m\u00e1s bien un genio? Adamsberg es historia viva de la novela negra. Fred Vargas lo borda\u00bb.<br \/>Juan Carlos Galindo, El Pa\u00eds<\/p>\n<p>\u00abTengo a Fred Vargas como una de las mejores novelistas francesas del momento en cualquier categor\u00eda y g\u00e9nero\u00bb.<br \/>Fernando Savater<\/p>\n<p>\u00abLa autora m\u00e1s interesante del g\u00e9nero policiaco en el presente\u00bb.<br \/>Jos\u00e9 Mar\u00eda Guelbenzu<\/p>\n<p>Poco despu\u00e9s de que el comisario Adamsberg haya regresado a Par\u00eds tras cerrar un caso en Breta\u00f1a, la polic\u00eda de Rennes le pide ayuda para resolver un crimen que parece guardar relaci\u00f3n con una oscura leyenda local: el fantasma de un conde apodado \u00abel Cojo\u00bb, cuya pata de palo sigue resonando por los corredores del castillo de Combourg. Adamsberg se desplaza con su equipo a la zona, donde se ha hallado el cad\u00e1ver de un vecino despu\u00e9s de que el siniestro caminar del cojo se oyera de noche por las calles de Louviec. En el transcurso de la investigaci\u00f3n, el comisario no dejar\u00e1 de percibir, sin lograr conectarlas ni darles forma concreta, sus habituales \u00abburbujas mentales\u00bb, que preceden siempre a la inspiraci\u00f3n necesaria para resolver cualquier misterio. Buscando la quietud que permita que estas afloren, comienza a visitar un famoso dolmen situado en las inmediaciones del pueblo. All\u00ed, tendido sobre la losa superior, entre cielo y tierra, en una construcci\u00f3n de piedra de m\u00e1s de 3000 a\u00f1os de antig\u00fcedad, Adamsberg buscar\u00e1 la soluci\u00f3n al enigma\u2026<\/p>\n<p>Una magn\u00e9tica e inteligente trama con la que Fred Vargas demuestra, una vez m\u00e1s, por qu\u00e9 es considerada un\u00e1nimemente como la mejor autora de novela policiaca del panorama internacional.<\/p>\n<p>\u00abA veces parece que la prodigiosa Fred Vargas no es de este mundo. Y es que, como dice el comisario Adamsberg, quien se vuelve humano pierde sus cualidades divinas\u00bb. <br \/>LILIAN NEUMAN, Culturas, La Vanguardia<\/p>\n<p>\u00abFred Vargas no es \u00fanicamente una de las mejores autoras policiacas del momento: es una de las mejores autoras. Sin m\u00e1s\u00bb. <br \/>MARINA SANMART\u00cdN, ABC Cultural<\/p>\n<p>\u00abLas novelas de Fred Vargas no se parecen a nada que se haya le\u00eddo antes o que se vaya a leer en el futuro\u00bb. <br \/>GUILLERMO ALTARES, El Pa\u00eds<\/p>\n","protected":false},"excerpt":{"rendered":"<p>VARGAS, FRED<\/p>\n","protected":false},"featured_media":943263,"template":"","meta":{"_acf_changed":false,"om_disable_all_campaigns":false,"rs_blank_template":"","rs_page_bg_color":"","slide_template_v7":"","inline_featured_image":false,"_monsterinsights_skip_tracking":false,"_monsterinsights_sitenote_active":false,"_monsterinsights_sitenote_note":"","_monsterinsights_sitenote_category":0},"product_brand":[],"product_cat":[127,357],"product_tag":[],"class_list":{"0":"post-939860","1":"product","2":"type-product","3":"status-publish","4":"has-post-thumbnail","6":"product_cat-novella-contemporania","7":"product_cat-novela-contemporanea","9":"first","10":"instock","11":"taxable","12":"shipping-taxable","13":"purchasable","14":"product-type-simple"},"acf":{"autor":"VARGAS, FRED","codart":"841974479","libros-coleccion":"Nuevos Tiempos","ediciones":"1","encuadernacion":"R\u00fastica","fecha_de_publicacion":"01\/11\/2023","novedad":"1","paginas":"432","subtitulo":"","orden":"0","portada":"1","idioma":"spa","editorial":[{"ID":6365,"post_author":"3","post_date":"2022-07-28 17:50:37","post_date_gmt":"2022-07-28 15:50:37","post_content":"","post_title":"Siruela","post_excerpt":"","post_status":"publish","comment_status":"closed","ping_status":"closed","post_password":"","post_name":"siruela","to_ping":"","pinged":"","post_modified":"2022-07-28 17:50:37","post_modified_gmt":"2022-07-28 15:50:37","post_content_filtered":"","post_parent":0,"guid":"http:\/\/dev.claret.cat\/editorial\/siruela\/","menu_order":0,"post_type":"editorial","post_mime_type":"","comment_count":"0","filter":"raw"}],"autores-libros":[{"ID":156396,"post_author":"3","post_date":"2022-10-14 15:20:29","post_date_gmt":"2022-10-14 13:20:29","post_content":"","post_title":"FRED VARGAS","post_excerpt":"","post_status":"publish","comment_status":"closed","ping_status":"closed","post_password":"","post_name":"fred-vargas","to_ping":"","pinged":"","post_modified":"2022-10-14 15:20:29","post_modified_gmt":"2022-10-14 13:20:29","post_content_filtered":"","post_parent":0,"guid":"http:\/\/dev.claret.cat\/autor\/fred-vargas\/","menu_order":0,"post_type":"autor","post_mime_type":"","comment_count":"0","filter":"raw"}]},"aioseo_notices":[],"_links":{"self":[{"href":"https:\/\/www.claret.cat\/es\/wp-json\/wp\/v2\/product\/939860","targetHints":{"allow":["GET"]}}],"collection":[{"href":"https:\/\/www.claret.cat\/es\/wp-json\/wp\/v2\/product"}],"about":[{"href":"https:\/\/www.claret.cat\/es\/wp-json\/wp\/v2\/types\/product"}],"wp:featuredmedia":[{"embeddable":true,"href":"https:\/\/www.claret.cat\/es\/wp-json\/wp\/v2\/media\/943263"}],"wp:attachment":[{"href":"https:\/\/www.claret.cat\/es\/wp-json\/wp\/v2\/media?parent=939860"}],"wp:term":[{"taxonomy":"product_brand","embeddable":true,"href":"https:\/\/www.claret.cat\/es\/wp-json\/wp\/v2\/product_brand?post=939860"},{"taxonomy":"product_cat","embeddable":true,"href":"https:\/\/www.claret.cat\/es\/wp-json\/wp\/v2\/product_cat?post=939860"},{"taxonomy":"product_tag","embeddable":true,"href":"https:\/\/www.claret.cat\/es\/wp-json\/wp\/v2\/product_tag?post=939860"}],"curies":[{"name":"wp","href":"https:\/\/api.w.org\/{rel}","templated":true}]}}