{"id":939896,"date":"2023-11-10T01:36:56","date_gmt":"2023-11-10T00:36:56","guid":{"rendered":"https:\/\/www.claret.cat\/llibre\/pubertad-positiva-para-chicos-hacia-la-adolescencia-9788419898043\/"},"modified":"2023-11-10T01:37:05","modified_gmt":"2023-11-10T00:37:05","slug":"pubertad-positiva-para-chicos-hacia-la-adolescencia-9788419898043","status":"publish","type":"product","link":"https:\/\/www.claret.cat\/es\/libro\/pubertad-positiva-para-chicos-hacia-la-adolescencia-9788419898043\/","title":{"rendered":"PUBERTAD POSITIVA PARA CHICOS &#8211; HACIA LA ADOLESCENCIA"},"content":{"rendered":"<p>\u00abPubertad positiva para chicos es una gu\u00eda perfecta sobre lo que sucede en el cuerpo, los sentimientos y la autoestima de un chico en pleno desarrollo. Es un libro extremadamente importante y necesario para tu hijo o nieto.\u00bb \u2014Andrzej Gryzewski. Sex\u00f3logo, psicoterapeuta y autor superventas.<\/p>\n<p> Pubertad positiva para chicos es un libro lleno de empat\u00eda y conocimiento sobre la pubertad y las emociones recomendado para chicos entre 8 y 12 a\u00f1os. \u00a1Con historias reales!<\/p>\n<p> Es positivo para el cuerpo porque:<\/p>\n<p> \u2022 Proporciona informaci\u00f3n de confianza y accesible que ayuda a entender los cambios relacionados con la pubertad.<\/p>\n<p> \u2022 Enfatiza la conexi\u00f3n entre el cuerpo y las emociones.<\/p>\n<p> \u2022 Ayuda a construir un lenguaje positivo hacia uno mismo y su cuerpo.<\/p>\n<p> \u00abEste es el primer libro de este tipo para chicos &#8211; un libro revolucionario. Escrito de manera inteligente, accesible e interesante, basado en el conocimiento m\u00e1s reciente sobre el proceso de maduraci\u00f3n de los chicos y prestando atenci\u00f3n a todos sus aspectos. Ilustrado con objetividad y con clase. Desmitifica muchos estereotipos, ense\u00f1a el respeto por el cuerpo, profundiza la comprensi\u00f3n de la propia psique. \u00a1Puede ser un gran apoyo para adolescentes m\u00e1s j\u00f3venes (de 8 a 15 a\u00f1os) y sus padres!\u00bb \u2014Dr. Alicja Dlugolecka. Pedagoga y educadora sexual.<\/p>\n<p> \u00abEstoy seguro de que la lectura de este libro ser\u00e1 una experiencia incre\u00edble para todos nosotros, tanto para los nacidos antes como despu\u00e9s. No solo adquirir\u00e1n conocimientos necesarios y abrir\u00e1n los ojos, sino que tambi\u00e9n ganar\u00e1n conciencia sobre lo importante que es aceptarnos a nosotros mismos tal y como somos.\u00bb \u2014Przemyslaw Staron. Psic\u00f3logo, autor de Escuela de hero\u00ednas y h\u00e9roes, Profesor del A\u00f1o 2018.<\/p>\n<p> \u00abLos chicos casi no hablan sobre la maduraci\u00f3n. Y si lo hacen, es en comentarios cortos o bromas. Lo peor es que de esta manera no solo perpet\u00faan estereotipos, sino que a menudo refuerzan tonter\u00edas completas sobre el cuerpo y los cambios que ocurren en \u00e9l. Esta informaci\u00f3n se &#8216;desenreda&#8217; a\u00f1os despu\u00e9s. La positividad corporal permite un comienzo en la vida adulta desde un nivel m\u00e1s alto. Me gustar\u00eda que mi hijo se aceptara y comprendiera sus emociones mucho antes cuando lea este libro.\u00bb \u2014Krystian Hanke. Periodista de Radio 357, autor del proyecto &#8216;Tatuar&#8217;.<\/p>\n<p> \u00abLa mayor\u00eda de mis pacientes ten\u00edan miedo y verg\u00fcenza de los cambios que surg\u00edan durante la maduraci\u00f3n. Dejados a s\u00ed mismos, cre\u00edan en creencias que tuvieron un impacto negativo en su vida adulta. &#8216;Pubertad positiva para chicos&#8217; es una gu\u00eda perfecta sobre lo que sucede en el cuerpo, los sentimientos y la autoestima de un chico en pleno desarrollo. Es un libro extremadamente importante y necesario para tu hijo o nieto.\u00bb \u2014Andrzej Gryzewski. Sex\u00f3logo, psicoterapeuta y autor superventas.<\/p>\n<p> Otros libros similares de Editorial el pirata:<\/p>\n<p> \u2022 Pubertad positiva para chicas<\/p>\n","protected":false},"excerpt":{"rendered":"<p>PIETRUSZCZAK, B\u00c1RBARA<\/p>\n","protected":false},"featured_media":939897,"template":"","meta":{"_acf_changed":false,"om_disable_all_campaigns":false,"rs_blank_template":"","rs_page_bg_color":"","slide_template_v7":"","inline_featured_image":false,"_monsterinsights_skip_tracking":false,"_monsterinsights_sitenote_active":false,"_monsterinsights_sitenote_note":"","_monsterinsights_sitenote_category":0},"product_brand":[],"product_cat":[133,363],"product_tag":[],"class_list":{"0":"post-939896","1":"product","2":"type-product","3":"status-publish","4":"has-post-thumbnail","6":"product_cat-lectures-per-adolescents-12-18-anys","7":"product_cat-lecturas-por-adolescentes-12-18-anos","9":"first","10":"instock","11":"taxable","12":"shipping-taxable","13":"purchasable","14":"product-type-simple"},"acf":{"autor":"PIETRUSZCZAK, B\u00c1RBARA","codart":"841989804","libros-coleccion":"FORA DE COL.LECCI\u00d3","ediciones":"1","encuadernacion":"Carton\u00e9","fecha_de_publicacion":"01\/11\/2023","novedad":"1","paginas":"208","subtitulo":"GU\u00cdA DE POSITIVIDAD CORPORAL PARA LOS CAMBIOS EN EL CUERPO Y EN LAS EMOCIONES","orden":"0","portada":"0","idioma":"spa"},"aioseo_notices":[],"_links":{"self":[{"href":"https:\/\/www.claret.cat\/es\/wp-json\/wp\/v2\/product\/939896","targetHints":{"allow":["GET"]}}],"collection":[{"href":"https:\/\/www.claret.cat\/es\/wp-json\/wp\/v2\/product"}],"about":[{"href":"https:\/\/www.claret.cat\/es\/wp-json\/wp\/v2\/types\/product"}],"wp:featuredmedia":[{"embeddable":true,"href":"https:\/\/www.claret.cat\/es\/wp-json\/wp\/v2\/media\/939897"}],"wp:attachment":[{"href":"https:\/\/www.claret.cat\/es\/wp-json\/wp\/v2\/media?parent=939896"}],"wp:term":[{"taxonomy":"product_brand","embeddable":true,"href":"https:\/\/www.claret.cat\/es\/wp-json\/wp\/v2\/product_brand?post=939896"},{"taxonomy":"product_cat","embeddable":true,"href":"https:\/\/www.claret.cat\/es\/wp-json\/wp\/v2\/product_cat?post=939896"},{"taxonomy":"product_tag","embeddable":true,"href":"https:\/\/www.claret.cat\/es\/wp-json\/wp\/v2\/product_tag?post=939896"}],"curies":[{"name":"wp","href":"https:\/\/api.w.org\/{rel}","templated":true}]}}