{"id":939983,"date":"2023-11-10T01:46:34","date_gmt":"2023-11-10T00:46:34","guid":{"rendered":"https:\/\/www.claret.cat\/llibre\/pantalles-9788418288692\/"},"modified":"2024-12-30T20:00:19","modified_gmt":"2024-12-30T19:00:19","slug":"pantalles-9788418288692","status":"publish","type":"product","link":"https:\/\/www.claret.cat\/es\/libro\/pantalles-9788418288692\/","title":{"rendered":"PANTALLES"},"content":{"rendered":"<p>GUIA PR\u00c0CTICA PER SABER NAVEGAR ENTRE PANTALLES  Per fi! Ja tens el TEU m\u00f2bil a les mans!&#8230; I ara qu\u00e8? Un m\u00f3n sencer se t&#8221;obre a trav\u00e9s d&#8221;aquest nou dispositiu i de la resta de pantalles que tens al teu abast. Tens el poder de fer servir el TEU m\u00f2bil. Per\u00f2, un gran poder comporta una gran responsabilitat! Una guia pr\u00e0ctica creada per DAVID BASSA i MARTA NARBERHAUS amb il\u00b7lustracions de KIM AMATE que t&#8221;explica tot el que has de saber per aprofitar les oportunitats que t&#8221;ofereixen les pantalles de manera RESPONSABLE I CONSCIENT!<\/p>\n","protected":false},"excerpt":{"rendered":"<p>NARBERHAUS MART\u00cdNEZ, MARTA \/ BASSA CABANAS, DAVID<\/p>\n","protected":false},"featured_media":979866,"template":"","meta":{"_acf_changed":false,"om_disable_all_campaigns":false,"rs_blank_template":"","rs_page_bg_color":"","slide_template_v7":"","inline_featured_image":false,"_monsterinsights_skip_tracking":false,"_monsterinsights_sitenote_active":false,"_monsterinsights_sitenote_note":"","_monsterinsights_sitenote_category":0},"product_brand":[],"product_cat":[133,179,377,363],"product_tag":[],"class_list":{"0":"post-939983","1":"product","2":"type-product","3":"status-publish","4":"has-post-thumbnail","6":"product_cat-lectures-per-adolescents-12-18-anys","7":"product_cat-autoajuda-i-salut-mental","8":"product_cat-autoayuda-y-salud-mental","9":"product_cat-lecturas-por-adolescentes-12-18-anos","11":"first","12":"instock","13":"taxable","14":"shipping-taxable","15":"purchasable","16":"product-type-simple"},"acf":{"autor":"NARBERHAUS MART\u00cdNEZ, MARTA \/ BASSA CABANAS, DAVID","codart":"841828869","libros-coleccion":"FORA DE COL.LECCI\u00d3","ediciones":"1","encuadernacion":"R\u00fastica","fecha_de_publicacion":"01\/11\/2023","novedad":"1","paginas":"96","subtitulo":"QUE NO ET DOMININ!","orden":"0","portada":"0","idioma":"cat","editorial":[{"ID":6145,"post_author":"3","post_date":"2022-07-28 17:45:51","post_date_gmt":"2022-07-28 15:45:51","post_content":"","post_title":"BINDI BOOKS","post_excerpt":"","post_status":"publish","comment_status":"closed","ping_status":"closed","post_password":"","post_name":"bindi-books","to_ping":"","pinged":"","post_modified":"2022-07-28 17:45:51","post_modified_gmt":"2022-07-28 15:45:51","post_content_filtered":"","post_parent":0,"guid":"http:\/\/dev.claret.cat\/editorial\/bindi-books\/","menu_order":0,"post_type":"editorial","post_mime_type":"","comment_count":"0","filter":"raw"}],"autores-libros":[{"ID":938389,"post_author":"3","post_date":"2023-11-09 18:30:48","post_date_gmt":"2023-11-09 17:30:48","post_content":"","post_title":"MARTA NARBERHAUS MART\u00cdNEZ","post_excerpt":"","post_status":"publish","comment_status":"closed","ping_status":"closed","post_password":"","post_name":"marta-narberhaus-martinez","to_ping":"","pinged":"","post_modified":"2023-11-09 18:30:48","post_modified_gmt":"2023-11-09 17:30:48","post_content_filtered":"","post_parent":0,"guid":"https:\/\/www.claret.cat\/autor\/marta-narberhaus-martinez\/","menu_order":0,"post_type":"autor","post_mime_type":"","comment_count":"0","filter":"raw"},{"ID":938388,"post_author":"3","post_date":"2023-11-09 18:30:46","post_date_gmt":"2023-11-09 17:30:46","post_content":"","post_title":"DAVID BASSA CABANAS","post_excerpt":"","post_status":"publish","comment_status":"closed","ping_status":"closed","post_password":"","post_name":"david-bassa-cabanas","to_ping":"","pinged":"","post_modified":"2023-11-09 18:30:46","post_modified_gmt":"2023-11-09 17:30:46","post_content_filtered":"","post_parent":0,"guid":"https:\/\/www.claret.cat\/autor\/david-bassa-cabanas\/","menu_order":0,"post_type":"autor","post_mime_type":"","comment_count":"0","filter":"raw"}]},"aioseo_notices":[],"_links":{"self":[{"href":"https:\/\/www.claret.cat\/es\/wp-json\/wp\/v2\/product\/939983","targetHints":{"allow":["GET"]}}],"collection":[{"href":"https:\/\/www.claret.cat\/es\/wp-json\/wp\/v2\/product"}],"about":[{"href":"https:\/\/www.claret.cat\/es\/wp-json\/wp\/v2\/types\/product"}],"wp:featuredmedia":[{"embeddable":true,"href":"https:\/\/www.claret.cat\/es\/wp-json\/wp\/v2\/media\/979866"}],"wp:attachment":[{"href":"https:\/\/www.claret.cat\/es\/wp-json\/wp\/v2\/media?parent=939983"}],"wp:term":[{"taxonomy":"product_brand","embeddable":true,"href":"https:\/\/www.claret.cat\/es\/wp-json\/wp\/v2\/product_brand?post=939983"},{"taxonomy":"product_cat","embeddable":true,"href":"https:\/\/www.claret.cat\/es\/wp-json\/wp\/v2\/product_cat?post=939983"},{"taxonomy":"product_tag","embeddable":true,"href":"https:\/\/www.claret.cat\/es\/wp-json\/wp\/v2\/product_tag?post=939983"}],"curies":[{"name":"wp","href":"https:\/\/api.w.org\/{rel}","templated":true}]}}