{"id":939998,"date":"2023-11-10T01:47:33","date_gmt":"2023-11-10T00:47:33","guid":{"rendered":"https:\/\/www.claret.cat\/llibre\/roses-i-lliris-9788419017833\/"},"modified":"2024-04-23T13:45:29","modified_gmt":"2024-04-23T11:45:29","slug":"roses-i-lliris-9788419017833","status":"publish","type":"product","link":"https:\/\/www.claret.cat\/es\/libro\/roses-i-lliris-9788419017833\/","title":{"rendered":"ROSES I LLIRIS"},"content":{"rendered":"<p>EDICI\u00d3 I INTRODUCCI\u00d3 D&#8217;EMILY MCBRIDE  A la literatura anglesa, especialment a les seves grans obres, l&#8217;entorn natural sol tenir un protagonisme clau. Qu\u00e8 seria _Cims borrascosos_ sense els seus ermassos? Qu\u00e8 seria _Emma_ sense el fam\u00f3s p\u00edcnic a Box Hill? _Roses i lliris_ \u00e9s una selecci\u00f3 de fragments que corresponen principalment a literatura de ficci\u00f3 del segle XIX i dels primers anys del XX: Austen, Hardy, Scott, Bront\u00eb, Dickens, Woolf&#8230; Els espais naturals privats -jardins, horts, parcs, llacs, bosquets- hi prenen un relleu extraordinari, perqu\u00e8 no s\u00f3n nom\u00e9s el lloc de l&#8217;acci\u00f3, sin\u00f3 que reflecteixen la classe social, la vida privada i el car\u00e0cter profund dels personatges, i sovint la ideologia de l&#8217;escriptor. A m\u00e9s, les successives transformacions d&#8217;aquests espais expressen l&#8217;evoluci\u00f3 de la societat i de l&#8217;art: els elegants jardins neocl\u00e0ssics, els assilvestrats jardins rom\u00e0ntics, els recarregats jardins victorians&#8230; TRADUCCI\u00d3 D&#8217;ALEXANDRE GOMBAU I ARNAU.<\/p>\n","protected":false},"excerpt":{"rendered":"<p>VV.AA.3<\/p>\n","protected":false},"featured_media":940445,"template":"","meta":{"_acf_changed":false,"om_disable_all_campaigns":false,"rs_blank_template":"","rs_page_bg_color":"","slide_template_v7":"","inline_featured_image":false,"_monsterinsights_skip_tracking":false,"_monsterinsights_sitenote_active":false,"_monsterinsights_sitenote_note":"","_monsterinsights_sitenote_category":0},"product_brand":[],"product_cat":[354,123],"product_tag":[],"class_list":{"0":"post-939998","1":"product","2":"type-product","3":"status-publish","4":"has-post-thumbnail","6":"product_cat-clasica","7":"product_cat-classica","9":"first","10":"instock","11":"taxable","12":"shipping-taxable","13":"purchasable","14":"product-type-simple"},"acf":{"autor":"VV.AA.3","codart":"841901783","libros-coleccion":"El far","ediciones":"1","encuadernacion":"R\u00fastica","fecha_de_publicacion":"01\/11\/2023","novedad":"1","paginas":"204","subtitulo":"UNA ANTOLOGIA DE JARDINS A LA LITERATURA ANGLESA","orden":"0","portada":"0","idioma":"cat","editorial":[{"ID":6122,"post_author":"3","post_date":"2022-07-28 17:45:22","post_date_gmt":"2022-07-28 15:45:22","post_content":"","post_title":"ANGLE EDITORIAL","post_excerpt":"","post_status":"publish","comment_status":"closed","ping_status":"closed","post_password":"","post_name":"angle-editorial","to_ping":"","pinged":"","post_modified":"2022-07-28 17:45:22","post_modified_gmt":"2022-07-28 15:45:22","post_content_filtered":"","post_parent":0,"guid":"http:\/\/dev.claret.cat\/editorial\/angle-editorial\/","menu_order":0,"post_type":"editorial","post_mime_type":"","comment_count":"0","filter":"raw"}],"autores-libros":[{"ID":419664,"post_author":"3","post_date":"2023-05-12 10:50:02","post_date_gmt":"2023-05-12 08:50:02","post_content":"","post_title":"VV.AA.3","post_excerpt":"","post_status":"publish","comment_status":"closed","ping_status":"closed","post_password":"","post_name":"vv-aa-3-2","to_ping":"","pinged":"","post_modified":"2023-05-12 10:50:02","post_modified_gmt":"2023-05-12 08:50:02","post_content_filtered":"","post_parent":0,"guid":"https:\/\/www.claret.cat\/autor\/vv-aa-3-2\/","menu_order":0,"post_type":"autor","post_mime_type":"","comment_count":"0","filter":"raw"}]},"aioseo_notices":[],"_links":{"self":[{"href":"https:\/\/www.claret.cat\/es\/wp-json\/wp\/v2\/product\/939998","targetHints":{"allow":["GET"]}}],"collection":[{"href":"https:\/\/www.claret.cat\/es\/wp-json\/wp\/v2\/product"}],"about":[{"href":"https:\/\/www.claret.cat\/es\/wp-json\/wp\/v2\/types\/product"}],"wp:featuredmedia":[{"embeddable":true,"href":"https:\/\/www.claret.cat\/es\/wp-json\/wp\/v2\/media\/940445"}],"wp:attachment":[{"href":"https:\/\/www.claret.cat\/es\/wp-json\/wp\/v2\/media?parent=939998"}],"wp:term":[{"taxonomy":"product_brand","embeddable":true,"href":"https:\/\/www.claret.cat\/es\/wp-json\/wp\/v2\/product_brand?post=939998"},{"taxonomy":"product_cat","embeddable":true,"href":"https:\/\/www.claret.cat\/es\/wp-json\/wp\/v2\/product_cat?post=939998"},{"taxonomy":"product_tag","embeddable":true,"href":"https:\/\/www.claret.cat\/es\/wp-json\/wp\/v2\/product_tag?post=939998"}],"curies":[{"name":"wp","href":"https:\/\/api.w.org\/{rel}","templated":true}]}}