{"id":940001,"date":"2023-11-10T01:47:43","date_gmt":"2023-11-10T00:47:43","guid":{"rendered":"https:\/\/www.claret.cat\/llibre\/catalunya-terra-de-bandolers-9788419017857\/"},"modified":"2024-04-24T13:41:00","modified_gmt":"2024-04-24T11:41:00","slug":"catalunya-terra-de-bandolers-9788419017857","status":"publish","type":"product","link":"https:\/\/www.claret.cat\/es\/libro\/catalunya-terra-de-bandolers-9788419017857\/","title":{"rendered":"CATALUNYA, TERRA DE BANDOLERS"},"content":{"rendered":"<p>QUE \u00abTOTA CATALUNYA EST\u00c0 PLENA DE BANDOLERS\u00bb JA HO VA DIR UN VIRREI AL SEGLE XVI. I \u00c9S QUE GAIREB\u00c9 CADA POBLE HA TINGUT EL SEU BANDOLER. M\u00c9S DE 3.000 N&#8221;HA ESTUDIAT SYLVIA LAGARDA-MATA I ENS OFEREIX LES SINGULARS BIOGRAFIES DELS 135 BANDOLERS M\u00c9S CONEGUTS, COM SERRALLONGA, LA PERA I PEROT ROCAGUINARDA, O M\u00c9S CURIOSOS, COM TRUCAFORT O LA COMTESSA DE MOLINS.  \u00a0 Catalunya ha estat terra de bandolers des de l&#8221;alta edat mitjana fins gaireb\u00e9 el segle XX: bandolers dels temps feudals, bandolers del per\u00edode barroc -el m\u00e9s intens-, i bandolers sorgits de totes i cadascuna de les moltes guerres que han assolat el pa\u00eds. Com que els protagonistes solen ser de les classes populars, L&#8221;autora ha hagut de recuperar-los als soterranis i a les golfes amb una persistent feina de buidatge d&#8221;arxius municipals i comarcals. Tot i estar molt presents en l&#8221;imaginari catal\u00e0, els bandolers -els seus or\u00edgens, els seus fets, el seu ress\u00f2 popular- eren fins ara uns grans desconeguts. Aquest llibre, exhaustivament documentat i alhora am\u00e8, esdevindr\u00e0 el llibre de refer\u00e8ncia per a qualsevol persona interessada en el bandolerisme catal\u00e0. UN LLIBRE DE REFER\u00c8NCIA SOBRE EL BANDOLERISME CATAL\u00c0.<\/p>\n","protected":false},"excerpt":{"rendered":"<p>LAGARDA-MATA, SYLVIA<\/p>\n","protected":false},"featured_media":940002,"template":"","meta":{"_acf_changed":false,"om_disable_all_campaigns":false,"rs_blank_template":"","rs_page_bg_color":"","slide_template_v7":"","inline_featured_image":false,"_monsterinsights_skip_tracking":false,"_monsterinsights_sitenote_active":false,"_monsterinsights_sitenote_note":"","_monsterinsights_sitenote_category":0},"product_brand":[],"product_cat":[430,153],"product_tag":[],"class_list":{"0":"post-940001","1":"product","2":"type-product","3":"status-publish","4":"has-post-thumbnail","6":"product_cat-cataluna","7":"product_cat-catalunya","9":"first","10":"instock","11":"taxable","12":"shipping-taxable","13":"purchasable","14":"product-type-simple"},"acf":{"autor":"LAGARDA-MATA, SYLVIA","codart":"841901785","libros-coleccion":"Inspira","ediciones":"1","encuadernacion":"R\u00fastica","fecha_de_publicacion":"01\/11\/2023","novedad":"1","paginas":"382","subtitulo":"RECULL DE FETS HIST\u00d2RICS I LLEGENDES","orden":"0","portada":"1","idioma":"cat","editorial":[{"ID":6122,"post_author":"3","post_date":"2022-07-28 17:45:22","post_date_gmt":"2022-07-28 15:45:22","post_content":"","post_title":"ANGLE EDITORIAL","post_excerpt":"","post_status":"publish","comment_status":"closed","ping_status":"closed","post_password":"","post_name":"angle-editorial","to_ping":"","pinged":"","post_modified":"2022-07-28 17:45:22","post_modified_gmt":"2022-07-28 15:45:22","post_content_filtered":"","post_parent":0,"guid":"http:\/\/dev.claret.cat\/editorial\/angle-editorial\/","menu_order":0,"post_type":"editorial","post_mime_type":"","comment_count":"0","filter":"raw"}],"autores-libros":[{"ID":170061,"post_author":"3","post_date":"2022-10-14 22:32:14","post_date_gmt":"2022-10-14 20:32:14","post_content":"","post_title":"SYLVIA LAGARDA-MATA","post_excerpt":"","post_status":"publish","comment_status":"closed","ping_status":"closed","post_password":"","post_name":"sylvia-lagarda-mata-2","to_ping":"","pinged":"","post_modified":"2022-10-14 22:32:14","post_modified_gmt":"2022-10-14 20:32:14","post_content_filtered":"","post_parent":0,"guid":"http:\/\/dev.claret.cat\/autor\/sylvia-lagarda-mata-2\/","menu_order":0,"post_type":"autor","post_mime_type":"","comment_count":"0","filter":"raw"}]},"aioseo_notices":[],"_links":{"self":[{"href":"https:\/\/www.claret.cat\/es\/wp-json\/wp\/v2\/product\/940001","targetHints":{"allow":["GET"]}}],"collection":[{"href":"https:\/\/www.claret.cat\/es\/wp-json\/wp\/v2\/product"}],"about":[{"href":"https:\/\/www.claret.cat\/es\/wp-json\/wp\/v2\/types\/product"}],"wp:featuredmedia":[{"embeddable":true,"href":"https:\/\/www.claret.cat\/es\/wp-json\/wp\/v2\/media\/940002"}],"wp:attachment":[{"href":"https:\/\/www.claret.cat\/es\/wp-json\/wp\/v2\/media?parent=940001"}],"wp:term":[{"taxonomy":"product_brand","embeddable":true,"href":"https:\/\/www.claret.cat\/es\/wp-json\/wp\/v2\/product_brand?post=940001"},{"taxonomy":"product_cat","embeddable":true,"href":"https:\/\/www.claret.cat\/es\/wp-json\/wp\/v2\/product_cat?post=940001"},{"taxonomy":"product_tag","embeddable":true,"href":"https:\/\/www.claret.cat\/es\/wp-json\/wp\/v2\/product_tag?post=940001"}],"curies":[{"name":"wp","href":"https:\/\/api.w.org\/{rel}","templated":true}]}}