{"id":940007,"date":"2023-11-10T01:48:03","date_gmt":"2023-11-10T00:48:03","guid":{"rendered":"https:\/\/www.claret.cat\/llibre\/els-habits-que-els-faran-felicos-9788419017871\/"},"modified":"2024-11-27T18:05:12","modified_gmt":"2024-11-27T17:05:12","slug":"els-habits-que-els-faran-felicos-9788419017871","status":"publish","type":"product","link":"https:\/\/www.claret.cat\/es\/libro\/els-habits-que-els-faran-felicos-9788419017871\/","title":{"rendered":"ELS H\u00c0BITS QUE ELS FARAN FELI\u00c7OS"},"content":{"rendered":"<p>IL\u00b7LUSTRACIONS DE RAQUEL GU UNS BONS H\u00c0BITS S\u00d3N EL PILAR D&#8221;UNA BONA EDUCACI\u00d3 I D&#8221;UNA BONA CONVIV\u00c8NCIA FAMILIAR.  En preguntar a les fam\u00edlies qu\u00e8 voldrien per als seus fills, la resposta sol ser \u00abque siguin feli\u00e7os\u00bb. Alba Castellvi ens proposa una s\u00e8rie d&#8221;h\u00e0bits que els ajudaran a ser persones segures, espavilades i aut\u00f2nomes. H\u00e0bits que els donaran la capacitat de relacionar-se de manera feli\u00e7 amb ells mateixos i amb tot all\u00f2 que els envolta. A partir de m\u00e9s de 30 propostes concretes i realitzables, Castellvi ens dona eines per fer que la nostra vida quotidiana en fam\u00edlia sigui educativa de manera senzilla, cordial i agra\u00efda. Construint amb els infants i adolescents nous h\u00e0bits de disciplina, seguretat, comunicaci\u00f3 i relaci\u00f3 amb els altres farem d&#8221;ells, sens dubte, persones assertives, capaces de construir solucions creatives davant les dificultats i felices. DE L&#8221;AUTORA D&#8221;_EDUCAR SENSE CRIDAR_ (ONZE EDICIONS).<\/p>\n","protected":false},"excerpt":{"rendered":"<p>CASTELLVI MIQUEL, ALBA<\/p>\n","protected":false},"featured_media":940378,"template":"","meta":{"_acf_changed":false,"om_disable_all_campaigns":false,"rs_blank_template":"","rs_page_bg_color":"","slide_template_v7":"","inline_featured_image":false,"_monsterinsights_skip_tracking":false,"_monsterinsights_sitenote_active":false,"_monsterinsights_sitenote_note":"","_monsterinsights_sitenote_category":0},"product_brand":[],"product_cat":[179,377],"product_tag":[],"class_list":{"0":"post-940007","1":"product","2":"type-product","3":"status-publish","4":"has-post-thumbnail","6":"product_cat-autoajuda-i-salut-mental","7":"product_cat-autoayuda-y-salud-mental","9":"first","10":"instock","11":"taxable","12":"shipping-taxable","13":"purchasable","14":"product-type-simple"},"acf":{"autor":"CASTELLVI MIQUEL, ALBA","codart":"841901787","libros-coleccion":"Inspira","ediciones":"1","encuadernacion":"R\u00fastica","fecha_de_publicacion":"01\/11\/2023","novedad":"1","paginas":"188","subtitulo":"COM EDUCAR ELS FILLS DE 3 A 14 ANYS PERQU\u00c8 CREIXIN AUT\u00d2NOMS I SEGURS","orden":"0","portada":"0","idioma":"cat","editorial":[{"ID":6122,"post_author":"3","post_date":"2022-07-28 17:45:22","post_date_gmt":"2022-07-28 15:45:22","post_content":"","post_title":"ANGLE EDITORIAL","post_excerpt":"","post_status":"publish","comment_status":"closed","ping_status":"closed","post_password":"","post_name":"angle-editorial","to_ping":"","pinged":"","post_modified":"2022-07-28 17:45:22","post_modified_gmt":"2022-07-28 15:45:22","post_content_filtered":"","post_parent":0,"guid":"http:\/\/dev.claret.cat\/editorial\/angle-editorial\/","menu_order":0,"post_type":"editorial","post_mime_type":"","comment_count":"0","filter":"raw"}],"autores-libros":[{"ID":149373,"post_author":"3","post_date":"2022-10-14 14:24:20","post_date_gmt":"2022-10-14 12:24:20","post_content":"","post_title":"ALBA CASTELLV\u00cd MIQUEL","post_excerpt":"","post_status":"publish","comment_status":"closed","ping_status":"closed","post_password":"","post_name":"alba-castellvi-miquel","to_ping":"","pinged":"","post_modified":"2022-10-14 14:24:20","post_modified_gmt":"2022-10-14 12:24:20","post_content_filtered":"","post_parent":0,"guid":"http:\/\/dev.claret.cat\/autor\/alba-castellvi-miquel\/","menu_order":0,"post_type":"autor","post_mime_type":"","comment_count":"0","filter":"raw"}]},"aioseo_notices":[],"_links":{"self":[{"href":"https:\/\/www.claret.cat\/es\/wp-json\/wp\/v2\/product\/940007","targetHints":{"allow":["GET"]}}],"collection":[{"href":"https:\/\/www.claret.cat\/es\/wp-json\/wp\/v2\/product"}],"about":[{"href":"https:\/\/www.claret.cat\/es\/wp-json\/wp\/v2\/types\/product"}],"wp:featuredmedia":[{"embeddable":true,"href":"https:\/\/www.claret.cat\/es\/wp-json\/wp\/v2\/media\/940378"}],"wp:attachment":[{"href":"https:\/\/www.claret.cat\/es\/wp-json\/wp\/v2\/media?parent=940007"}],"wp:term":[{"taxonomy":"product_brand","embeddable":true,"href":"https:\/\/www.claret.cat\/es\/wp-json\/wp\/v2\/product_brand?post=940007"},{"taxonomy":"product_cat","embeddable":true,"href":"https:\/\/www.claret.cat\/es\/wp-json\/wp\/v2\/product_cat?post=940007"},{"taxonomy":"product_tag","embeddable":true,"href":"https:\/\/www.claret.cat\/es\/wp-json\/wp\/v2\/product_tag?post=940007"}],"curies":[{"name":"wp","href":"https:\/\/api.w.org\/{rel}","templated":true}]}}