{"id":940031,"date":"2023-11-10T01:49:35","date_gmt":"2023-11-10T00:49:35","guid":{"rendered":"https:\/\/www.claret.cat\/llibre\/escrits-llibertaris-9788419206541\/"},"modified":"2023-11-10T13:05:19","modified_gmt":"2023-11-10T12:05:19","slug":"escrits-llibertaris-9788419206541","status":"publish","type":"product","link":"https:\/\/www.claret.cat\/es\/libro\/escrits-llibertaris-9788419206541\/","title":{"rendered":"ESCRITS LLIBERTARIS"},"content":{"rendered":"<p>Aquesta obra aporta noves perspectives sobre la ja molt coneguda bibliografia de l&#8217;autor i les seves posicions ideol\u00f2giques.Escrits llibertaris \u00e9s un recull imprescindible del pensament llibertari d&#8217;Albert Camus, Premi Nobel de Literatura 1957, on reflexiona sobre la just\u00edcia, la llibertat, l&#8217;absurd i la rebel\u00b7li\u00f3, i que \u00e9s fonamental per entendre l&#8217;autor i el nostre temps.<br \/>  Albert Camus complementa i enriqueix amb aquests textos la seva narrativa i el seu assaig L&#8217;home revoltat, una obra fonamental sobre l&#8217;\u00e9sser hum\u00e0 i la hist\u00f2ria de la revolta i el poder. Aix\u00ed ens ofereix noves perspectives sobre la ja molt coneguda bibliografia de l&#8217;autor i les seves posicions ideol\u00f2giques, defuig la imatge de l&#8217;autor allunyat de la societat del seu temps, perfila noves idees sobre les relacions sociopol\u00edtiques i, en definitiva, contribueix a repensar la imatge de l?autor que es tenia fins aleshores. Aquest recull ens interpel\u00b7la ara m\u00e9s que mai per trobar solucions a les crisis de les esquerres i per combatre les accions de l&#8217;extrema dreta.<\/p>\n","protected":false},"excerpt":{"rendered":"<p>CAMUS, ALBERT<\/p>\n","protected":false},"featured_media":940442,"template":"","meta":{"_acf_changed":false,"om_disable_all_campaigns":false,"rs_blank_template":"","rs_page_bg_color":"","slide_template_v7":"","inline_featured_image":false,"_monsterinsights_skip_tracking":false,"_monsterinsights_sitenote_active":false,"_monsterinsights_sitenote_note":"","_monsterinsights_sitenote_category":0},"product_brand":[],"product_cat":[373,166],"product_tag":[],"class_list":{"0":"post-940031","1":"product","2":"type-product","3":"status-publish","4":"has-post-thumbnail","6":"product_cat-autores","7":"product_cat-autors-filosofia","9":"first","10":"instock","11":"taxable","12":"shipping-taxable","13":"purchasable","14":"product-type-simple"},"acf":{"autor":"CAMUS, ALBERT","codart":"841920654","libros-coleccion":"Ciclog\u00e8nesi","ediciones":"1","encuadernacion":"R\u00fastica","fecha_de_publicacion":"01\/11\/2023","novedad":"1","paginas":"313","subtitulo":"","orden":"0","portada":"0","idioma":"cat","editorial":[{"ID":313852,"post_author":"3","post_date":"2022-12-28 11:25:32","post_date_gmt":"2022-12-28 10:25:32","post_content":"","post_title":"INDOMITA","post_excerpt":"","post_status":"publish","comment_status":"closed","ping_status":"closed","post_password":"","post_name":"indomita","to_ping":"","pinged":"","post_modified":"2022-12-28 11:25:32","post_modified_gmt":"2022-12-28 10:25:32","post_content_filtered":"","post_parent":0,"guid":"https:\/\/www.claret.cat\/editorial\/indomita\/","menu_order":0,"post_type":"editorial","post_mime_type":"","comment_count":"0","filter":"raw"}],"autores-libros":[{"ID":149405,"post_author":"3","post_date":"2022-10-14 14:24:35","post_date_gmt":"2022-10-14 12:24:35","post_content":"","post_title":"ALBERT CAMUS","post_excerpt":"","post_status":"publish","comment_status":"closed","ping_status":"closed","post_password":"","post_name":"albert-camus","to_ping":"","pinged":"","post_modified":"2022-10-14 14:24:35","post_modified_gmt":"2022-10-14 12:24:35","post_content_filtered":"","post_parent":0,"guid":"http:\/\/dev.claret.cat\/autor\/albert-camus\/","menu_order":0,"post_type":"autor","post_mime_type":"","comment_count":"0","filter":"raw"}]},"aioseo_notices":[],"_links":{"self":[{"href":"https:\/\/www.claret.cat\/es\/wp-json\/wp\/v2\/product\/940031","targetHints":{"allow":["GET"]}}],"collection":[{"href":"https:\/\/www.claret.cat\/es\/wp-json\/wp\/v2\/product"}],"about":[{"href":"https:\/\/www.claret.cat\/es\/wp-json\/wp\/v2\/types\/product"}],"wp:featuredmedia":[{"embeddable":true,"href":"https:\/\/www.claret.cat\/es\/wp-json\/wp\/v2\/media\/940442"}],"wp:attachment":[{"href":"https:\/\/www.claret.cat\/es\/wp-json\/wp\/v2\/media?parent=940031"}],"wp:term":[{"taxonomy":"product_brand","embeddable":true,"href":"https:\/\/www.claret.cat\/es\/wp-json\/wp\/v2\/product_brand?post=940031"},{"taxonomy":"product_cat","embeddable":true,"href":"https:\/\/www.claret.cat\/es\/wp-json\/wp\/v2\/product_cat?post=940031"},{"taxonomy":"product_tag","embeddable":true,"href":"https:\/\/www.claret.cat\/es\/wp-json\/wp\/v2\/product_tag?post=940031"}],"curies":[{"name":"wp","href":"https:\/\/api.w.org\/{rel}","templated":true}]}}