{"id":940046,"date":"2023-11-10T01:50:29","date_gmt":"2023-11-10T00:50:29","guid":{"rendered":"https:\/\/www.claret.cat\/llibre\/fin-del-reino-trilogia-ravenhood-3-9788401031540\/"},"modified":"2023-11-10T01:50:38","modified_gmt":"2023-11-10T00:50:38","slug":"fin-del-reino-trilogia-ravenhood-3-9788401031540","status":"publish","type":"product","link":"https:\/\/www.claret.cat\/es\/libro\/fin-del-reino-trilogia-ravenhood-3-9788401031540\/","title":{"rendered":"FIN DEL REINO (TRILOG\u00cdA RAVENHOOD 3)"},"content":{"rendered":"<p>M\u00e1s de 1.000.000 de ejemplares vendidos en Estados Unidos. Un fen\u00f3meno viral en TikTok. El dark romance m\u00e1s adictivo que leer\u00e1s en todo el a\u00f1o. Ad\u00e9ntrate en una historia con un amor que traspasa los l\u00edmites, chicos malos, peligro y mucha pasi\u00f3n.\u00bfPUEDES ESCAPAR DEL PASADO? \u00ab\u2014\u00a1Eres un monstruo!<br \/>\u2014Solo por ti\u00bb. Tobias King ha pasado la mayor parte de su vida en las sombras. Es un lobo solitario, un ladr\u00f3n, y ni siquiera \u00e9l negar\u00eda que es un villano. Como el enigm\u00e1tico l\u00edder de la banda de justicieros conocida como Ravenhood, su prop\u00f3sito siempre lo ha conducido por una \u00fanica senda: la de la venganza.Pero se ve obligado a detenerse en seco cuando se interpone en su camino la \u00fanica mujer que podr\u00eda destruirlo todo. Sabe que dejarse consumir por Cecelia Horner tendr\u00e1 consecuencias terribles. Sin embargo, Tobias es un luchador nato y est\u00e1 decidido a tenerlo todo: justicia y a la mujer a la que ama.La cr\u00edtica ha dicho:<br \/>\u00abUna serie de libros destinada a convertirse en un fen\u00f3meno viral lleno de tensi\u00f3n. Agarraos fuerte\u00bb.<br \/>Glamour Magazine \u00abMisterio, suspense y multitud de zonas grises en las que perderse\u2026 Si os gustan las novelas rom\u00e1nticas con un punto de oscuridad, escenas de alto voltaje y mucha tensi\u00f3n, esta es la historia perfecta para que os perd\u00e1is entre sus p\u00e1ginas\u00bb.<br \/>Culturefly\u00abUna historia de amor poco convencional, apasionada y llena de suspense, acci\u00f3n y MUCHO SENTIMIENTO\u00bb.<br \/>The Escapist Book Blog \u00abSexy, emocionante, emotiva y con un giro argumental que es incre\u00edble. No pod\u00eda dejar de leer y devor\u00e9 los tres libros seguidos pero, al mismo tiempo, no quer\u00eda seguir porque sab\u00eda que cada p\u00e1gina que terminaba me acercaba al final. La trilog\u00eda Ravenhood es el ejemplo perfecto de por qu\u00e9 leemos novelas rom\u00e1nticas\u00bb.<br \/>The Shameless Bookclub \u00abLa trilog\u00eda Ravenhood os sacar\u00e1 de los l\u00edmitesde vuestra zona de confort y le echar\u00e1 el lazo a vuestro coraz\u00f3n\u00bb.<br \/>Jewel E. Ann, autora superventas seg\u00fan el Wall Street Journal y USA Today<\/p>\n","protected":false},"excerpt":{"rendered":"<p>STEWART, KATE<\/p>\n","protected":false},"featured_media":940047,"template":"","meta":{"_acf_changed":false,"om_disable_all_campaigns":false,"rs_blank_template":"","rs_page_bg_color":"","slide_template_v7":"","inline_featured_image":false,"_monsterinsights_skip_tracking":false,"_monsterinsights_sitenote_active":false,"_monsterinsights_sitenote_note":"","_monsterinsights_sitenote_category":0},"product_brand":[],"product_cat":[127,357],"product_tag":[],"class_list":{"0":"post-940046","1":"product","2":"type-product","3":"status-publish","4":"has-post-thumbnail","6":"product_cat-novella-contemporania","7":"product_cat-novela-contemporanea","9":"first","10":"instock","11":"taxable","12":"shipping-taxable","13":"purchasable","14":"product-type-simple"},"acf":{"autor":"STEWART, KATE","codart":"840103154","libros-coleccion":"\u00c9XITOS","ediciones":"1","encuadernacion":"R\u00fastica","fecha_de_publicacion":"01\/11\/2023","novedad":"1","paginas":"540","subtitulo":"","orden":"0","portada":"0","idioma":"spa"},"aioseo_notices":[],"_links":{"self":[{"href":"https:\/\/www.claret.cat\/es\/wp-json\/wp\/v2\/product\/940046","targetHints":{"allow":["GET"]}}],"collection":[{"href":"https:\/\/www.claret.cat\/es\/wp-json\/wp\/v2\/product"}],"about":[{"href":"https:\/\/www.claret.cat\/es\/wp-json\/wp\/v2\/types\/product"}],"wp:featuredmedia":[{"embeddable":true,"href":"https:\/\/www.claret.cat\/es\/wp-json\/wp\/v2\/media\/940047"}],"wp:attachment":[{"href":"https:\/\/www.claret.cat\/es\/wp-json\/wp\/v2\/media?parent=940046"}],"wp:term":[{"taxonomy":"product_brand","embeddable":true,"href":"https:\/\/www.claret.cat\/es\/wp-json\/wp\/v2\/product_brand?post=940046"},{"taxonomy":"product_cat","embeddable":true,"href":"https:\/\/www.claret.cat\/es\/wp-json\/wp\/v2\/product_cat?post=940046"},{"taxonomy":"product_tag","embeddable":true,"href":"https:\/\/www.claret.cat\/es\/wp-json\/wp\/v2\/product_tag?post=940046"}],"curies":[{"name":"wp","href":"https:\/\/api.w.org\/{rel}","templated":true}]}}