{"id":940073,"date":"2023-11-10T01:52:02","date_gmt":"2023-11-10T00:52:02","guid":{"rendered":"https:\/\/www.claret.cat\/llibre\/te-quiere-boy-9788412740349\/"},"modified":"2023-11-10T10:31:14","modified_gmt":"2023-11-10T09:31:14","slug":"te-quiere-boy-9788412740349","status":"publish","type":"product","link":"https:\/\/www.claret.cat\/es\/libro\/te-quiere-boy-9788412740349\/","title":{"rendered":"TE QUIERE, BOY"},"content":{"rendered":"<p>Una obra in\u00e9dita que ofrece una perspectiva \u00fanica sobre la biograf\u00eda y el personal universo de un autor que ha marcado a generaciones de lectores.? Edici\u00f3n de Donald Sturrock?&nbsp;Pr\u00f3logo de Mariana S\u00e1ndez&#65279;A lo largo de cuatro d\u00e9cadas, la madre de Roald Dahl guard\u00f3 todas las cartas que le enviaba su hijo. Ella fue la primera lectora del autor de&nbsp;Matilda, la persona que estimul\u00f3 su deseo de narrar, fabular y entretener mediante la palabra escrita.<br \/>En esta correspondencia que ve la luz por primera vez en espa\u00f1ol, Dahl perfeccion\u00f3 las dotes narrativas y el humor macabro que har\u00edan de \u00e9l uno de los escritores m\u00e1s populares del siglo xx. Tambi\u00e9n plasm\u00f3 en detalle y sin morderse la lengua las experiencias cruciales de su vida, tan rica en aventuras como pr\u00f3diga en tragedias: desde su educaci\u00f3n en un estricto internado hasta sus primeros \u00e9xitos literarios, pasando por el terrible accidente de avi\u00f3n que sufri\u00f3 en el desierto de Egipto, la colaboraci\u00f3n con Walt Disney en Hollywood y los a\u00f1os de espionaje y diplomacia en las altas esferas de Washington.<br \/>Seleccionadas y comentadas por el bi\u00f3grafo de Dahl y acompa\u00f1adas de abundante material gr\u00e1fico (fotograf\u00edas, documentos personales, dibujos y hasta una caricatura de Hitler), estas cartas son un testimonio apasionante y revelador. No solo nos permiten asistir al nacimiento de un narrador prodigioso, sino tambi\u00e9n ahondar en las claves biogr\u00e1ficas de su universo de ficci\u00f3n: el rechazo a la autoridad, una imaginaci\u00f3n disparatada, la ausencia de moralina y una irreverencia contagiosa.<br \/>\u00abDahl es simplemente incapaz de escribir una carta aburrida.\u00bbMartin Rubin,&nbsp;The Washington Post<br \/>\u00abUn resumen maravilloso de la extraordinaria vida de Roald Dahl y un retrato \u00edntimo de su desarrollo como escritor.\u00bbThe Millions<br \/>\u00abNo solo arroja luz sobre la estrecha relaci\u00f3n entre Dahl y su madre, sino que permite ver c\u00f3mo se convirti\u00f3 en uno de los mayores escritores para ni\u00f1os del siglo XX.\u00bbThe Independent<\/p>\n","protected":false},"excerpt":{"rendered":"<p>DAHL, ROALD<\/p>\n","protected":false},"featured_media":940372,"template":"","meta":{"_acf_changed":false,"om_disable_all_campaigns":false,"rs_blank_template":"","rs_page_bg_color":"","slide_template_v7":"","inline_featured_image":false,"_monsterinsights_skip_tracking":false,"_monsterinsights_sitenote_active":false,"_monsterinsights_sitenote_note":"","_monsterinsights_sitenote_category":0},"product_brand":[],"product_cat":[549,99],"product_tag":[],"class_list":{"0":"post-940073","1":"product","2":"type-product","3":"status-publish","4":"has-post-thumbnail","6":"product_cat-biografias","7":"product_cat-biografies","9":"first","10":"instock","11":"taxable","12":"shipping-taxable","13":"purchasable","14":"product-type-simple"},"acf":{"autor":"DAHL, ROALD","codart":"841274034","libros-coleccion":"GATOPARDO","ediciones":"1","encuadernacion":"Carton\u00e9","fecha_de_publicacion":"01\/11\/2023","novedad":"1","paginas":"398","subtitulo":"UNA VIDA EN CARTAS, DIBUJOS Y FOTOGRAF\u00cdAS","orden":"0","portada":"0","idioma":"spa","editorial":[{"ID":148200,"post_author":"3","post_date":"2022-10-14 11:56:24","post_date_gmt":"2022-10-14 09:56:24","post_content":"","post_title":"GATOPARDO EDICIONES","post_excerpt":"","post_status":"publish","comment_status":"closed","ping_status":"closed","post_password":"","post_name":"gatopardo-ediciones","to_ping":"","pinged":"","post_modified":"2022-10-14 11:56:24","post_modified_gmt":"2022-10-14 09:56:24","post_content_filtered":"","post_parent":0,"guid":"http:\/\/dev.claret.cat\/editorial\/gatopardo-ediciones\/","menu_order":0,"post_type":"editorial","post_mime_type":"","comment_count":"0","filter":"raw"}],"autores-libros":[{"ID":168156,"post_author":"3","post_date":"2022-10-14 18:16:58","post_date_gmt":"2022-10-14 16:16:58","post_content":"","post_title":"ROALD DAHL","post_excerpt":"","post_status":"publish","comment_status":"closed","ping_status":"closed","post_password":"","post_name":"roald-dahl","to_ping":"","pinged":"","post_modified":"2022-10-14 18:16:58","post_modified_gmt":"2022-10-14 16:16:58","post_content_filtered":"","post_parent":0,"guid":"http:\/\/dev.claret.cat\/autor\/roald-dahl\/","menu_order":0,"post_type":"autor","post_mime_type":"","comment_count":"0","filter":"raw"}]},"aioseo_notices":[],"_links":{"self":[{"href":"https:\/\/www.claret.cat\/es\/wp-json\/wp\/v2\/product\/940073","targetHints":{"allow":["GET"]}}],"collection":[{"href":"https:\/\/www.claret.cat\/es\/wp-json\/wp\/v2\/product"}],"about":[{"href":"https:\/\/www.claret.cat\/es\/wp-json\/wp\/v2\/types\/product"}],"wp:featuredmedia":[{"embeddable":true,"href":"https:\/\/www.claret.cat\/es\/wp-json\/wp\/v2\/media\/940372"}],"wp:attachment":[{"href":"https:\/\/www.claret.cat\/es\/wp-json\/wp\/v2\/media?parent=940073"}],"wp:term":[{"taxonomy":"product_brand","embeddable":true,"href":"https:\/\/www.claret.cat\/es\/wp-json\/wp\/v2\/product_brand?post=940073"},{"taxonomy":"product_cat","embeddable":true,"href":"https:\/\/www.claret.cat\/es\/wp-json\/wp\/v2\/product_cat?post=940073"},{"taxonomy":"product_tag","embeddable":true,"href":"https:\/\/www.claret.cat\/es\/wp-json\/wp\/v2\/product_tag?post=940073"}],"curies":[{"name":"wp","href":"https:\/\/api.w.org\/{rel}","templated":true}]}}