{"id":940088,"date":"2023-11-10T01:52:53","date_gmt":"2023-11-10T00:52:53","guid":{"rendered":"https:\/\/www.claret.cat\/llibre\/els-ranxos-de-la-gessa-9788413563114\/"},"modified":"2025-12-11T17:31:11","modified_gmt":"2025-12-11T16:31:11","slug":"els-ranxos-de-la-gessa-9788413563114","status":"publish","type":"product","link":"https:\/\/www.claret.cat\/es\/libro\/els-ranxos-de-la-gessa-9788413563114\/","title":{"rendered":"ELS RANXOS DE LA GESSA"},"content":{"rendered":"<p>FOTOGRAFIES DE MARIA \u00c1. TORRES I ALBERTO POLO GESSAM\u00cd CARAM\u00c9S \u00c9S UNA FIGURA TELEVISIVA I DEL M\u00d3N DE LA CUINA ESTIMADA A CATALUNYA. SE LA CONEIX PER LA SEVA ALEGRIA, PROXIMITAT I PROFESSIONALITAT.  \u00a0 Gessam\u00ed Caram\u00e9s \u00e9s una apassionada de la cuina i li encanta investigar amb el menjar. Aquest llibre \u00e9s, abans de res, &#8216;terreno&#8217;, per\u00f2 tamb\u00e9 \u00e9s xalar i gaudir amb receptes relacionades amb el mar, algunes un punt atrevides. Com sempre, s\u00f3n elaboracions que es poden fer a casa, amb productes de f\u00e0cil acc\u00e9s, que coneixem, per\u00f2 tamb\u00e9 amb altres als quals no estem tan acostumats, i molts productes que tamb\u00e9 ens faran viatjar, passant per t\u00e8cniques i tradicions culin\u00e0ries d&#8221;altres pa\u00efsos, sense oblidar els arrossos, la preuada tonyina roja, els importants caldos i els famosos ranxos &#8216;d&#8221;a bordo&#8217;, per\u00f2 en la seva versi\u00f3 2.0. A m\u00e9s, en aquest llibre, Gessa comparteix secrets del seu Restaurant Meleta de Romer, i ens revela alguns dels plats que m\u00e9s han triomfat entre els comensals.   * En aquest segon llibre, protagonitzat per la cuina marinera, ha volgut posar en valor el producte de proximitat a trav\u00e9s de receptes de diferents tipus: tradicionals, reversionades, algunes d&#8221;adaptades a t\u00e8cniques d&#8221;altres pa\u00efsos, per\u00f2 totes amb el seu toc personal i amb producte del &#8216;terreno&#8217;.<\/p>\n","protected":false},"excerpt":{"rendered":"<p>CARAM\u00c9S N\u00da\u00d1EZ, GESSAM\u00cd<\/p>\n","protected":false},"featured_media":1070388,"template":"","meta":{"_acf_changed":false,"om_disable_all_campaigns":false,"rs_blank_template":"","rs_page_bg_color":"","slide_template_v7":"","inline_featured_image":false,"_monsterinsights_skip_tracking":false,"_monsterinsights_sitenote_active":false,"_monsterinsights_sitenote_note":"","_monsterinsights_sitenote_category":0},"product_brand":[],"product_cat":[553,103],"product_tag":[],"class_list":{"0":"post-940088","1":"product","2":"type-product","3":"status-publish","4":"has-post-thumbnail","6":"product_cat-cocina","7":"product_cat-cuina","9":"first","10":"instock","11":"taxable","12":"shipping-taxable","13":"purchasable","14":"product-type-simple"},"acf":{"autor":"CARAM\u00c9S N\u00da\u00d1EZ, GESSAM\u00cd","codart":"841356311","libros-coleccion":"Sensacions","ediciones":"1","encuadernacion":"R\u00fastica","fecha_de_publicacion":"01\/11\/2023","novedad":"1","paginas":"160","subtitulo":"62 RECEPTES DE CUINA MARINERA","orden":"0","portada":"0","idioma":"cat","booktrailer":"","resenas":"","editorial":[{"ID":6171,"post_author":"3","post_date":"2022-07-28 17:46:25","post_date_gmt":"2022-07-28 15:46:25","post_content":"","post_title":"COSSETANIA EDICIONS","post_excerpt":"","post_status":"publish","comment_status":"closed","ping_status":"closed","post_password":"","post_name":"cossetania-edicions","to_ping":"","pinged":"","post_modified":"2022-07-28 17:46:25","post_modified_gmt":"2022-07-28 15:46:25","post_content_filtered":"","post_parent":0,"guid":"http:\/\/dev.claret.cat\/editorial\/cossetania-edicions\/","menu_order":0,"post_type":"editorial","post_mime_type":"","comment_count":"0","filter":"raw"}],"autores-libros":[{"ID":156845,"post_author":"3","post_date":"2022-10-14 15:24:04","post_date_gmt":"2022-10-14 13:24:04","post_content":"","post_title":"GESSAM\u00cd CARAM\u00c9S N\u00da\u00d1EZ","post_excerpt":"","post_status":"publish","comment_status":"closed","ping_status":"closed","post_password":"","post_name":"gessami-carames-nunez","to_ping":"","pinged":"","post_modified":"2022-10-14 15:24:04","post_modified_gmt":"2022-10-14 13:24:04","post_content_filtered":"","post_parent":0,"guid":"http:\/\/dev.claret.cat\/autor\/gessami-carames-nunez\/","menu_order":0,"post_type":"autor","post_mime_type":"","comment_count":"0","filter":"raw"}]},"aioseo_notices":[],"_links":{"self":[{"href":"https:\/\/www.claret.cat\/es\/wp-json\/wp\/v2\/product\/940088","targetHints":{"allow":["GET"]}}],"collection":[{"href":"https:\/\/www.claret.cat\/es\/wp-json\/wp\/v2\/product"}],"about":[{"href":"https:\/\/www.claret.cat\/es\/wp-json\/wp\/v2\/types\/product"}],"wp:featuredmedia":[{"embeddable":true,"href":"https:\/\/www.claret.cat\/es\/wp-json\/wp\/v2\/media\/1070388"}],"wp:attachment":[{"href":"https:\/\/www.claret.cat\/es\/wp-json\/wp\/v2\/media?parent=940088"}],"wp:term":[{"taxonomy":"product_brand","embeddable":true,"href":"https:\/\/www.claret.cat\/es\/wp-json\/wp\/v2\/product_brand?post=940088"},{"taxonomy":"product_cat","embeddable":true,"href":"https:\/\/www.claret.cat\/es\/wp-json\/wp\/v2\/product_cat?post=940088"},{"taxonomy":"product_tag","embeddable":true,"href":"https:\/\/www.claret.cat\/es\/wp-json\/wp\/v2\/product_tag?post=940088"}],"curies":[{"name":"wp","href":"https:\/\/api.w.org\/{rel}","templated":true}]}}