{"id":940100,"date":"2023-11-10T01:53:32","date_gmt":"2023-11-10T00:53:32","guid":{"rendered":"https:\/\/www.claret.cat\/llibre\/imparables-2-per-que-el-mon-es-injust-9788413896779\/"},"modified":"2025-10-20T19:45:32","modified_gmt":"2025-10-20T17:45:32","slug":"imparables-2-per-que-el-mon-es-injust-9788413896779","status":"publish","type":"product","link":"https:\/\/www.claret.cat\/es\/libro\/imparables-2-per-que-el-mon-es-injust-9788413896779\/","title":{"rendered":"IMPARABLES 2. PER QU\u00c8 EL M\u00d3N \u00c9S INJUST"},"content":{"rendered":"<p>De l&#8217;autor dels best-seller S\u00e0piens<br \/> Nova entrega de la s\u00e8rie Imparables<br \/> La hist\u00f2ria de la humanitat explicada per a nens i amb il\u00b7lustracions a tot color.Segona entrega de la s\u00e8rie Imparables, en la qual Yuval Noah Harari explica als lectors m\u00e9s joves com l&#8217;Homo sapiens s&#8217;ha convertit en l&#8217;\u00e9sser viu m\u00e9s poder\u00f3s del planeta. Cada volum de la s\u00e8rie explora una part diferent de la hist\u00f2ria de la nostra esp\u00e8cie: des de la revoluci\u00f3 cognitiva fins a la revoluci\u00f3 inform\u00e0tica. Aquest nou volum relata als joves lectors com va comen\u00e7ar la revoluci\u00f3 agr\u00edcola que va donar origen a la nostra civilitzaci\u00f3, el naixement de les ciutats, els regnes, l&#8217;escriptura i tamb\u00e9 la desigualtat. Imparables constitueix una s\u00e8rie que deixa al descobert el costat m\u00e9s fosc de la nostra esp\u00e8cie, i que alhora convida a plantejar un futur d&#8217;una manera m\u00e9s optimista.<\/p>\n","protected":false},"excerpt":{"rendered":"<p>NOAH HARARI, YUVAL<\/p>\n","protected":false},"featured_media":941148,"template":"","meta":{"_acf_changed":false,"om_disable_all_campaigns":false,"rs_blank_template":"","rs_page_bg_color":"","slide_template_v7":"","inline_featured_image":false,"_monsterinsights_skip_tracking":false,"_monsterinsights_sitenote_active":false,"_monsterinsights_sitenote_note":"","_monsterinsights_sitenote_category":0},"product_brand":[],"product_cat":[133,363],"product_tag":[],"class_list":{"0":"post-940100","1":"product","2":"type-product","3":"status-publish","4":"has-post-thumbnail","6":"product_cat-lectures-per-adolescents-12-18-anys","7":"product_cat-lecturas-por-adolescentes-12-18-anos","9":"first","10":"instock","11":"taxable","12":"shipping-taxable","13":"purchasable","14":"product-type-simple"},"acf":{"autor":"NOAH HARARI, YUVAL","codart":"841389677","libros-coleccion":"FORA DE COL.LECCI\u00d3","ediciones":"1","encuadernacion":"Carton\u00e9","fecha_de_publicacion":"01\/11\/2023","novedad":"1","paginas":"161","subtitulo":"","orden":"0","portada":"1","idioma":"cat","editorial":[{"ID":6249,"post_author":"3","post_date":"2022-07-28 17:48:09","post_date_gmt":"2022-07-28 15:48:09","post_content":"","post_title":"Estrella Polar","post_excerpt":"","post_status":"publish","comment_status":"closed","ping_status":"closed","post_password":"","post_name":"estrella-polar","to_ping":"","pinged":"","post_modified":"2022-07-28 17:48:09","post_modified_gmt":"2022-07-28 15:48:09","post_content_filtered":"","post_parent":0,"guid":"http:\/\/dev.claret.cat\/editorial\/estrella-polar\/","menu_order":0,"post_type":"editorial","post_mime_type":"","comment_count":"0","filter":"raw"}],"autores-libros":[{"ID":6105,"post_author":"3","post_date":"2022-07-28 17:38:17","post_date_gmt":"2022-07-28 15:38:17","post_content":"","post_title":"YUVAL NOAH HARARI","post_excerpt":"","post_status":"publish","comment_status":"closed","ping_status":"closed","post_password":"","post_name":"yuval-noah-harari","to_ping":"","pinged":"","post_modified":"2022-07-28 17:38:17","post_modified_gmt":"2022-07-28 15:38:17","post_content_filtered":"","post_parent":0,"guid":"http:\/\/dev.claret.cat\/autor\/yuval-noah-harari\/","menu_order":0,"post_type":"autor","post_mime_type":"","comment_count":"0","filter":"raw"}],"booktrailer":"","resenas":""},"aioseo_notices":[],"_links":{"self":[{"href":"https:\/\/www.claret.cat\/es\/wp-json\/wp\/v2\/product\/940100","targetHints":{"allow":["GET"]}}],"collection":[{"href":"https:\/\/www.claret.cat\/es\/wp-json\/wp\/v2\/product"}],"about":[{"href":"https:\/\/www.claret.cat\/es\/wp-json\/wp\/v2\/types\/product"}],"wp:featuredmedia":[{"embeddable":true,"href":"https:\/\/www.claret.cat\/es\/wp-json\/wp\/v2\/media\/941148"}],"wp:attachment":[{"href":"https:\/\/www.claret.cat\/es\/wp-json\/wp\/v2\/media?parent=940100"}],"wp:term":[{"taxonomy":"product_brand","embeddable":true,"href":"https:\/\/www.claret.cat\/es\/wp-json\/wp\/v2\/product_brand?post=940100"},{"taxonomy":"product_cat","embeddable":true,"href":"https:\/\/www.claret.cat\/es\/wp-json\/wp\/v2\/product_cat?post=940100"},{"taxonomy":"product_tag","embeddable":true,"href":"https:\/\/www.claret.cat\/es\/wp-json\/wp\/v2\/product_tag?post=940100"}],"curies":[{"name":"wp","href":"https:\/\/api.w.org\/{rel}","templated":true}]}}