{"id":940112,"date":"2023-11-10T01:54:12","date_gmt":"2023-11-10T00:54:12","guid":{"rendered":"https:\/\/www.claret.cat\/llibre\/pubertat-positiva-per-a-nois-cap-a-ladolescencia-9788417207984\/"},"modified":"2024-06-15T12:15:16","modified_gmt":"2024-06-15T10:15:16","slug":"pubertat-positiva-per-a-nois-cap-a-ladolescencia-9788417207984","status":"publish","type":"product","link":"https:\/\/www.claret.cat\/es\/libro\/pubertat-positiva-per-a-nois-cap-a-ladolescencia-9788417207984\/","title":{"rendered":"PUBERTAT POSITIVA PER A NOIS &#8211; CAP A L&#8221;ADOLESC\u00c8NCIA"},"content":{"rendered":"<p>\u00abPubertat positiva per a nois \u00e9s una guia perfecta sobre el que succeeix en el cos, els sentiments i l&#8221;autoestima d&#8221;un noi en plena evoluci\u00f3. \u00c9s un llibre extremadament important i necessari per al teu fill o net.\u00bb \u2014Andrzej Gryzewski. Sex\u00f2leg, psicoterapeuta i autor supervendes.<\/p>\n<p> Pubertat positiva per a nois \u00e9s un llibre ple d&#8221;empatia i coneixement sobre la pubertat i les emocions recomanat per a nois entre 8 i 12 anys. Amb hist\u00f2ries reals!<\/p>\n<p> \u00c9s positiu per al cos perqu\u00e8:<\/p>\n<p> \u2022 Proporciona informaci\u00f3 fiable i accessible que ajuda a entendre els canvis relacionats amb la pubertat.<\/p>\n<p> \u2022 Emfatitza la connexi\u00f3 entre el cos i les emocions.<\/p>\n<p> \u2022 Ajuda a construir un llenguatge positiu cap a un mateix i el seu cos.<\/p>\n<p> \u00abAquest \u00e9s el primer llibre d&#8221;aquest tipus per a nois &#8211; un llibre revolucionari. Escrit de manera intel\u00b7ligent, accessible i interessant, basat en el coneixement m\u00e9s recent sobre el proc\u00e9s de maduraci\u00f3 dels nois i prestant atenci\u00f3 a tots els seus aspectes. Il\u00b7lustrat amb objectivitat i amb classe. Desmitifica molts estereotips, ensenya el respecte pel cos, aprofundeix la comprensi\u00f3 de la pr\u00f2pia psique. Pot ser un gran suport per als adolescents m\u00e9s joves (de 8 a 15 anys) i els seus pares!\u00bb \u2014Dra. Alicja Dlugolecka. Pedagoga i educadora sexual.<\/p>\n<p> \u00abEstic segur que la lectura d&#8221;aquest llibre ser\u00e0 una experi\u00e8ncia incre\u00efble per a tots nosaltres, tant per als nascuts abans com despr\u00e9s. No nom\u00e9s adquiriran coneixements necessaris i obriran els ulls, sin\u00f3 que tamb\u00e9 guanyaran consci\u00e8ncia sobre la import\u00e0ncia d&#8221;acceptar-nos a nosaltres mateixos tal i com som.\u00bb \u2014Przemyslaw Staron. Psic\u00f2leg, autor d&#8221;Escola d&#8221;hero\u00efnes i herois, Professor de l&#8221;Any 2018.<\/p>\n<p> \u00abEls nois gaireb\u00e9 no parlen sobre la maduraci\u00f3. I si ho fan, \u00e9s en comentaris curts o bromes. El pitjor \u00e9s que d&#8221;aquesta manera no nom\u00e9s perpetuen estereotips, sin\u00f3 que sovint reforcen tonteries completes sobre el cos i els canvis que hi ocorren. Aquesta informaci\u00f3 es &#8216;desenreda&#8217; anys despr\u00e9s. La positivitat corporal permet un comen\u00e7ament a la vida adulta des d&#8221;un nivell m\u00e9s alt. No vaig acceptar el meu cos com a aquell &#8216;noi llarg i prim&#8217; tan r\u00e0pid. M&#8221;agradaria que el meu fill s&#8221;accept\u00e9s i comprengu\u00e9s les seves emocions molt abans: quan llegeixi aquest llibre.\u00bb \u2014Krystian Hanke. Periodista de R\u00e0dio 357, autor del projecte &#8216;Tatuar&#8217;.<\/p>\n<p> \u00abLa majoria dels meus pacients tenien por i vergonya dels canvis que sorgien durant la maduraci\u00f3. Deixats a ells mateixos, creien en creences que van tenir un impacte negatiu en la seva vida adulta. Pubertat positiva per a nois \u00e9s una guia perfecta sobre el que succeeix en el cos, els sentiments i l&#8221;autoestima d&#8221;un noi en ple desenvolupament. \u00c9s un llibre extremadament important i necessari per al teu fill o net.\u00bb \u2014Andrzej Gryzewski. Sex\u00f2leg, psicoterapeuta i autor supervendes.<\/p>\n<p> Altres llibres similars d&#8221;Edicions del Pirata:<\/p>\n<p> \u2022 Pubertat positiva per a noies<\/p>\n","protected":false},"excerpt":{"rendered":"<p>PIETRUSZCZAK, B\u00c1RBARA<\/p>\n","protected":false},"featured_media":970516,"template":"","meta":{"_acf_changed":false,"om_disable_all_campaigns":false,"rs_blank_template":"","rs_page_bg_color":"","slide_template_v7":"","inline_featured_image":false,"_monsterinsights_skip_tracking":false,"_monsterinsights_sitenote_active":false,"_monsterinsights_sitenote_note":"","_monsterinsights_sitenote_category":0},"product_brand":[],"product_cat":[133,363],"product_tag":[],"class_list":{"0":"post-940112","1":"product","2":"type-product","3":"status-publish","4":"has-post-thumbnail","6":"product_cat-lectures-per-adolescents-12-18-anys","7":"product_cat-lecturas-por-adolescentes-12-18-anos","9":"first","10":"instock","11":"taxable","12":"shipping-taxable","13":"purchasable","14":"product-type-simple"},"acf":{"autor":"PIETRUSZCZAK, B\u00c1RBARA","codart":"841720798","libros-coleccion":"FORA DE COL.LECCI\u00d3","ediciones":"1","encuadernacion":"Carton\u00e9","fecha_de_publicacion":"01\/11\/2023","novedad":"1","paginas":"208","subtitulo":"GUIA DE POSITIVITAT CORPORAL, DELS CANVIS AL COS I EN LES EMOCIONS. A PARTIR DE","orden":"0","portada":"0","idioma":"spa","editorial":[{"ID":147881,"post_author":"3","post_date":"2022-10-14 11:53:55","post_date_gmt":"2022-10-14 09:53:55","post_content":"","post_title":"EDICIONS DEL PIRATA","post_excerpt":"","post_status":"publish","comment_status":"closed","ping_status":"closed","post_password":"","post_name":"edicions-del-pirata","to_ping":"","pinged":"","post_modified":"2022-10-14 11:53:55","post_modified_gmt":"2022-10-14 09:53:55","post_content_filtered":"","post_parent":0,"guid":"http:\/\/dev.claret.cat\/editorial\/edicions-del-pirata\/","menu_order":0,"post_type":"editorial","post_mime_type":"","comment_count":"0","filter":"raw"}],"autores-libros":[{"ID":887367,"post_author":"3","post_date":"2023-11-03 16:02:32","post_date_gmt":"2023-11-03 15:02:32","post_content":"","post_title":"B\u00c1RBARA PIETRUSZCZAK","post_excerpt":"","post_status":"publish","comment_status":"closed","ping_status":"closed","post_password":"","post_name":"barbara-pietruszczak","to_ping":"","pinged":"","post_modified":"2023-11-03 16:02:32","post_modified_gmt":"2023-11-03 15:02:32","post_content_filtered":"","post_parent":0,"guid":"https:\/\/www.claret.cat\/autor\/barbara-pietruszczak\/","menu_order":0,"post_type":"autor","post_mime_type":"","comment_count":"0","filter":"raw"}]},"aioseo_notices":[],"_links":{"self":[{"href":"https:\/\/www.claret.cat\/es\/wp-json\/wp\/v2\/product\/940112","targetHints":{"allow":["GET"]}}],"collection":[{"href":"https:\/\/www.claret.cat\/es\/wp-json\/wp\/v2\/product"}],"about":[{"href":"https:\/\/www.claret.cat\/es\/wp-json\/wp\/v2\/types\/product"}],"wp:featuredmedia":[{"embeddable":true,"href":"https:\/\/www.claret.cat\/es\/wp-json\/wp\/v2\/media\/970516"}],"wp:attachment":[{"href":"https:\/\/www.claret.cat\/es\/wp-json\/wp\/v2\/media?parent=940112"}],"wp:term":[{"taxonomy":"product_brand","embeddable":true,"href":"https:\/\/www.claret.cat\/es\/wp-json\/wp\/v2\/product_brand?post=940112"},{"taxonomy":"product_cat","embeddable":true,"href":"https:\/\/www.claret.cat\/es\/wp-json\/wp\/v2\/product_cat?post=940112"},{"taxonomy":"product_tag","embeddable":true,"href":"https:\/\/www.claret.cat\/es\/wp-json\/wp\/v2\/product_tag?post=940112"}],"curies":[{"name":"wp","href":"https:\/\/api.w.org\/{rel}","templated":true}]}}