{"id":940190,"date":"2023-11-10T01:58:34","date_gmt":"2023-11-10T00:58:34","guid":{"rendered":"https:\/\/www.claret.cat\/llibre\/12-momentos-magicos-del-rock-9788418703713\/"},"modified":"2023-11-10T01:58:41","modified_gmt":"2023-11-10T00:58:41","slug":"12-momentos-magicos-del-rock-9788418703713","status":"publish","type":"product","link":"https:\/\/www.claret.cat\/es\/libro\/12-momentos-magicos-del-rock-9788418703713\/","title":{"rendered":"12 MOMENTOS M\u00c1GICOS DEL ROCK"},"content":{"rendered":"<p>La historia del Rock \u2018n\u2019 Roll como jam\u00e1s te la contaron<br \/>Chispazos de la historia de la cultura rockera contados con maestr\u00eda y criterio.<br \/>\u00abUn libro de lectura apasionante, interesante, l\u00fadico, original y divertido\u00bb. Jordi Sierra i Fabra<br \/>Entremos en el t\u00fanel del tiempo del rock &amp; roll y conozcamos al diablo de las seis cuerdas, ese amor que fue m\u00e1s all\u00e1 de la muerte, el tri\u00e1ngulo amoroso m\u00e1s famoso, un flechazo de ascensor, el beb\u00e9 que hizo historia, c\u00f3mo los tiempos cambiaron en Woodstock, segregaci\u00f3n racial y rock, el humo que ceg\u00f3 a Frank Zappa y sus Madres, los enigmas tras el \u00faltimo \u00e1lbum de The Beatles.<\/p>\n<p>Este libro, a trav\u00e9s de una narraci\u00f3n innovadora, da un nuevo giro a estos doce viajes eternos que nos llevan a todo aquello que nos cambi\u00f3 la vida y nos dio la energ\u00eda para llegar hasta aqu\u00ed.<\/p>\n<p>\u00bfPudo un an\u00f3nimo brujo africano hechizar a toda la raza humana?<br \/>\u00bfPuede perdurar el amor m\u00e1s all\u00e1 de la muerte?<br \/>\u00bfQu\u00e9 sucedi\u00f3 realmente entre Leonard Cohen y Janis Joplin en la habitaci\u00f3n 424 del Chelsea Hotel?<br \/>\u00bfHubiesen triunfado los Stones si el Titanic no se hubiese hundido?<br \/>\u00bfConsiguieron resumir los Beatles toda su vida y su historia art\u00edstica en 38 segundos musicales?<br \/>\u00bfCu\u00e1l pudo ser el tri\u00e1ngulo amoroso m\u00e1s famoso del Rock?<br \/>Con ilustraciones de la artista gr\u00e1fica Andrea de Castro muy originales e innovadoras y tambi\u00e9n emotivas que nos trasladan no solo a los lugares sino tambi\u00e9n al coraz\u00f3n de los artistas que vivieron esos momentos m\u00e1gicos.<\/p>\n<p>Adem\u00e1s, diversos QRs con links a famosas canciones acompa\u00f1an el relato.<\/p>\n","protected":false},"excerpt":{"rendered":"<p>CLOTET SOPE\u00d1A, JOSEP<\/p>\n","protected":false},"featured_media":940191,"template":"","meta":{"_acf_changed":false,"om_disable_all_campaigns":false,"rs_blank_template":"","rs_page_bg_color":"","slide_template_v7":"","inline_featured_image":false,"_monsterinsights_skip_tracking":false,"_monsterinsights_sitenote_active":false,"_monsterinsights_sitenote_note":"","_monsterinsights_sitenote_category":0},"product_brand":[],"product_cat":[111,332],"product_tag":[],"class_list":{"0":"post-940190","1":"product","2":"type-product","3":"status-publish","4":"has-post-thumbnail","6":"product_cat-musica","7":"product_cat-musica-4_escolar-spa","9":"first","10":"instock","11":"taxable","12":"shipping-taxable","13":"purchasable","14":"product-type-simple"},"acf":{"autor":"CLOTET SOPE\u00d1A, JOSEP","codart":"841870371","libros-coleccion":"Alcance","ediciones":"1","encuadernacion":"Carton\u00e9","fecha_de_publicacion":"01\/10\/2023","novedad":"1","paginas":"128","subtitulo":"LA HISTORIA DEL ROCK 'N' ROLL COMO JAM\u00c1S TE LA CONTARON","orden":"0","portada":"0","idioma":"spa"},"aioseo_notices":[],"_links":{"self":[{"href":"https:\/\/www.claret.cat\/es\/wp-json\/wp\/v2\/product\/940190","targetHints":{"allow":["GET"]}}],"collection":[{"href":"https:\/\/www.claret.cat\/es\/wp-json\/wp\/v2\/product"}],"about":[{"href":"https:\/\/www.claret.cat\/es\/wp-json\/wp\/v2\/types\/product"}],"wp:featuredmedia":[{"embeddable":true,"href":"https:\/\/www.claret.cat\/es\/wp-json\/wp\/v2\/media\/940191"}],"wp:attachment":[{"href":"https:\/\/www.claret.cat\/es\/wp-json\/wp\/v2\/media?parent=940190"}],"wp:term":[{"taxonomy":"product_brand","embeddable":true,"href":"https:\/\/www.claret.cat\/es\/wp-json\/wp\/v2\/product_brand?post=940190"},{"taxonomy":"product_cat","embeddable":true,"href":"https:\/\/www.claret.cat\/es\/wp-json\/wp\/v2\/product_cat?post=940190"},{"taxonomy":"product_tag","embeddable":true,"href":"https:\/\/www.claret.cat\/es\/wp-json\/wp\/v2\/product_tag?post=940190"}],"curies":[{"name":"wp","href":"https:\/\/api.w.org\/{rel}","templated":true}]}}