{"id":940338,"date":"2023-11-10T02:09:43","date_gmt":"2023-11-10T01:09:43","guid":{"rendered":"https:\/\/www.claret.cat\/llibre\/aion-9788498792201\/"},"modified":"2023-11-13T12:21:19","modified_gmt":"2023-11-13T11:21:19","slug":"aion-9788498792201","status":"publish","type":"product","link":"https:\/\/www.claret.cat\/es\/libro\/aion-9788498792201\/","title":{"rendered":"AION"},"content":{"rendered":"<p>Esta amplia monograf\u00eda explora el arquetipo del s\u00ed-mismo a partir del estudio de la idea del e\u00f3n cristiano. La tradici\u00f3n cristiana no solo est\u00e1 imbuida desde su comienzo por la idea, inicialmente perso-jud\u00eda, del final de los tiempos, sino que est\u00e1 asimismo llena del presentimiento de la inversi\u00f3n expresada en el dilema Cristo-Anticristo. La mayor parte de las especulaciones hist\u00f3ricas en torno a los per\u00edodos temporales han estado probablemente influidas, como ya muestra el Apocalipsis, por ideas astrol\u00f3gicas. Por tanto, la investigaci\u00f3n se centra principalmente en el s\u00edmbolo del pez, puesto que el e\u00f3n de Piscis ha constituido el fen\u00f3meno concomitante sincron\u00edstico de los dos mil a\u00f1os de evoluci\u00f3n espiritual cristiana.<\/p>\n","protected":false},"excerpt":{"rendered":"<p>JUNG, CARL GUSTAV<\/p>\n","protected":false},"featured_media":940339,"template":"","meta":{"_acf_changed":false,"om_disable_all_campaigns":false,"rs_blank_template":"","rs_page_bg_color":"","slide_template_v7":"","inline_featured_image":false,"_monsterinsights_skip_tracking":false,"_monsterinsights_sitenote_active":false,"_monsterinsights_sitenote_note":"","_monsterinsights_sitenote_category":0},"product_brand":[],"product_cat":[90,540],"product_tag":[],"class_list":{"0":"post-940338","1":"product","2":"type-product","3":"status-publish","4":"has-post-thumbnail","6":"product_cat-altres","7":"product_cat-otros","9":"first","10":"instock","11":"taxable","12":"shipping-taxable","13":"purchasable","14":"product-type-simple"},"acf":{"autor":"JUNG, CARL GUSTAV","codart":"849879220","libros-coleccion":"FORA DE COL.LECCI\u00d3","ediciones":"1","encuadernacion":"Carton\u00e9","fecha_de_publicacion":"01\/06\/2011","novedad":"0","paginas":"334","subtitulo":"CONTRIBUCIONES AL SIMBOLISMO DEL S\u00cd-MISMO. VOLUMEN 9\/2","orden":"0","portada":"0","idioma":"spa","editorial":[{"ID":6237,"post_author":"3","post_date":"2022-07-28 17:47:53","post_date_gmt":"2022-07-28 15:47:53","post_content":"","post_title":"Editorial Trotta","post_excerpt":"","post_status":"publish","comment_status":"closed","ping_status":"closed","post_password":"","post_name":"editorial-trotta","to_ping":"","pinged":"","post_modified":"2022-07-28 17:47:53","post_modified_gmt":"2022-07-28 15:47:53","post_content_filtered":"","post_parent":0,"guid":"http:\/\/dev.claret.cat\/editorial\/editorial-trotta\/","menu_order":0,"post_type":"editorial","post_mime_type":"","comment_count":"0","filter":"raw"}],"autores-libros":[{"ID":152091,"post_author":"3","post_date":"2022-10-14 14:46:02","post_date_gmt":"2022-10-14 12:46:02","post_content":"","post_title":"CARL GUSTAV JUNG","post_excerpt":"","post_status":"publish","comment_status":"closed","ping_status":"closed","post_password":"","post_name":"carl-gustav-jung","to_ping":"","pinged":"","post_modified":"2022-10-14 14:46:02","post_modified_gmt":"2022-10-14 12:46:02","post_content_filtered":"","post_parent":0,"guid":"http:\/\/dev.claret.cat\/autor\/carl-gustav-jung\/","menu_order":0,"post_type":"autor","post_mime_type":"","comment_count":"0","filter":"raw"}]},"aioseo_notices":[],"_links":{"self":[{"href":"https:\/\/www.claret.cat\/es\/wp-json\/wp\/v2\/product\/940338","targetHints":{"allow":["GET"]}}],"collection":[{"href":"https:\/\/www.claret.cat\/es\/wp-json\/wp\/v2\/product"}],"about":[{"href":"https:\/\/www.claret.cat\/es\/wp-json\/wp\/v2\/types\/product"}],"wp:featuredmedia":[{"embeddable":true,"href":"https:\/\/www.claret.cat\/es\/wp-json\/wp\/v2\/media\/940339"}],"wp:attachment":[{"href":"https:\/\/www.claret.cat\/es\/wp-json\/wp\/v2\/media?parent=940338"}],"wp:term":[{"taxonomy":"product_brand","embeddable":true,"href":"https:\/\/www.claret.cat\/es\/wp-json\/wp\/v2\/product_brand?post=940338"},{"taxonomy":"product_cat","embeddable":true,"href":"https:\/\/www.claret.cat\/es\/wp-json\/wp\/v2\/product_cat?post=940338"},{"taxonomy":"product_tag","embeddable":true,"href":"https:\/\/www.claret.cat\/es\/wp-json\/wp\/v2\/product_tag?post=940338"}],"curies":[{"name":"wp","href":"https:\/\/api.w.org\/{rel}","templated":true}]}}