{"id":940341,"date":"2023-11-10T02:09:53","date_gmt":"2023-11-10T01:09:53","guid":{"rendered":"https:\/\/www.claret.cat\/llibre\/la-vida-simbolica-9788498790825\/"},"modified":"2023-11-13T12:21:12","modified_gmt":"2023-11-13T11:21:12","slug":"la-vida-simbolica-9788498790825","status":"publish","type":"product","link":"https:\/\/www.claret.cat\/es\/libro\/la-vida-simbolica-9788498790825\/","title":{"rendered":"LA VIDA SIMB\u00d3LICA"},"content":{"rendered":"<p>Esta colecci\u00f3n abarca pr\u00e1cticamente todos los intereses profesionales e intelectuales de Jung durante toda una vida dedicada a la interpretaci\u00f3n del s\u00edmbolo. Entre estos escritos destacan Sobre el simbolismo, Dos escritos sobre psicolog\u00eda anal\u00edtica, La din\u00e1mica de lo inconsciente,Los arquetipos y lo inconsciente colectivo, Civilizaci\u00f3n en transici\u00f3n, Psicolog\u00eda y religi\u00f3n y Estudios de alquimia.<\/p>\n","protected":false},"excerpt":{"rendered":"<p>JUNG, CARL GUSTAV<\/p>\n","protected":false},"featured_media":940342,"template":"","meta":{"_acf_changed":false,"om_disable_all_campaigns":false,"rs_blank_template":"","rs_page_bg_color":"","slide_template_v7":"","inline_featured_image":false,"_monsterinsights_skip_tracking":false,"_monsterinsights_sitenote_active":false,"_monsterinsights_sitenote_note":"","_monsterinsights_sitenote_category":0},"product_brand":[],"product_cat":[90,540],"product_tag":[],"class_list":{"0":"post-940341","1":"product","2":"type-product","3":"status-publish","4":"has-post-thumbnail","6":"product_cat-altres","7":"product_cat-otros","9":"first","10":"instock","11":"taxable","12":"shipping-taxable","13":"purchasable","14":"product-type-simple"},"acf":{"autor":"JUNG, CARL GUSTAV","codart":"849879082","libros-coleccion":"FORA DE COL.LECCI\u00d3","ediciones":"1","encuadernacion":"R\u00fastica","fecha_de_publicacion":"01\/11\/2009","novedad":"0","paginas":"472","subtitulo":"VOLUMEN 18\/2","orden":"0","portada":"0","idioma":"spa","editorial":[{"ID":6237,"post_author":"3","post_date":"2022-07-28 17:47:53","post_date_gmt":"2022-07-28 15:47:53","post_content":"","post_title":"Editorial Trotta","post_excerpt":"","post_status":"publish","comment_status":"closed","ping_status":"closed","post_password":"","post_name":"editorial-trotta","to_ping":"","pinged":"","post_modified":"2022-07-28 17:47:53","post_modified_gmt":"2022-07-28 15:47:53","post_content_filtered":"","post_parent":0,"guid":"http:\/\/dev.claret.cat\/editorial\/editorial-trotta\/","menu_order":0,"post_type":"editorial","post_mime_type":"","comment_count":"0","filter":"raw"}],"autores-libros":[{"ID":152091,"post_author":"3","post_date":"2022-10-14 14:46:02","post_date_gmt":"2022-10-14 12:46:02","post_content":"","post_title":"CARL GUSTAV JUNG","post_excerpt":"","post_status":"publish","comment_status":"closed","ping_status":"closed","post_password":"","post_name":"carl-gustav-jung","to_ping":"","pinged":"","post_modified":"2022-10-14 14:46:02","post_modified_gmt":"2022-10-14 12:46:02","post_content_filtered":"","post_parent":0,"guid":"http:\/\/dev.claret.cat\/autor\/carl-gustav-jung\/","menu_order":0,"post_type":"autor","post_mime_type":"","comment_count":"0","filter":"raw"}]},"aioseo_notices":[],"_links":{"self":[{"href":"https:\/\/www.claret.cat\/es\/wp-json\/wp\/v2\/product\/940341","targetHints":{"allow":["GET"]}}],"collection":[{"href":"https:\/\/www.claret.cat\/es\/wp-json\/wp\/v2\/product"}],"about":[{"href":"https:\/\/www.claret.cat\/es\/wp-json\/wp\/v2\/types\/product"}],"wp:featuredmedia":[{"embeddable":true,"href":"https:\/\/www.claret.cat\/es\/wp-json\/wp\/v2\/media\/940342"}],"wp:attachment":[{"href":"https:\/\/www.claret.cat\/es\/wp-json\/wp\/v2\/media?parent=940341"}],"wp:term":[{"taxonomy":"product_brand","embeddable":true,"href":"https:\/\/www.claret.cat\/es\/wp-json\/wp\/v2\/product_brand?post=940341"},{"taxonomy":"product_cat","embeddable":true,"href":"https:\/\/www.claret.cat\/es\/wp-json\/wp\/v2\/product_cat?post=940341"},{"taxonomy":"product_tag","embeddable":true,"href":"https:\/\/www.claret.cat\/es\/wp-json\/wp\/v2\/product_tag?post=940341"}],"curies":[{"name":"wp","href":"https:\/\/api.w.org\/{rel}","templated":true}]}}