{"id":940353,"date":"2023-11-10T02:10:39","date_gmt":"2023-11-10T01:10:39","guid":{"rendered":"https:\/\/www.claret.cat\/llibre\/acerca-de-la-psicologia-de-la-religion-occidental-y-de-la-religion-oriental-9788481649024\/"},"modified":"2023-11-13T12:20:55","modified_gmt":"2023-11-13T11:20:55","slug":"acerca-de-la-psicologia-de-la-religion-occidental-y-de-la-religion-oriental-9788481649024","status":"publish","type":"product","link":"https:\/\/www.claret.cat\/es\/libro\/acerca-de-la-psicologia-de-la-religion-occidental-y-de-la-religion-oriental-9788481649024\/","title":{"rendered":"ACERCA DE LA PSICOLOG\u00cdA DE LA RELIGI\u00d3N OCCIDENTAL Y DE LA RELIGI\u00d3N ORIENTAL"},"content":{"rendered":"<p>La religi\u00f3n ocupa un lugar central en la obra de Jung quien, especialmente en los escritos de sus \u00faltimos a\u00f1os, prest\u00f3 una atenci\u00f3n especial al fen\u00f3meno religioso. El gran m\u00e9rito de Jung estriba en haber sabido reconocer que las representaciones originarias que subyacen y son comunes a las distintas religiones constituyen contenidos arquet\u00edpicos del alma humana. La primera parte de este volumen reune escritos como &#8216;Psicolog\u00eda y religi\u00f3n&#8217; o &#8216;Respuesta a Job&#8217;. En la segunda se recopilan sobre todo comentarios y pr\u00f3logos a textos religiosos orientales como I Ching o el Bardo Todol.<\/p>\n","protected":false},"excerpt":{"rendered":"<p>JUNG, CARL GUSTAV<\/p>\n","protected":false},"featured_media":940354,"template":"","meta":{"_acf_changed":false,"om_disable_all_campaigns":false,"rs_blank_template":"","rs_page_bg_color":"","slide_template_v7":"","inline_featured_image":false,"_monsterinsights_skip_tracking":false,"_monsterinsights_sitenote_active":false,"_monsterinsights_sitenote_note":"","_monsterinsights_sitenote_category":0},"product_brand":[],"product_cat":[90,540],"product_tag":[],"class_list":{"0":"post-940353","1":"product","2":"type-product","3":"status-publish","4":"has-post-thumbnail","6":"product_cat-altres","7":"product_cat-otros","9":"first","10":"instock","11":"taxable","12":"shipping-taxable","13":"purchasable","14":"product-type-simple"},"acf":{"autor":"JUNG, CARL GUSTAV","codart":"848164902","libros-coleccion":"FORA DE COL.LECCI\u00d3","ediciones":"1","encuadernacion":"R\u00fastica","fecha_de_publicacion":"01\/01\/2009","novedad":"0","paginas":"712","subtitulo":"","orden":"0","portada":"0","idioma":"spa","editorial":[{"ID":6237,"post_author":"3","post_date":"2022-07-28 17:47:53","post_date_gmt":"2022-07-28 15:47:53","post_content":"","post_title":"Editorial Trotta","post_excerpt":"","post_status":"publish","comment_status":"closed","ping_status":"closed","post_password":"","post_name":"editorial-trotta","to_ping":"","pinged":"","post_modified":"2022-07-28 17:47:53","post_modified_gmt":"2022-07-28 15:47:53","post_content_filtered":"","post_parent":0,"guid":"http:\/\/dev.claret.cat\/editorial\/editorial-trotta\/","menu_order":0,"post_type":"editorial","post_mime_type":"","comment_count":"0","filter":"raw"}],"autores-libros":[{"ID":152091,"post_author":"3","post_date":"2022-10-14 14:46:02","post_date_gmt":"2022-10-14 12:46:02","post_content":"","post_title":"CARL GUSTAV JUNG","post_excerpt":"","post_status":"publish","comment_status":"closed","ping_status":"closed","post_password":"","post_name":"carl-gustav-jung","to_ping":"","pinged":"","post_modified":"2022-10-14 14:46:02","post_modified_gmt":"2022-10-14 12:46:02","post_content_filtered":"","post_parent":0,"guid":"http:\/\/dev.claret.cat\/autor\/carl-gustav-jung\/","menu_order":0,"post_type":"autor","post_mime_type":"","comment_count":"0","filter":"raw"}]},"aioseo_notices":[],"_links":{"self":[{"href":"https:\/\/www.claret.cat\/es\/wp-json\/wp\/v2\/product\/940353","targetHints":{"allow":["GET"]}}],"collection":[{"href":"https:\/\/www.claret.cat\/es\/wp-json\/wp\/v2\/product"}],"about":[{"href":"https:\/\/www.claret.cat\/es\/wp-json\/wp\/v2\/types\/product"}],"wp:featuredmedia":[{"embeddable":true,"href":"https:\/\/www.claret.cat\/es\/wp-json\/wp\/v2\/media\/940354"}],"wp:attachment":[{"href":"https:\/\/www.claret.cat\/es\/wp-json\/wp\/v2\/media?parent=940353"}],"wp:term":[{"taxonomy":"product_brand","embeddable":true,"href":"https:\/\/www.claret.cat\/es\/wp-json\/wp\/v2\/product_brand?post=940353"},{"taxonomy":"product_cat","embeddable":true,"href":"https:\/\/www.claret.cat\/es\/wp-json\/wp\/v2\/product_cat?post=940353"},{"taxonomy":"product_tag","embeddable":true,"href":"https:\/\/www.claret.cat\/es\/wp-json\/wp\/v2\/product_tag?post=940353"}],"curies":[{"name":"wp","href":"https:\/\/api.w.org\/{rel}","templated":true}]}}