{"id":940406,"date":"2023-11-10T12:00:03","date_gmt":"2023-11-10T11:00:03","guid":{"rendered":"https:\/\/www.claret.cat\/llibre\/ludwig-binswanger-y-el-analisis-existencial-9788432320682\/"},"modified":"2024-05-24T03:34:10","modified_gmt":"2024-05-24T01:34:10","slug":"ludwig-binswanger-y-el-analisis-existencial-9788432320682","status":"publish","type":"product","link":"https:\/\/www.claret.cat\/es\/libro\/ludwig-binswanger-y-el-analisis-existencial-9788432320682\/","title":{"rendered":"LUDWIG BINSWANGER Y EL AN\u00c1LISIS EXISTENCIAL"},"content":{"rendered":"<p>\u00bfHay un Foucault que no conozcamos todav\u00eda, o no lo suficiente? Los cursos en el Coll\u00e8ge de France, impartidos entre 1970 y 1984, focalizaron la atenci\u00f3n de lectores y especialistas en el \u00faltimo Foucault, preocupado por indagar una \u00e9tica y una est\u00e9tica de la existencia en el mundo grecorromano. Este libro, y otros cursos y trabajos in\u00e9ditos que ir\u00e1n apareciendo en esta serie, invitan a girar la mirada hacia el joven Foucault, el que entre 1949 y 1954 se grad\u00faa en Psicolog\u00eda y Psicopatolog\u00eda, asiste al seminario de los mi\u00e9rcoles de Jacques Lacan y trabaja en el hospital psiqui\u00e1trico de Sainte-Anne, al tiempo que se propone interrogar desde este campo sus inquietudes filos\u00f3ficas. \u00bfQu\u00e9 le interesa a Foucault del psiquiatra suizo Ludwig Binswanger, amigo de Jung y de Freud? \u00bfQu\u00e9 busca en sus casos cl\u00ednicos con pacientes que padecen distintas formas de psicosis o esquizofrenia, y s\u00edntomas como trastornos alimentarios, agorafobia, imposibilidad de tramitar duelos, p\u00e1nico? En el an\u00e1lisis existencial que despliega Binswanger, abordando la enfermedad mental en su singularidad y no como trastorno o desv\u00edo de una norm<\/p>\n","protected":false},"excerpt":{"rendered":"<p>FOUCAULT, MICHEL<\/p>\n","protected":false},"featured_media":940407,"template":"","meta":{"_acf_changed":false,"om_disable_all_campaigns":false,"rs_blank_template":"","rs_page_bg_color":"","slide_template_v7":"","inline_featured_image":false,"_monsterinsights_skip_tracking":false,"_monsterinsights_sitenote_active":false,"_monsterinsights_sitenote_note":"","_monsterinsights_sitenote_category":0},"product_brand":[],"product_cat":[90,540],"product_tag":[],"class_list":{"0":"post-940406","1":"product","2":"type-product","3":"status-publish","4":"has-post-thumbnail","6":"product_cat-altres","7":"product_cat-otros","9":"first","10":"instock","11":"taxable","12":"shipping-taxable","13":"purchasable","14":"product-type-simple"},"acf":{"autor":"FOUCAULT, MICHEL","codart":"843232068","libros-coleccion":"FORA DE COL.LECCI\u00d3","ediciones":"1","encuadernacion":"R\u00fastica","fecha_de_publicacion":"01\/08\/2023","novedad":"0","paginas":"253","subtitulo":"UN ENFOQUE FILOS\u00d3FICO DE LA ENFERMEDAD MENTAL","orden":"0","portada":"0","idioma":"spa","editorial":[{"ID":6363,"post_author":"3","post_date":"2022-07-28 17:50:35","post_date_gmt":"2022-07-28 15:50:35","post_content":"","post_title":"SIGLO XXI, EDICIONES","post_excerpt":"","post_status":"publish","comment_status":"closed","ping_status":"closed","post_password":"","post_name":"siglo-xxi-ediciones","to_ping":"","pinged":"","post_modified":"2022-07-28 17:50:35","post_modified_gmt":"2022-07-28 15:50:35","post_content_filtered":"","post_parent":0,"guid":"http:\/\/dev.claret.cat\/editorial\/siglo-xxi-ediciones\/","menu_order":0,"post_type":"editorial","post_mime_type":"","comment_count":"0","filter":"raw"}],"autores-libros":[{"ID":164851,"post_author":"3","post_date":"2022-10-14 17:50:23","post_date_gmt":"2022-10-14 15:50:23","post_content":"","post_title":"MICHEL FOUCAULT","post_excerpt":"","post_status":"publish","comment_status":"closed","ping_status":"closed","post_password":"","post_name":"michel-foucault","to_ping":"","pinged":"","post_modified":"2022-10-14 17:50:23","post_modified_gmt":"2022-10-14 15:50:23","post_content_filtered":"","post_parent":0,"guid":"http:\/\/dev.claret.cat\/autor\/michel-foucault\/","menu_order":0,"post_type":"autor","post_mime_type":"","comment_count":"0","filter":"raw"}]},"aioseo_notices":[],"_links":{"self":[{"href":"https:\/\/www.claret.cat\/es\/wp-json\/wp\/v2\/product\/940406","targetHints":{"allow":["GET"]}}],"collection":[{"href":"https:\/\/www.claret.cat\/es\/wp-json\/wp\/v2\/product"}],"about":[{"href":"https:\/\/www.claret.cat\/es\/wp-json\/wp\/v2\/types\/product"}],"wp:featuredmedia":[{"embeddable":true,"href":"https:\/\/www.claret.cat\/es\/wp-json\/wp\/v2\/media\/940407"}],"wp:attachment":[{"href":"https:\/\/www.claret.cat\/es\/wp-json\/wp\/v2\/media?parent=940406"}],"wp:term":[{"taxonomy":"product_brand","embeddable":true,"href":"https:\/\/www.claret.cat\/es\/wp-json\/wp\/v2\/product_brand?post=940406"},{"taxonomy":"product_cat","embeddable":true,"href":"https:\/\/www.claret.cat\/es\/wp-json\/wp\/v2\/product_cat?post=940406"},{"taxonomy":"product_tag","embeddable":true,"href":"https:\/\/www.claret.cat\/es\/wp-json\/wp\/v2\/product_tag?post=940406"}],"curies":[{"name":"wp","href":"https:\/\/api.w.org\/{rel}","templated":true}]}}