{"id":940409,"date":"2023-11-10T12:05:03","date_gmt":"2023-11-10T11:05:03","guid":{"rendered":"https:\/\/www.claret.cat\/llibre\/la-sexualidad-9788446050353\/"},"modified":"2024-05-23T22:28:09","modified_gmt":"2024-05-23T20:28:09","slug":"la-sexualidad-9788446050353","status":"publish","type":"product","link":"https:\/\/www.claret.cat\/es\/libro\/la-sexualidad-9788446050353\/","title":{"rendered":"LA SEXUALIDAD"},"content":{"rendered":"<p>&#8216;Un imprescindible curso que completa el canon foucaultiano, in\u00e9dito en Espa\u00f1a.<\/p>\n<p>Michel Foucault hab\u00eda comenzado el proyecto de una historia de la sexualidad ya en la d\u00e9cada de 1960, y le hab\u00eda dedicado dos cursos, hasta hoy in\u00e9ditos. El primero, impartido en Clermont-Ferrand en 1964, examina las condiciones del surgimiento en Occidente de una conciencia problem\u00e1tica y una experiencia tr\u00e1gica de la sexualidad, as\u00ed como el conocimiento que la toma como objeto. Partiendo de una reflexi\u00f3n sobre la evoluci\u00f3n de la condici\u00f3n de la mujer y el derecho del matrimonio, este curso aborda todo el conjunto de saberes sobre la sexualidad, desde la biolog\u00eda o la etolog\u00eda hasta el psicoan\u00e1lisis.<\/p>\n<p>El segundo curso, impartido en Vincennes en 1969, ampl\u00eda estas cuestiones. A Foucault le interesa detalladamente la aparici\u00f3n de los conocimientos biol\u00f3gicos sobre la sexualidad y la forma en que se invirti\u00f3 en una serie de utop\u00edas a lo largo de los siglos xix y xx: utop\u00edas transgresoras, desde Sade hasta la Histoire d\u2019O, y utop\u00edas integradoras, destinadas a reconciliar la sociedad y la naturaleza sexual del hombre, desde Fourier hasta Marcuse. Es esta una oportunidad muy fecunda para que Foucault profundice en su genealog\u00eda cr\u00edtica del doble tema de la sexualidad natural y la liberaci\u00f3n sexual, que comenz\u00f3 en 1964 pero que adquiri\u00f3 un significado a\u00fan mayor despu\u00e9s de mayo de 1968.<\/p>\n<p>Estos cursos son dos hitos esenciales para una arqueolog\u00eda de la sexualidad como experiencia moderna. En ellos descubrimos un Foucault que no duda en utilizar los datos biol\u00f3gicos sobre la sexualidad contra una cierta concepci\u00f3n estrecha del sujeto humano, un Foucault atento a mantener el potencial transgresor contenido en la experiencia sexual y a analizar las condiciones econ\u00f3micas, sociales y epistemol\u00f3gicas de su reciente constituci\u00f3n como objeto de conocimiento y como cuesti\u00f3n pol\u00edtica.&#8217;<\/p>\n","protected":false},"excerpt":{"rendered":"<p>FOUCAULT, MICHEL<\/p>\n","protected":false},"featured_media":940410,"template":"","meta":{"_acf_changed":false,"om_disable_all_campaigns":false,"rs_blank_template":"","rs_page_bg_color":"","slide_template_v7":"","inline_featured_image":false,"_monsterinsights_skip_tracking":false,"_monsterinsights_sitenote_active":false,"_monsterinsights_sitenote_note":"","_monsterinsights_sitenote_category":0},"product_brand":[],"product_cat":[90,540],"product_tag":[],"class_list":{"0":"post-940409","1":"product","2":"type-product","3":"status-publish","4":"has-post-thumbnail","6":"product_cat-altres","7":"product_cat-otros","9":"first","10":"instock","11":"taxable","12":"shipping-taxable","13":"purchasable","14":"product-type-simple"},"acf":{"autor":"FOUCAULT, MICHEL","codart":"844605035","libros-coleccion":"Universitaria","ediciones":"1","encuadernacion":"R\u00fastica","fecha_de_publicacion":"01\/02\/2021","novedad":"0","paginas":"328","subtitulo":"DO DE EL DISCURSO DE LA SEXUALIDAD. CURSOS EN CLERMONT-FERRAND (1964) Y VINCENNE","orden":"0","portada":"0","idioma":"spa","editorial":[{"ID":6115,"post_author":"3","post_date":"2022-07-28 17:45:13","post_date_gmt":"2022-07-28 15:45:13","post_content":"","post_title":"AKAL, EDICIONES S.A.","post_excerpt":"","post_status":"publish","comment_status":"closed","ping_status":"closed","post_password":"","post_name":"akal-ediciones-s-a","to_ping":"","pinged":"","post_modified":"2022-07-28 17:45:13","post_modified_gmt":"2022-07-28 15:45:13","post_content_filtered":"","post_parent":0,"guid":"http:\/\/dev.claret.cat\/editorial\/akal-ediciones-s-a\/","menu_order":0,"post_type":"editorial","post_mime_type":"","comment_count":"0","filter":"raw"}],"autores-libros":[{"ID":164851,"post_author":"3","post_date":"2022-10-14 17:50:23","post_date_gmt":"2022-10-14 15:50:23","post_content":"","post_title":"MICHEL FOUCAULT","post_excerpt":"","post_status":"publish","comment_status":"closed","ping_status":"closed","post_password":"","post_name":"michel-foucault","to_ping":"","pinged":"","post_modified":"2022-10-14 17:50:23","post_modified_gmt":"2022-10-14 15:50:23","post_content_filtered":"","post_parent":0,"guid":"http:\/\/dev.claret.cat\/autor\/michel-foucault\/","menu_order":0,"post_type":"autor","post_mime_type":"","comment_count":"0","filter":"raw"}]},"aioseo_notices":[],"_links":{"self":[{"href":"https:\/\/www.claret.cat\/es\/wp-json\/wp\/v2\/product\/940409","targetHints":{"allow":["GET"]}}],"collection":[{"href":"https:\/\/www.claret.cat\/es\/wp-json\/wp\/v2\/product"}],"about":[{"href":"https:\/\/www.claret.cat\/es\/wp-json\/wp\/v2\/types\/product"}],"wp:featuredmedia":[{"embeddable":true,"href":"https:\/\/www.claret.cat\/es\/wp-json\/wp\/v2\/media\/940410"}],"wp:attachment":[{"href":"https:\/\/www.claret.cat\/es\/wp-json\/wp\/v2\/media?parent=940409"}],"wp:term":[{"taxonomy":"product_brand","embeddable":true,"href":"https:\/\/www.claret.cat\/es\/wp-json\/wp\/v2\/product_brand?post=940409"},{"taxonomy":"product_cat","embeddable":true,"href":"https:\/\/www.claret.cat\/es\/wp-json\/wp\/v2\/product_cat?post=940409"},{"taxonomy":"product_tag","embeddable":true,"href":"https:\/\/www.claret.cat\/es\/wp-json\/wp\/v2\/product_tag?post=940409"}],"curies":[{"name":"wp","href":"https:\/\/api.w.org\/{rel}","templated":true}]}}