{"id":940457,"date":"2023-11-10T14:30:09","date_gmt":"2023-11-10T13:30:09","guid":{"rendered":"https:\/\/www.claret.cat\/llibre\/maleida-roma-serie-juli-cesar-2-9788419259523\/"},"modified":"2025-11-25T10:37:49","modified_gmt":"2025-11-25T09:37:49","slug":"maleida-roma-serie-juli-cesar-2-9788419259523","status":"publish","type":"product","link":"https:\/\/www.claret.cat\/es\/libro\/maleida-roma-serie-juli-cesar-2-9788419259523\/","title":{"rendered":"MALE\u00cfDA ROMA (S\u00c8RIE JULI C\u00c8SAR 2)"},"content":{"rendered":"<p>VIU LA SAGA M\u00c9S APASSIONANT DE LA HIST\u00d2RIA.  CONTINUA EL FENOMEN DE &#8216;ROMA SOC JO&#8217;, LA NOVEL\u00b7LA D&#8217;\u00c8XIT DEL 2022 Cap escriptor podia imaginar una vida com la de Juli C\u00e8sar. Nom\u00e9s Santiago Posteguillo pot escriure-la. TORNA L&#8217;AUTOR QUE ENS FA VIURE LA HIST\u00d2RIA. \u00abPosteguillo aporta ritme i rigorositat al mite de Juli C\u00e8sar\u00bb. El Pa\u00eds  \u00abEl gran escriptor espanyol de novel\u00b7la hist\u00f2rica aborda el m\u00e9s genial dels homes\u00bb. El Mundo  M\u00e9s de 300.000 exemplars venuts de Roma soc jo a l&#8217;Estat espanyol.M\u00e9s de 4.500.000 exemplars venuts de l&#8221;obra de Santiago Posteguillo.  Despr\u00e9s de l&#8217;enorme \u00e8xit de Roma soc jo, la novel\u00b7la m\u00e9s venuda en castell\u00e0 a l&#8217;Estat espanyol el 2022, Santiago Posteguillo repr\u00e8n el seu gran projecte literari, narrar la vida de Juli C\u00e8sar, en l&#8217;esperad\u00edsaim segon lliurament de la seva saga dedicada al gran personatge de la Roma cl\u00e0ssica.<\/p>\n","protected":false},"excerpt":{"rendered":"<p>POSTEGUILLO, SANTIAGO<\/p>\n","protected":false},"featured_media":940458,"template":"","meta":{"_acf_changed":false,"om_disable_all_campaigns":false,"rs_blank_template":"","rs_page_bg_color":"","slide_template_v7":"","inline_featured_image":false,"_monsterinsights_skip_tracking":false,"_monsterinsights_sitenote_active":false,"_monsterinsights_sitenote_note":"","_monsterinsights_sitenote_category":0},"product_brand":[],"product_cat":[130,360],"product_tag":[],"class_list":{"0":"post-940457","1":"product","2":"type-product","3":"status-publish","4":"has-post-thumbnail","6":"product_cat-novella-historica-i-ficcio","7":"product_cat-novela-historica-y-ficcion","9":"first","10":"instock","11":"taxable","12":"shipping-taxable","13":"purchasable","14":"product-type-simple"},"acf":{"autor":"POSTEGUILLO, SANTIAGO","codart":"841925952","libros-coleccion":"","ediciones":"1","encuadernacion":"Carton\u00e9","fecha_de_publicacion":"14\/11\/2023","novedad":"1","paginas":"880","subtitulo":"LA CONQUESTA DEL PODER DE JULI C\u00c8SAR","orden":"0","portada":"0","idioma":"cat","editorial":[{"ID":6350,"post_author":"3","post_date":"2022-07-28 17:50:18","post_date_gmt":"2022-07-28 15:50:18","post_content":"","post_title":"ROSA DELS VENTS","post_excerpt":"","post_status":"publish","comment_status":"closed","ping_status":"closed","post_password":"","post_name":"rosa-dels-vents","to_ping":"","pinged":"","post_modified":"2022-07-28 17:50:18","post_modified_gmt":"2022-07-28 15:50:18","post_content_filtered":"","post_parent":0,"guid":"http:\/\/dev.claret.cat\/editorial\/rosa-dels-vents\/","menu_order":0,"post_type":"editorial","post_mime_type":"","comment_count":"0","filter":"raw"}],"autores-libros":[{"ID":6019,"post_author":"3","post_date":"2022-07-28 17:36:26","post_date_gmt":"2022-07-28 15:36:26","post_content":"","post_title":"SANTIAGO POSTEGUILLO","post_excerpt":"","post_status":"publish","comment_status":"closed","ping_status":"closed","post_password":"","post_name":"santiago-posteguillo","to_ping":"","pinged":"","post_modified":"2022-07-28 17:36:26","post_modified_gmt":"2022-07-28 15:36:26","post_content_filtered":"","post_parent":0,"guid":"http:\/\/dev.claret.cat\/autor\/santiago-posteguillo\/","menu_order":0,"post_type":"autor","post_mime_type":"","comment_count":"0","filter":"raw"}],"booktrailer":"","resenas":""},"aioseo_notices":[],"_links":{"self":[{"href":"https:\/\/www.claret.cat\/es\/wp-json\/wp\/v2\/product\/940457","targetHints":{"allow":["GET"]}}],"collection":[{"href":"https:\/\/www.claret.cat\/es\/wp-json\/wp\/v2\/product"}],"about":[{"href":"https:\/\/www.claret.cat\/es\/wp-json\/wp\/v2\/types\/product"}],"wp:featuredmedia":[{"embeddable":true,"href":"https:\/\/www.claret.cat\/es\/wp-json\/wp\/v2\/media\/940458"}],"wp:attachment":[{"href":"https:\/\/www.claret.cat\/es\/wp-json\/wp\/v2\/media?parent=940457"}],"wp:term":[{"taxonomy":"product_brand","embeddable":true,"href":"https:\/\/www.claret.cat\/es\/wp-json\/wp\/v2\/product_brand?post=940457"},{"taxonomy":"product_cat","embeddable":true,"href":"https:\/\/www.claret.cat\/es\/wp-json\/wp\/v2\/product_cat?post=940457"},{"taxonomy":"product_tag","embeddable":true,"href":"https:\/\/www.claret.cat\/es\/wp-json\/wp\/v2\/product_tag?post=940457"}],"curies":[{"name":"wp","href":"https:\/\/api.w.org\/{rel}","templated":true}]}}