{"id":940463,"date":"2023-11-10T16:30:17","date_gmt":"2023-11-10T15:30:17","guid":{"rendered":"https:\/\/www.claret.cat\/llibre\/200-preguntes-i-respostes-sobre-dinosaures-9788419262387\/"},"modified":"2025-04-04T19:50:12","modified_gmt":"2025-04-04T17:50:12","slug":"200-preguntes-i-respostes-sobre-dinosaures-9788419262387","status":"publish","type":"product","link":"https:\/\/www.claret.cat\/es\/libro\/200-preguntes-i-respostes-sobre-dinosaures-9788419262387\/","title":{"rendered":"200 PREGUNTES I RESPOSTES SOBRE DINOSAURES"},"content":{"rendered":"<p>Creus que 200 preguntes son masses? Si et fascinen els dinosaures, mai en tindr\u00e0s prou! Aquests animals del passat m\u00e9s remot desperten la nostra curiositat i ens traslladen a un m\u00f3n jur\u00e0ssic fant\u00e0stic, poblat d&#8221;enormes r\u00e8ptils aqu\u00e0tics i voladors, herb\u00edvors i carn\u00edvors. En aquest llibre, el complex treball de paleont\u00f2legs i cient\u00edfics serveix per donar respostes senzilles a preguntes tan concretes com aquesta: per qu\u00e8 el T. Rex tenia els bra\u00e7os curts? Vols divertir-te descobrint les particularitats, curiositats i rareses dels dinosaures? Comen\u00e7a a preguntar!<\/p>\n","protected":false},"excerpt":{"rendered":"<p>BANFI, CRISTINA<\/p>\n","protected":false},"featured_media":940464,"template":"","meta":{"_acf_changed":false,"om_disable_all_campaigns":false,"rs_blank_template":"","rs_page_bg_color":"","slide_template_v7":"","inline_featured_image":false,"_monsterinsights_skip_tracking":false,"_monsterinsights_sitenote_active":false,"_monsterinsights_sitenote_note":"","_monsterinsights_sitenote_category":0},"product_brand":[],"product_cat":[131,361],"product_tag":[],"class_list":{"0":"post-940463","1":"product","2":"type-product","3":"status-publish","4":"has-post-thumbnail","6":"product_cat-contes-per-infants-0-6-anys","7":"product_cat-cuentos-para-ninos-0-6-anos","9":"first","10":"instock","11":"taxable","12":"shipping-taxable","13":"purchasable","14":"product-type-simple"},"acf":{"autor":"BANFI, CRISTINA","codart":"841926238","libros-coleccion":"FORA DE COL.LECCI\u00d3","ediciones":"1","encuadernacion":"Carton\u00e9","fecha_de_publicacion":"01\/09\/2023","novedad":"1","paginas":"95","subtitulo":"","orden":"0","portada":"0","idioma":"spa","editorial":[{"ID":883259,"post_author":"3","post_date":"2023-10-17 18:11:00","post_date_gmt":"2023-10-17 16:11:00","post_content":"","post_title":"Editorial Eccomi","post_excerpt":"","post_status":"publish","comment_status":"closed","ping_status":"closed","post_password":"","post_name":"editorial-eccomi","to_ping":"","pinged":"","post_modified":"2023-10-17 18:11:00","post_modified_gmt":"2023-10-17 16:11:00","post_content_filtered":"","post_parent":0,"guid":"https:\/\/www.claret.cat\/editorial\/editorial-eccomi\/","menu_order":0,"post_type":"editorial","post_mime_type":"","comment_count":"0","filter":"raw"}],"autores-libros":[{"ID":153310,"post_author":"3","post_date":"2022-10-14 14:55:45","post_date_gmt":"2022-10-14 12:55:45","post_content":"","post_title":"CRISTINA BANFI","post_excerpt":"","post_status":"publish","comment_status":"closed","ping_status":"closed","post_password":"","post_name":"cristina-banfi","to_ping":"","pinged":"","post_modified":"2022-10-14 14:55:45","post_modified_gmt":"2022-10-14 12:55:45","post_content_filtered":"","post_parent":0,"guid":"http:\/\/dev.claret.cat\/autor\/cristina-banfi\/","menu_order":0,"post_type":"autor","post_mime_type":"","comment_count":"0","filter":"raw"}]},"aioseo_notices":[],"_links":{"self":[{"href":"https:\/\/www.claret.cat\/es\/wp-json\/wp\/v2\/product\/940463","targetHints":{"allow":["GET"]}}],"collection":[{"href":"https:\/\/www.claret.cat\/es\/wp-json\/wp\/v2\/product"}],"about":[{"href":"https:\/\/www.claret.cat\/es\/wp-json\/wp\/v2\/types\/product"}],"wp:featuredmedia":[{"embeddable":true,"href":"https:\/\/www.claret.cat\/es\/wp-json\/wp\/v2\/media\/940464"}],"wp:attachment":[{"href":"https:\/\/www.claret.cat\/es\/wp-json\/wp\/v2\/media?parent=940463"}],"wp:term":[{"taxonomy":"product_brand","embeddable":true,"href":"https:\/\/www.claret.cat\/es\/wp-json\/wp\/v2\/product_brand?post=940463"},{"taxonomy":"product_cat","embeddable":true,"href":"https:\/\/www.claret.cat\/es\/wp-json\/wp\/v2\/product_cat?post=940463"},{"taxonomy":"product_tag","embeddable":true,"href":"https:\/\/www.claret.cat\/es\/wp-json\/wp\/v2\/product_tag?post=940463"}],"curies":[{"name":"wp","href":"https:\/\/api.w.org\/{rel}","templated":true}]}}