{"id":940768,"date":"2023-11-13T13:25:15","date_gmt":"2023-11-13T12:25:15","guid":{"rendered":"https:\/\/www.claret.cat\/llibre\/teologia-ante-los-nuevos-movimientos-la-9788429331837\/"},"modified":"2026-04-01T06:00:21","modified_gmt":"2026-04-01T04:00:21","slug":"teologia-ante-los-nuevos-movimientos-la-9788429331837","status":"publish","type":"product","link":"https:\/\/www.claret.cat\/es\/libro\/teologia-ante-los-nuevos-movimientos-la-9788429331837\/","title":{"rendered":"TEOLOG\u00cdA ANTE LOS NUEVOS MOVIMIENTOS, LA"},"content":{"rendered":"<p><span>Una lectura que se sumerge en la profundidad del legado del P. Ignacio Ellacur\u00eda, cuya visi\u00f3n pionera sobre la universidad y el compromiso con la justicia social dej\u00f3 una huella indeleble en Am\u00e9rica Latina y m\u00e1s all\u00e1. Este libro, fruto del trabajo del Grupo Internacional Ellacur\u00eda, aborda con precisi\u00f3n la enorme conexi\u00f3n y relaci\u00f3n entre teolog\u00eda, la Iglesia cat\u00f3lica y los actuales movimientos de cambio social, ecol\u00f3gico y pol\u00edtico. A trav\u00e9s de un an\u00e1lisis detallado, los autores exploran el papel de la fe cristiana en estos procesos y c\u00f3mo se alinea con la visi\u00f3n de Ellacur\u00eda sobre la direcci\u00f3n del Reino de Dios en nuestro tiempo. Es una obra que no solo contempla los movimientos sociales actuales, sino que plantea preguntas cruciales sobre el papel de la Iglesia y la fe en la historia de la salvaci\u00f3n, especialmente en relaci\u00f3n con los m\u00e1s desfavorecidos.<\/span><\/p>\n","protected":false},"excerpt":{"rendered":"<p>Una lectura que se sumerge en la profundidad del legado del P. Ignacio Ellacur\u00eda, cuya visi\u00f3n pionera sobre la universidad y el compromiso con la justicia social dej\u00f3 una huella indeleble en Am\u00e9rica Latina y m\u00e1s all\u00e1. Este libro, fruto del trabajo del Grupo Internacional Ellacur\u00eda, aborda con precisi\u00f3n la enorme conexi\u00f3n y relaci\u00f3n entre [&hellip;]<\/p>\n","protected":false},"featured_media":1081412,"template":"","meta":{"_acf_changed":false,"om_disable_all_campaigns":false,"rs_blank_template":"","rs_page_bg_color":"","slide_template_v7":"","inline_featured_image":false,"_monsterinsights_skip_tracking":false,"_monsterinsights_sitenote_active":false,"_monsterinsights_sitenote_note":"","_monsterinsights_sitenote_category":0},"product_brand":[],"product_cat":[279,509,291,517],"product_tag":[],"class_list":{"0":"post-940768","1":"product","2":"type-product","3":"status-publish","4":"has-post-thumbnail","6":"product_cat-antropologia-teologica","7":"product_cat-antropologia-teologica-teologia-1_espiritualidad","8":"product_cat-moral-social-i-politica","9":"product_cat-moral-social-y-politica","11":"first","12":"instock","13":"taxable","14":"shipping-taxable","15":"purchasable","16":"product-type-simple"},"acf":{"autor":"SOLS LUCIA, JOS\u00c9","codart":"842933183","libros-coleccion":"FORA DE COL.LECCI\u00d3","ediciones":"1","encuadernacion":"R\u00fastica","fecha_de_publicacion":"02\/11\/2023","novedad":"1","paginas":"424","subtitulo":"EN DI\u00c1LOGO CON IGNACIO ELLACUR\u00cdA","orden":"0","portada":"0","idioma":"spa","editorial":[{"ID":6351,"post_author":"3","post_date":"2022-07-28 17:50:19","post_date_gmt":"2022-07-28 15:50:19","post_content":"","post_title":"Sal Terrae","post_excerpt":"","post_status":"publish","comment_status":"closed","ping_status":"closed","post_password":"","post_name":"sal-terrae","to_ping":"","pinged":"","post_modified":"2022-07-28 17:50:19","post_modified_gmt":"2022-07-28 15:50:19","post_content_filtered":"","post_parent":0,"guid":"http:\/\/dev.claret.cat\/editorial\/sal-terrae\/","menu_order":0,"post_type":"editorial","post_mime_type":"","comment_count":"0","filter":"raw"}],"autores-libros":[{"ID":160583,"post_author":"3","post_date":"2022-10-14 15:54:15","post_date_gmt":"2022-10-14 13:54:15","post_content":"","post_title":"JOS\u00c9 SOLS LUCIA","post_excerpt":"","post_status":"publish","comment_status":"closed","ping_status":"closed","post_password":"","post_name":"jose-sols-lucia","to_ping":"","pinged":"","post_modified":"2022-10-14 15:54:15","post_modified_gmt":"2022-10-14 13:54:15","post_content_filtered":"","post_parent":0,"guid":"http:\/\/dev.claret.cat\/autor\/jose-sols-lucia\/","menu_order":0,"post_type":"autor","post_mime_type":"","comment_count":"0","filter":"raw"}],"booktrailer":"","resenas":""},"aioseo_notices":[],"_links":{"self":[{"href":"https:\/\/www.claret.cat\/es\/wp-json\/wp\/v2\/product\/940768","targetHints":{"allow":["GET"]}}],"collection":[{"href":"https:\/\/www.claret.cat\/es\/wp-json\/wp\/v2\/product"}],"about":[{"href":"https:\/\/www.claret.cat\/es\/wp-json\/wp\/v2\/types\/product"}],"wp:featuredmedia":[{"embeddable":true,"href":"https:\/\/www.claret.cat\/es\/wp-json\/wp\/v2\/media\/1081412"}],"wp:attachment":[{"href":"https:\/\/www.claret.cat\/es\/wp-json\/wp\/v2\/media?parent=940768"}],"wp:term":[{"taxonomy":"product_brand","embeddable":true,"href":"https:\/\/www.claret.cat\/es\/wp-json\/wp\/v2\/product_brand?post=940768"},{"taxonomy":"product_cat","embeddable":true,"href":"https:\/\/www.claret.cat\/es\/wp-json\/wp\/v2\/product_cat?post=940768"},{"taxonomy":"product_tag","embeddable":true,"href":"https:\/\/www.claret.cat\/es\/wp-json\/wp\/v2\/product_tag?post=940768"}],"curies":[{"name":"wp","href":"https:\/\/api.w.org\/{rel}","templated":true}]}}