{"id":940858,"date":"2023-11-13T14:25:15","date_gmt":"2023-11-13T13:25:15","guid":{"rendered":"https:\/\/www.claret.cat\/llibre\/jacominus-gainsborough-algo-fabuloso-9788414037430\/"},"modified":"2023-11-13T15:40:08","modified_gmt":"2023-11-13T14:40:08","slug":"jacominus-gainsborough-algo-fabuloso-9788414037430","status":"publish","type":"product","link":"https:\/\/www.claret.cat\/es\/libro\/jacominus-gainsborough-algo-fabuloso-9788414037430\/","title":{"rendered":"JACOMINUS GAINSBOROUGH. ALGO FABULOSO"},"content":{"rendered":"<p>\u2014No te lo vas a creer, acabo de recordar una cosa incre\u00edble. Una cosa que hab\u00edamos olvidado to-tal-men-te.<br \/> \u2014Ah, \u00bfs\u00ed? \u00bfY qu\u00e9 es? \u2014pregunt\u00f3 Policarpo.<br \/> Policarpo, gran amigo de Jacominus, lo despierta de su siesta. Juntos, inician la b\u00fasqueda de un recuerdo esquivo pero precioso. Retrocediendo en el tiempo, rememoran un abanico de momentos compartidos, todos fabulosos&#8230;<br \/> La gran artista R\u00e9becca Dautremer nos presenta una emocionante historia de amistad. Disfruta de sus magistrales ilustraciones mientras escuchas el texto narrado por la actriz Itziar Miranda, con la original banda sonora de los recuerdos de los personajes y una encantadora canci\u00f3n final en la voz de la propia autora.<\/p>\n","protected":false},"excerpt":{"rendered":"<p>DAUTREMER, R\u00c9BECCA<\/p>\n","protected":false},"featured_media":940859,"template":"","meta":{"_acf_changed":false,"om_disable_all_campaigns":false,"rs_blank_template":"","rs_page_bg_color":"","slide_template_v7":"","inline_featured_image":false,"_monsterinsights_skip_tracking":false,"_monsterinsights_sitenote_active":false,"_monsterinsights_sitenote_note":"","_monsterinsights_sitenote_category":0},"product_brand":[],"product_cat":[90,540],"product_tag":[],"class_list":{"0":"post-940858","1":"product","2":"type-product","3":"status-publish","4":"has-post-thumbnail","6":"product_cat-altres","7":"product_cat-otros","9":"first","10":"instock","11":"taxable","12":"shipping-taxable","13":"purchasable","14":"product-type-simple"},"acf":{"autor":"DAUTREMER, R\u00c9BECCA","codart":"841403743","libros-coleccion":"\u00c1lbumes ilustrados","ediciones":"1","encuadernacion":"Carton\u00e9","fecha_de_publicacion":"01\/11\/2023","novedad":"1","paginas":"85","subtitulo":"UNA HISTORIA DE R\u00c9BECCA DAUTREMER ILUSTRADA Y CANTADA POR LA MISM\u00cdSIMA AUTORA","orden":"0","portada":"0","idioma":"spa","editorial":[{"ID":6229,"post_author":"3","post_date":"2022-07-28 17:47:40","post_date_gmt":"2022-07-28 15:47:40","post_content":"","post_title":"Editorial Luis Vives (Edelvives)","post_excerpt":"","post_status":"publish","comment_status":"closed","ping_status":"closed","post_password":"","post_name":"editorial-luis-vives-edelvives","to_ping":"","pinged":"","post_modified":"2022-07-28 17:47:40","post_modified_gmt":"2022-07-28 15:47:40","post_content_filtered":"","post_parent":0,"guid":"http:\/\/dev.claret.cat\/editorial\/editorial-luis-vives-edelvives\/","menu_order":0,"post_type":"editorial","post_mime_type":"","comment_count":"0","filter":"raw"}],"autores-libros":[{"ID":167902,"post_author":"3","post_date":"2022-10-14 18:14:55","post_date_gmt":"2022-10-14 16:14:55","post_content":"","post_title":"R\u00c9BECCA DAUTREMER","post_excerpt":"","post_status":"publish","comment_status":"closed","ping_status":"closed","post_password":"","post_name":"rebecca-dautremer","to_ping":"","pinged":"","post_modified":"2022-10-14 18:14:55","post_modified_gmt":"2022-10-14 16:14:55","post_content_filtered":"","post_parent":0,"guid":"http:\/\/dev.claret.cat\/autor\/rebecca-dautremer\/","menu_order":0,"post_type":"autor","post_mime_type":"","comment_count":"0","filter":"raw"}]},"aioseo_notices":[],"_links":{"self":[{"href":"https:\/\/www.claret.cat\/es\/wp-json\/wp\/v2\/product\/940858","targetHints":{"allow":["GET"]}}],"collection":[{"href":"https:\/\/www.claret.cat\/es\/wp-json\/wp\/v2\/product"}],"about":[{"href":"https:\/\/www.claret.cat\/es\/wp-json\/wp\/v2\/types\/product"}],"wp:featuredmedia":[{"embeddable":true,"href":"https:\/\/www.claret.cat\/es\/wp-json\/wp\/v2\/media\/940859"}],"wp:attachment":[{"href":"https:\/\/www.claret.cat\/es\/wp-json\/wp\/v2\/media?parent=940858"}],"wp:term":[{"taxonomy":"product_brand","embeddable":true,"href":"https:\/\/www.claret.cat\/es\/wp-json\/wp\/v2\/product_brand?post=940858"},{"taxonomy":"product_cat","embeddable":true,"href":"https:\/\/www.claret.cat\/es\/wp-json\/wp\/v2\/product_cat?post=940858"},{"taxonomy":"product_tag","embeddable":true,"href":"https:\/\/www.claret.cat\/es\/wp-json\/wp\/v2\/product_tag?post=940858"}],"curies":[{"name":"wp","href":"https:\/\/api.w.org\/{rel}","templated":true}]}}