{"id":940870,"date":"2023-11-13T14:30:18","date_gmt":"2023-11-13T13:30:18","guid":{"rendered":"https:\/\/www.claret.cat\/llibre\/la-infancia-de-los-malvados-villanos-y-maleficos-9788414055410\/"},"modified":"2023-11-14T12:30:57","modified_gmt":"2023-11-14T11:30:57","slug":"la-infancia-de-los-malvados-villanos-y-maleficos-9788414055410","status":"publish","type":"product","link":"https:\/\/www.claret.cat\/es\/libro\/la-infancia-de-los-malvados-villanos-y-maleficos-9788414055410\/","title":{"rendered":"LA INFANCIA DE LOS MALVADOS, VILLANOS Y MAL\u00c9FICOS"},"content":{"rendered":"<p>El Lobo Feroz, Mal\u00e9fica, el capit\u00e1n Garfio, la Reina de Corazones, Dr\u00e1cula, Barba Azul&#8230; A trav\u00e9s de 20 retratos, S\u00e9bastien Perez y Benjamin Lacombe imaginan la infancia de c\u00e9lebres malos de la literatura cl\u00e1sica infantil, intentando responder a esta pregunta: \u00bfcu\u00e1ndo y c\u00f3mo se volvieron \u00abmalvados\u00bb? Cimentados sobre los rasgos m\u00e1s reconocibles de los personajes, tanto los textos como las estampas combinan el humor, la anuencia por los personajes y un evidente aire siniestro. \u00a1Descubre c\u00f3mo los malvados m\u00e1s famosos de la literatura popular moldearon sus personalidades hasta llegar a ser como los conocemos!<\/p>\n","protected":false},"excerpt":{"rendered":"<p>PEREZ, S\u00c9BASTIEN<\/p>\n","protected":false},"featured_media":941152,"template":"","meta":{"_acf_changed":false,"om_disable_all_campaigns":false,"rs_blank_template":"","rs_page_bg_color":"","slide_template_v7":"","inline_featured_image":false,"_monsterinsights_skip_tracking":false,"_monsterinsights_sitenote_active":false,"_monsterinsights_sitenote_note":"","_monsterinsights_sitenote_category":0},"product_brand":[],"product_cat":[132,362],"product_tag":[],"class_list":{"0":"post-940870","1":"product","2":"type-product","3":"status-publish","4":"has-post-thumbnail","6":"product_cat-lectures-per-preadolescents-6-12-anys","7":"product_cat-libros-preadolescentes-6-12-anos","9":"first","10":"instock","11":"taxable","12":"shipping-taxable","13":"purchasable","14":"product-type-simple"},"acf":{"autor":"PEREZ, S\u00c9BASTIEN","codart":"841405541","libros-coleccion":"\u00c1lbumes ilustrados","ediciones":"1","encuadernacion":"Carton\u00e9","fecha_de_publicacion":"01\/11\/2023","novedad":"1","paginas":"0","subtitulo":"","orden":"0","portada":"1","idioma":"spa","editorial":[{"ID":6229,"post_author":"3","post_date":"2022-07-28 17:47:40","post_date_gmt":"2022-07-28 15:47:40","post_content":"","post_title":"Editorial Luis Vives (Edelvives)","post_excerpt":"","post_status":"publish","comment_status":"closed","ping_status":"closed","post_password":"","post_name":"editorial-luis-vives-edelvives","to_ping":"","pinged":"","post_modified":"2022-07-28 17:47:40","post_modified_gmt":"2022-07-28 15:47:40","post_content_filtered":"","post_parent":0,"guid":"http:\/\/dev.claret.cat\/editorial\/editorial-luis-vives-edelvives\/","menu_order":0,"post_type":"editorial","post_mime_type":"","comment_count":"0","filter":"raw"}],"autores-libros":[{"ID":169262,"post_author":"3","post_date":"2022-10-14 22:25:49","post_date_gmt":"2022-10-14 20:25:49","post_content":"","post_title":"S\u00c9BASTIEN PEREZ","post_excerpt":"","post_status":"publish","comment_status":"closed","ping_status":"closed","post_password":"","post_name":"sebastien-perez","to_ping":"","pinged":"","post_modified":"2022-10-14 22:25:49","post_modified_gmt":"2022-10-14 20:25:49","post_content_filtered":"","post_parent":0,"guid":"http:\/\/dev.claret.cat\/autor\/sebastien-perez\/","menu_order":0,"post_type":"autor","post_mime_type":"","comment_count":"0","filter":"raw"}]},"aioseo_notices":[],"_links":{"self":[{"href":"https:\/\/www.claret.cat\/es\/wp-json\/wp\/v2\/product\/940870","targetHints":{"allow":["GET"]}}],"collection":[{"href":"https:\/\/www.claret.cat\/es\/wp-json\/wp\/v2\/product"}],"about":[{"href":"https:\/\/www.claret.cat\/es\/wp-json\/wp\/v2\/types\/product"}],"wp:featuredmedia":[{"embeddable":true,"href":"https:\/\/www.claret.cat\/es\/wp-json\/wp\/v2\/media\/941152"}],"wp:attachment":[{"href":"https:\/\/www.claret.cat\/es\/wp-json\/wp\/v2\/media?parent=940870"}],"wp:term":[{"taxonomy":"product_brand","embeddable":true,"href":"https:\/\/www.claret.cat\/es\/wp-json\/wp\/v2\/product_brand?post=940870"},{"taxonomy":"product_cat","embeddable":true,"href":"https:\/\/www.claret.cat\/es\/wp-json\/wp\/v2\/product_cat?post=940870"},{"taxonomy":"product_tag","embeddable":true,"href":"https:\/\/www.claret.cat\/es\/wp-json\/wp\/v2\/product_tag?post=940870"}],"curies":[{"name":"wp","href":"https:\/\/api.w.org\/{rel}","templated":true}]}}