{"id":940916,"date":"2023-11-13T16:01:47","date_gmt":"2023-11-13T15:01:47","guid":{"rendered":"https:\/\/www.claret.cat\/llibre\/tangled-9788416667987\/"},"modified":"2023-11-13T16:12:00","modified_gmt":"2023-11-13T15:12:00","slug":"tangled-9788416667987","status":"publish","type":"product","link":"https:\/\/www.claret.cat\/es\/libro\/tangled-9788416667987\/","title":{"rendered":"TANGLED"},"content":{"rendered":"<p>Tangled forma parte de una colecci\u00f3n impresionante de 20 libros bajo el sello Disney-Vaughan para que los ni\u00f1os aprendan ingl\u00e9s mientras se divierten con sus personajes favoritos de Disney. Una edici\u00f3n \u00fanica con im\u00e1genes espectaculares y audios divertidos y did\u00e1cticos.<\/p>\n<p>  Cada libro de la colecci\u00f3n Disney English Vaughan est\u00e1 basado en una historia Disney y cuenta con numerosas actividades divertidas de vocabulario y gram\u00e1tica. En el audio \u2013 descargable gratis en Audible \u2013 los profesores Vaughan gu\u00edan a los ni\u00f1os paso a paso para que puedan realizar las actividades sin ayuda de ning\u00fan adulto. Los profesores son de diferentes pa\u00edses angloparlantes para que el o\u00eddo del ni\u00f1o se acostumbre a diferentes acentos y pueda as\u00ed mejorar su comprensi\u00f3n auditiva y pronunciaci\u00f3n de una manera natural. Despu\u00e9s de las actividades, los profesores explicar\u00e1n el cuento Disney que aparece tanto en ingl\u00e9s como en espa\u00f1ol.<\/p>\n<p>  El objetivo de Disney English Vaughan es que los ni\u00f1os afronten el ingl\u00e9s de una manera que realmente les motive y despierte su inter\u00e9s en el idioma. Este enfoque, avalado por los m\u00e1s de 40 a\u00f1os que lleva Vaughan ense\u00f1ando ingl\u00e9s a hispanohablantes, es vital para que sea un aprendizaje productivo y estimulante para los ni\u00f1os.<\/p>\n<p> Cuento en versi\u00f3n biling\u00fce (ingl\u00e9s\/espa\u00f1ol)<br \/> Actividades variadas de vocabulario y gram\u00e1tica<br \/> Con audios divertidos y did\u00e1cticos con profesores Vaughan<\/p>\n","protected":false},"excerpt":{"rendered":"<p>DISNEY<\/p>\n","protected":false},"featured_media":940917,"template":"","meta":{"_acf_changed":false,"om_disable_all_campaigns":false,"rs_blank_template":"","rs_page_bg_color":"","slide_template_v7":"","inline_featured_image":false,"_monsterinsights_skip_tracking":false,"_monsterinsights_sitenote_active":false,"_monsterinsights_sitenote_note":"","_monsterinsights_sitenote_category":0},"product_brand":[],"product_cat":[90,540],"product_tag":[],"class_list":{"0":"post-940916","1":"product","2":"type-product","3":"status-publish","4":"has-post-thumbnail","6":"product_cat-altres","7":"product_cat-otros","9":"first","10":"instock","11":"taxable","12":"shipping-taxable","13":"purchasable","14":"product-type-simple"},"acf":{"autor":"DISNEY","codart":"841666798","libros-coleccion":"FORA DE COL.LECCI\u00d3","ediciones":"1","encuadernacion":"Carton\u00e9","fecha_de_publicacion":"01\/09\/2022","novedad":"1","paginas":"32","subtitulo":"DISNEY ENGLISH VAUGHAN","orden":"0","portada":"0","idioma":"spa","editorial":[{"ID":148954,"post_author":"3","post_date":"2022-10-14 12:02:18","post_date_gmt":"2022-10-14 10:02:18","post_content":"","post_title":"VAUGHAN","post_excerpt":"","post_status":"publish","comment_status":"closed","ping_status":"closed","post_password":"","post_name":"vaughan","to_ping":"","pinged":"","post_modified":"2022-10-14 12:02:18","post_modified_gmt":"2022-10-14 10:02:18","post_content_filtered":"","post_parent":0,"guid":"http:\/\/dev.claret.cat\/editorial\/vaughan\/","menu_order":0,"post_type":"editorial","post_mime_type":"","comment_count":"0","filter":"raw"}],"autores-libros":[{"ID":5400,"post_author":"3","post_date":"2022-07-28 17:23:10","post_date_gmt":"2022-07-28 15:23:10","post_content":"","post_title":"DISNEY","post_excerpt":"","post_status":"publish","comment_status":"closed","ping_status":"closed","post_password":"","post_name":"disney","to_ping":"","pinged":"","post_modified":"2022-07-28 17:23:10","post_modified_gmt":"2022-07-28 15:23:10","post_content_filtered":"","post_parent":0,"guid":"http:\/\/dev.claret.cat\/autor\/disney\/","menu_order":0,"post_type":"autor","post_mime_type":"","comment_count":"0","filter":"raw"}]},"aioseo_notices":[],"_links":{"self":[{"href":"https:\/\/www.claret.cat\/es\/wp-json\/wp\/v2\/product\/940916","targetHints":{"allow":["GET"]}}],"collection":[{"href":"https:\/\/www.claret.cat\/es\/wp-json\/wp\/v2\/product"}],"about":[{"href":"https:\/\/www.claret.cat\/es\/wp-json\/wp\/v2\/types\/product"}],"wp:featuredmedia":[{"embeddable":true,"href":"https:\/\/www.claret.cat\/es\/wp-json\/wp\/v2\/media\/940917"}],"wp:attachment":[{"href":"https:\/\/www.claret.cat\/es\/wp-json\/wp\/v2\/media?parent=940916"}],"wp:term":[{"taxonomy":"product_brand","embeddable":true,"href":"https:\/\/www.claret.cat\/es\/wp-json\/wp\/v2\/product_brand?post=940916"},{"taxonomy":"product_cat","embeddable":true,"href":"https:\/\/www.claret.cat\/es\/wp-json\/wp\/v2\/product_cat?post=940916"},{"taxonomy":"product_tag","embeddable":true,"href":"https:\/\/www.claret.cat\/es\/wp-json\/wp\/v2\/product_tag?post=940916"}],"curies":[{"name":"wp","href":"https:\/\/api.w.org\/{rel}","templated":true}]}}