{"id":940931,"date":"2023-11-13T16:06:52","date_gmt":"2023-11-13T15:06:52","guid":{"rendered":"https:\/\/www.claret.cat\/llibre\/aladdin-9788416667949\/"},"modified":"2023-11-13T16:11:11","modified_gmt":"2023-11-13T15:11:11","slug":"aladdin-9788416667949","status":"publish","type":"product","link":"https:\/\/www.claret.cat\/es\/libro\/aladdin-9788416667949\/","title":{"rendered":"ALADDIN"},"content":{"rendered":"<p>Aladdin forma parte de una colecci\u00f3n impresionante de 20 libros bajo el sello Disney-Vaughan para que los ni\u00f1os aprendan ingl\u00e9s mientras se divierten con sus personajes favoritos de Disney. Una edici\u00f3n \u00fanica con im\u00e1genes espectaculares y audios divertidos y did\u00e1cticos.<\/p>\n","protected":false},"excerpt":{"rendered":"<p>DISNEY<\/p>\n","protected":false},"featured_media":940932,"template":"","meta":{"_acf_changed":false,"om_disable_all_campaigns":false,"rs_blank_template":"","rs_page_bg_color":"","slide_template_v7":"","inline_featured_image":false,"_monsterinsights_skip_tracking":false,"_monsterinsights_sitenote_active":false,"_monsterinsights_sitenote_note":"","_monsterinsights_sitenote_category":0},"product_brand":[],"product_cat":[132,109,135,365,559,362],"product_tag":[],"class_list":{"0":"post-940931","1":"product","2":"type-product","3":"status-publish","4":"has-post-thumbnail","6":"product_cat-lectures-per-preadolescents-6-12-anys","7":"product_cat-angles","8":"product_cat-entreteniment","9":"product_cat-entretenimientos","10":"product_cat-ingles","11":"product_cat-libros-preadolescentes-6-12-anos","13":"first","14":"instock","15":"taxable","16":"shipping-taxable","17":"purchasable","18":"product-type-simple"},"acf":{"autor":"DISNEY","codart":"841666794","libros-coleccion":"FORA DE COL.LECCI\u00d3","ediciones":"1","encuadernacion":"Carton\u00e9","fecha_de_publicacion":"01\/09\/2022","novedad":"1","paginas":"32","subtitulo":"DISNEY ENGLISH VAUGHAN","orden":"0","portada":"0","idioma":"spa","editorial":[{"ID":148954,"post_author":"3","post_date":"2022-10-14 12:02:18","post_date_gmt":"2022-10-14 10:02:18","post_content":"","post_title":"VAUGHAN","post_excerpt":"","post_status":"publish","comment_status":"closed","ping_status":"closed","post_password":"","post_name":"vaughan","to_ping":"","pinged":"","post_modified":"2022-10-14 12:02:18","post_modified_gmt":"2022-10-14 10:02:18","post_content_filtered":"","post_parent":0,"guid":"http:\/\/dev.claret.cat\/editorial\/vaughan\/","menu_order":0,"post_type":"editorial","post_mime_type":"","comment_count":"0","filter":"raw"}],"autores-libros":[{"ID":5400,"post_author":"3","post_date":"2022-07-28 17:23:10","post_date_gmt":"2022-07-28 15:23:10","post_content":"","post_title":"DISNEY","post_excerpt":"","post_status":"publish","comment_status":"closed","ping_status":"closed","post_password":"","post_name":"disney","to_ping":"","pinged":"","post_modified":"2022-07-28 17:23:10","post_modified_gmt":"2022-07-28 15:23:10","post_content_filtered":"","post_parent":0,"guid":"http:\/\/dev.claret.cat\/autor\/disney\/","menu_order":0,"post_type":"autor","post_mime_type":"","comment_count":"0","filter":"raw"}]},"aioseo_notices":[],"_links":{"self":[{"href":"https:\/\/www.claret.cat\/es\/wp-json\/wp\/v2\/product\/940931","targetHints":{"allow":["GET"]}}],"collection":[{"href":"https:\/\/www.claret.cat\/es\/wp-json\/wp\/v2\/product"}],"about":[{"href":"https:\/\/www.claret.cat\/es\/wp-json\/wp\/v2\/types\/product"}],"wp:featuredmedia":[{"embeddable":true,"href":"https:\/\/www.claret.cat\/es\/wp-json\/wp\/v2\/media\/940932"}],"wp:attachment":[{"href":"https:\/\/www.claret.cat\/es\/wp-json\/wp\/v2\/media?parent=940931"}],"wp:term":[{"taxonomy":"product_brand","embeddable":true,"href":"https:\/\/www.claret.cat\/es\/wp-json\/wp\/v2\/product_brand?post=940931"},{"taxonomy":"product_cat","embeddable":true,"href":"https:\/\/www.claret.cat\/es\/wp-json\/wp\/v2\/product_cat?post=940931"},{"taxonomy":"product_tag","embeddable":true,"href":"https:\/\/www.claret.cat\/es\/wp-json\/wp\/v2\/product_tag?post=940931"}],"curies":[{"name":"wp","href":"https:\/\/api.w.org\/{rel}","templated":true}]}}