{"id":940949,"date":"2023-11-13T16:20:42","date_gmt":"2023-11-13T15:20:42","guid":{"rendered":"https:\/\/www.claret.cat\/llibre\/maldita-roma-serie-julio-cesar-2-9788466676564\/"},"modified":"2025-12-29T11:30:38","modified_gmt":"2025-12-29T10:30:38","slug":"maldita-roma-serie-julio-cesar-2-9788466676564","status":"publish","type":"product","link":"https:\/\/www.claret.cat\/es\/libro\/maldita-roma-serie-julio-cesar-2-9788466676564\/","title":{"rendered":"MALDITA ROMA (SERIE JULIO C\u00c9SAR 2)"},"content":{"rendered":"<p>LA LEYENDA CONTIN\u00daA. Tras el monumental \u00e9xito de Roma soy yo, contin\u00faa la saga sobre Julio C\u00e9sar, narrada como s\u00f3lo Posteguillo podr\u00eda hacerlo. ROMA LO EXIGE TODO. EN ROMA TODO EST\u00c1 EN VENTA.MALDITA SEA POR SIEMPRE ROMA. Mare Internum, a\u00f1o 75 a. C. Un barco mercante navega rumbo a la isla de Rodas. A bordo, Julio C\u00e9sar acompa\u00f1ado s\u00f3lo por su fiel Labieno. Obligado por sus enemigos a exiliarse de Roma, se dirige al encuentro con el maestro Apolonio para aprender oratoria y de este modo, a su regreso, iniciar una feroz pugna para ingresar en el Senado y enfrentarse all\u00ed al temido Cicer\u00f3n. As\u00ed arranca la extraordinaria segunda entrega de la saga dedicada a Julio C\u00e9sar por Santiago Posteguillo. En Maldita Roma encontraremos ya al mito en la plenitud de su talento pol\u00edtico y militar, dispuesto a vencer cualquier obst\u00e1culo en su imparable conquista del poder.Este es un relato sin tregua en el que viviremos ataques piratas, el enfrentamiento con Espartaco en la rebeli\u00f3n de los esclavos, grandes batallas en las que sentiremos el olor de la sangre y el estruendo de los gladios. Comprenderemos los h\u00e1biles manejos de C\u00e9sar para ascender en pol\u00edtica y asistiremos, incluso, al nacimiento de la reina Cleopatra a orillas del Nilo. Una novelamagistral que nos habla sobre el aut\u00e9ntico precio del poder. Y es que Julio C\u00e9sar est\u00e1 a punto de aprender que Roma lo exige todo, hasta su bien m\u00e1s preciado, lo \u00fanico que \u00e9l no est\u00e1 dispuesto a entregar. Pero Roma no negocia con nadie. Ni con C\u00e9sar. Maldita Roma.\u00abPosteguillo aporta ritmo y rigurosidad al mito de Julio C\u00e9sar\u00bb.<br \/>El Pa\u00eds \u00abEl gran escritor espa\u00f1ol de novela hist\u00f3rica aborda al m\u00e1s genial de los hombres\u00bb.<br \/>El Mundo<\/p>\n","protected":false},"excerpt":{"rendered":"<p>POSTEGUILLO, SANTIAGO<\/p>\n","protected":false},"featured_media":942290,"template":"","meta":{"_acf_changed":false,"om_disable_all_campaigns":false,"rs_blank_template":"","rs_page_bg_color":"","slide_template_v7":"","inline_featured_image":false,"_monsterinsights_skip_tracking":false,"_monsterinsights_sitenote_active":false,"_monsterinsights_sitenote_note":"","_monsterinsights_sitenote_category":0},"product_brand":[],"product_cat":[130,360],"product_tag":[],"class_list":{"0":"post-940949","1":"product","2":"type-product","3":"status-publish","4":"has-post-thumbnail","6":"product_cat-novella-historica-i-ficcio","7":"product_cat-novela-historica-y-ficcion","9":"first","10":"instock","11":"taxable","12":"shipping-taxable","13":"purchasable","14":"product-type-simple"},"acf":{"autor":"POSTEGUILLO, SANTIAGO","codart":"846667656","libros-coleccion":"HIST\u00d3RICA","ediciones":"1","encuadernacion":"Carton\u00e9","fecha_de_publicacion":"14\/11\/2023","novedad":"1","paginas":"894","subtitulo":"LA CONQUISTA DEL PODER DE JULIO C\u00c9SAR","orden":"0","portada":"1","idioma":"spa","editorial":[{"ID":6200,"post_author":"3","post_date":"2022-07-28 17:47:00","post_date_gmt":"2022-07-28 15:47:00","post_content":"","post_title":"EDICIONES B","post_excerpt":"","post_status":"publish","comment_status":"closed","ping_status":"closed","post_password":"","post_name":"ediciones-b","to_ping":"","pinged":"","post_modified":"2022-07-28 17:47:00","post_modified_gmt":"2022-07-28 15:47:00","post_content_filtered":"","post_parent":0,"guid":"http:\/\/dev.claret.cat\/editorial\/ediciones-b\/","menu_order":0,"post_type":"editorial","post_mime_type":"","comment_count":"0","filter":"raw"}],"autores-libros":[{"ID":6019,"post_author":"3","post_date":"2022-07-28 17:36:26","post_date_gmt":"2022-07-28 15:36:26","post_content":"","post_title":"SANTIAGO POSTEGUILLO","post_excerpt":"","post_status":"publish","comment_status":"closed","ping_status":"closed","post_password":"","post_name":"santiago-posteguillo","to_ping":"","pinged":"","post_modified":"2022-07-28 17:36:26","post_modified_gmt":"2022-07-28 15:36:26","post_content_filtered":"","post_parent":0,"guid":"http:\/\/dev.claret.cat\/autor\/santiago-posteguillo\/","menu_order":0,"post_type":"autor","post_mime_type":"","comment_count":"0","filter":"raw"}],"booktrailer":"","resenas":""},"aioseo_notices":[],"_links":{"self":[{"href":"https:\/\/www.claret.cat\/es\/wp-json\/wp\/v2\/product\/940949","targetHints":{"allow":["GET"]}}],"collection":[{"href":"https:\/\/www.claret.cat\/es\/wp-json\/wp\/v2\/product"}],"about":[{"href":"https:\/\/www.claret.cat\/es\/wp-json\/wp\/v2\/types\/product"}],"wp:featuredmedia":[{"embeddable":true,"href":"https:\/\/www.claret.cat\/es\/wp-json\/wp\/v2\/media\/942290"}],"wp:attachment":[{"href":"https:\/\/www.claret.cat\/es\/wp-json\/wp\/v2\/media?parent=940949"}],"wp:term":[{"taxonomy":"product_brand","embeddable":true,"href":"https:\/\/www.claret.cat\/es\/wp-json\/wp\/v2\/product_brand?post=940949"},{"taxonomy":"product_cat","embeddable":true,"href":"https:\/\/www.claret.cat\/es\/wp-json\/wp\/v2\/product_cat?post=940949"},{"taxonomy":"product_tag","embeddable":true,"href":"https:\/\/www.claret.cat\/es\/wp-json\/wp\/v2\/product_tag?post=940949"}],"curies":[{"name":"wp","href":"https:\/\/api.w.org\/{rel}","templated":true}]}}