{"id":940967,"date":"2023-11-13T16:35:03","date_gmt":"2023-11-13T15:35:03","guid":{"rendered":"https:\/\/www.claret.cat\/llibre\/estuche-saga-bali-30-sunsets-para-enamorarte-10000-millas-para-encontrarte-9788419848215\/"},"modified":"2024-04-16T11:55:07","modified_gmt":"2024-04-16T09:55:07","slug":"estuche-saga-bali-30-sunsets-para-enamorarte-10000-millas-para-encontrarte-9788419848215","status":"publish","type":"product","link":"https:\/\/www.claret.cat\/es\/libro\/estuche-saga-bali-30-sunsets-para-enamorarte-10000-millas-para-encontrarte-9788419848215\/","title":{"rendered":"ESTUCHE SAGA BALI: 30 SUNSETS PARA ENAMORARTE | 10.000 MILLAS PARA ENCONTRARTE"},"content":{"rendered":"<p>HAY HISTORIAS DE AMOR QUE NO TIENEN BILLETE DE VUELTA. Desc\u00fabrelo en BALI, la saga de MERCEDES RON, la autora N\u00ba1 que ha seducido a m\u00e1s de 1.500.000 de lectoras. \u00abTREINTA ATARDECERES HAN BASTADO PARA ENAMORARME PERDIDAMENTE DE TI\u00bb. Despu\u00e9sde arrasar por completo con Culpa m\u00eda y su \u00e9xito audiovisual, llega el estuche de la nueva saga de la autora. \u00abSI LO NUESTRO FUE UN ERROR, QUIERO EQUIVOCARME CONTIGO CADA SEGUNDO DE MI VIDA\u00bb.<\/p>\n","protected":false},"excerpt":{"rendered":"<p>RON, MERCEDES<\/p>\n","protected":false},"featured_media":940968,"template":"","meta":{"_acf_changed":false,"om_disable_all_campaigns":false,"rs_blank_template":"","rs_page_bg_color":"","slide_template_v7":"","inline_featured_image":false,"_monsterinsights_skip_tracking":false,"_monsterinsights_sitenote_active":false,"_monsterinsights_sitenote_note":"","_monsterinsights_sitenote_category":0},"product_brand":[],"product_cat":[90,540],"product_tag":[],"class_list":{"0":"post-940967","1":"product","2":"type-product","3":"status-publish","4":"has-post-thumbnail","6":"product_cat-altres","7":"product_cat-otros","9":"first","10":"instock","11":"taxable","12":"shipping-taxable","13":"purchasable","14":"product-type-simple"},"acf":{"autor":"RON, MERCEDES","codart":"841984821","libros-coleccion":"Montena","ediciones":"1","encuadernacion":"R\u00fastica","fecha_de_publicacion":"01\/11\/2023","novedad":"1","paginas":"1","subtitulo":"","orden":"0","portada":"0","idioma":"spa","editorial":[{"ID":6310,"post_author":"3","post_date":"2022-07-28 17:49:26","post_date_gmt":"2022-07-28 15:49:26","post_content":"","post_title":"MONTENA","post_excerpt":"","post_status":"publish","comment_status":"closed","ping_status":"closed","post_password":"","post_name":"montena","to_ping":"","pinged":"","post_modified":"2022-07-28 17:49:26","post_modified_gmt":"2022-07-28 15:49:26","post_content_filtered":"","post_parent":0,"guid":"http:\/\/dev.claret.cat\/editorial\/montena\/","menu_order":0,"post_type":"editorial","post_mime_type":"","comment_count":"0","filter":"raw"}],"autores-libros":[{"ID":5837,"post_author":"3","post_date":"2022-07-28 17:32:33","post_date_gmt":"2022-07-28 15:32:33","post_content":"","post_title":"MERCEDES RON","post_excerpt":"","post_status":"publish","comment_status":"closed","ping_status":"closed","post_password":"","post_name":"mercedes-ron","to_ping":"","pinged":"","post_modified":"2022-07-28 17:32:33","post_modified_gmt":"2022-07-28 15:32:33","post_content_filtered":"","post_parent":0,"guid":"http:\/\/dev.claret.cat\/autor\/mercedes-ron\/","menu_order":0,"post_type":"autor","post_mime_type":"","comment_count":"0","filter":"raw"}]},"aioseo_notices":[],"_links":{"self":[{"href":"https:\/\/www.claret.cat\/es\/wp-json\/wp\/v2\/product\/940967","targetHints":{"allow":["GET"]}}],"collection":[{"href":"https:\/\/www.claret.cat\/es\/wp-json\/wp\/v2\/product"}],"about":[{"href":"https:\/\/www.claret.cat\/es\/wp-json\/wp\/v2\/types\/product"}],"wp:featuredmedia":[{"embeddable":true,"href":"https:\/\/www.claret.cat\/es\/wp-json\/wp\/v2\/media\/940968"}],"wp:attachment":[{"href":"https:\/\/www.claret.cat\/es\/wp-json\/wp\/v2\/media?parent=940967"}],"wp:term":[{"taxonomy":"product_brand","embeddable":true,"href":"https:\/\/www.claret.cat\/es\/wp-json\/wp\/v2\/product_brand?post=940967"},{"taxonomy":"product_cat","embeddable":true,"href":"https:\/\/www.claret.cat\/es\/wp-json\/wp\/v2\/product_cat?post=940967"},{"taxonomy":"product_tag","embeddable":true,"href":"https:\/\/www.claret.cat\/es\/wp-json\/wp\/v2\/product_tag?post=940967"}],"curies":[{"name":"wp","href":"https:\/\/api.w.org\/{rel}","templated":true}]}}