{"id":940973,"date":"2023-11-13T16:35:37","date_gmt":"2023-11-13T15:35:37","guid":{"rendered":"https:\/\/www.claret.cat\/llibre\/el-silencio-de-la-noche-9788425364303\/"},"modified":"2023-11-14T09:35:24","modified_gmt":"2023-11-14T08:35:24","slug":"el-silencio-de-la-noche-9788425364303","status":"publish","type":"product","link":"https:\/\/www.claret.cat\/es\/libro\/el-silencio-de-la-noche-9788425364303\/","title":{"rendered":"EL SILENCIO DE LA NOCHE"},"content":{"rendered":"<p>Una mujer aparece muerta en su coche.  Una testigo afirma haber visto a un hombre subirse al autom\u00f3vil. \u00bfEra su pareja? \u00bfUn desconocido? \u00bfO tal vez el asesino?  Un misterio sofisticado, amenazante y lleno de giros de Charlotte Link, la reina del suspense europeo.Scarborough, 2010. Un adolescente obeso, Alvin Malory, es v\u00edctima de una agresi\u00f3n terrible que lo deja postrado en coma vegetativo. Un caso sin resolver en la carrera de Caleb Hale. Casi diez a\u00f1os despu\u00e9s, Anna Carter ve c\u00f3mo un desconocido detiene el veh\u00edculo que conduce una mujer y se monta en \u00e9l. A Anna la escena le parece extra\u00f1a e intenta, sin \u00e9xito, llamar la atenci\u00f3n de la conductora. Anna est\u00e1 cansada y hace fr\u00edo, as\u00ed que finalmente decide marcharse. Al d\u00eda siguiente, el coche aparece aparcado en un peque\u00f1o camino con el cad\u00e1ver de la chica acribillado a pu\u00f1aladas en su interior. Cuando Anna descubre el fatal desenlace de la escena que presenci\u00f3 el d\u00eda anterior, no se atreve a contar lo que vio por temor a verse implicada en un caso criminal. La polic\u00eda encuentra en el coche unas huellas dactilares coincidentes con otras halladas en el lugar donde se produjo la brutal agresi\u00f3n a Alvin Malory, pero no parece haber ning\u00fan nexo de uni\u00f3n entre este y la fallecida.La cr\u00edtica ha dicho:<br \/>\u00abEl thriller psicol\u00f3gico es la marca de Charlotte Link, libros apasionantes dise\u00f1ados con inteligencia en los que el alma de los personajes tiene tanto peso como las investigaciones criminales\u00bb.<br \/>Brigitte \u00abCharlotte Link es una maestra del suspense progresivo\u00bb.<br \/>Stern Crime \u00abEnLibre de culpa Charlotte Link vuelve a demostrar que es una maestra en el juego criminal del gato y el rat\u00f3n\u00bb.<br \/>Wiener Zeitung \u00abCon su estilo propio, Ch. Link traza una fina red de hilos narrativos distintos que encuentran su camino en un final sorprendente\u00bb.<br \/>NeuePost<\/p>\n","protected":false},"excerpt":{"rendered":"<p>LINK, CHARLOTTE<\/p>\n","protected":false},"featured_media":941156,"template":"","meta":{"_acf_changed":false,"om_disable_all_campaigns":false,"rs_blank_template":"","rs_page_bg_color":"","slide_template_v7":"","inline_featured_image":false,"_monsterinsights_skip_tracking":false,"_monsterinsights_sitenote_active":false,"_monsterinsights_sitenote_note":"","_monsterinsights_sitenote_category":0},"product_brand":[],"product_cat":[127,357],"product_tag":[],"class_list":{"0":"post-940973","1":"product","2":"type-product","3":"status-publish","4":"has-post-thumbnail","6":"product_cat-novella-contemporania","7":"product_cat-novela-contemporanea","9":"first","10":"instock","11":"taxable","12":"shipping-taxable","13":"purchasable","14":"product-type-simple"},"acf":{"autor":"LINK, CHARLOTTE","codart":"842536430","libros-coleccion":"Novela de intriga","ediciones":"1","encuadernacion":"Carton\u00e9","fecha_de_publicacion":"01\/11\/2023","novedad":"1","paginas":"536","subtitulo":"","orden":"0","portada":"0","idioma":"spa","editorial":[{"ID":148245,"post_author":"3","post_date":"2022-10-14 11:56:45","post_date_gmt":"2022-10-14 09:56:45","post_content":"","post_title":"HARPER COLLINS","post_excerpt":"","post_status":"publish","comment_status":"closed","ping_status":"closed","post_password":"","post_name":"harper-collins","to_ping":"","pinged":"","post_modified":"2022-10-14 11:56:45","post_modified_gmt":"2022-10-14 09:56:45","post_content_filtered":"","post_parent":0,"guid":"http:\/\/dev.claret.cat\/editorial\/harper-collins\/","menu_order":0,"post_type":"editorial","post_mime_type":"","comment_count":"0","filter":"raw"}],"autores-libros":[{"ID":152798,"post_author":"3","post_date":"2022-10-14 14:51:40","post_date_gmt":"2022-10-14 12:51:40","post_content":"","post_title":"CHARLOTTE LINK","post_excerpt":"","post_status":"publish","comment_status":"closed","ping_status":"closed","post_password":"","post_name":"charlotte-link","to_ping":"","pinged":"","post_modified":"2022-10-14 14:51:40","post_modified_gmt":"2022-10-14 12:51:40","post_content_filtered":"","post_parent":0,"guid":"http:\/\/dev.claret.cat\/autor\/charlotte-link\/","menu_order":0,"post_type":"autor","post_mime_type":"","comment_count":"0","filter":"raw"}]},"aioseo_notices":[],"_links":{"self":[{"href":"https:\/\/www.claret.cat\/es\/wp-json\/wp\/v2\/product\/940973","targetHints":{"allow":["GET"]}}],"collection":[{"href":"https:\/\/www.claret.cat\/es\/wp-json\/wp\/v2\/product"}],"about":[{"href":"https:\/\/www.claret.cat\/es\/wp-json\/wp\/v2\/types\/product"}],"wp:featuredmedia":[{"embeddable":true,"href":"https:\/\/www.claret.cat\/es\/wp-json\/wp\/v2\/media\/941156"}],"wp:attachment":[{"href":"https:\/\/www.claret.cat\/es\/wp-json\/wp\/v2\/media?parent=940973"}],"wp:term":[{"taxonomy":"product_brand","embeddable":true,"href":"https:\/\/www.claret.cat\/es\/wp-json\/wp\/v2\/product_brand?post=940973"},{"taxonomy":"product_cat","embeddable":true,"href":"https:\/\/www.claret.cat\/es\/wp-json\/wp\/v2\/product_cat?post=940973"},{"taxonomy":"product_tag","embeddable":true,"href":"https:\/\/www.claret.cat\/es\/wp-json\/wp\/v2\/product_tag?post=940973"}],"curies":[{"name":"wp","href":"https:\/\/api.w.org\/{rel}","templated":true}]}}