{"id":940979,"date":"2023-11-13T16:40:04","date_gmt":"2023-11-13T15:40:04","guid":{"rendered":"https:\/\/www.claret.cat\/llibre\/rocamboleska-9788419848093\/"},"modified":"2023-11-14T10:50:18","modified_gmt":"2023-11-14T09:50:18","slug":"rocamboleska-9788419848093","status":"publish","type":"product","link":"https:\/\/www.claret.cat\/es\/libro\/rocamboleska-9788419848093\/","title":{"rendered":"ROCAMBOLESKA"},"content":{"rendered":"<p>Vuelve Bebi Fern\u00e1ndez, el fen\u00f3meno superventas de poes\u00eda y la voz m\u00e1s irreverente de Twitter, con su libro m\u00e1s rompedor. En tiempos rocamboleskos, palabras como balas.<br \/>La mejor arma que conocemos.<br \/>Pero no la \u00fanica. \u00bfTe atreves a regresar al mundo de Bebi?<\/p>\n","protected":false},"excerpt":{"rendered":"<p>FERN\u00c1NDEZ, BEBI<\/p>\n","protected":false},"featured_media":941205,"template":"","meta":{"_acf_changed":false,"om_disable_all_campaigns":false,"rs_blank_template":"","rs_page_bg_color":"","slide_template_v7":"","inline_featured_image":false,"_monsterinsights_skip_tracking":false,"_monsterinsights_sitenote_active":false,"_monsterinsights_sitenote_note":"","_monsterinsights_sitenote_category":0},"product_brand":[],"product_cat":[121,340,358,128],"product_tag":[],"class_list":{"0":"post-940979","1":"product","2":"type-product","3":"status-publish","4":"has-post-thumbnail","6":"product_cat-poesia","7":"product_cat-poesia-5_otras","8":"product_cat-poesia-contemporanea","9":"product_cat-poesia-contemporania","11":"first","12":"instock","13":"taxable","14":"shipping-taxable","15":"purchasable","16":"product-type-simple"},"acf":{"autor":"FERN\u00c1NDEZ, BEBI","codart":"841984809","libros-coleccion":"Instaverso","ediciones":"1","encuadernacion":"Carton\u00e9","fecha_de_publicacion":"01\/11\/2023","novedad":"1","paginas":"192","subtitulo":"","orden":"0","portada":"0","idioma":"spa","editorial":[{"ID":6310,"post_author":"3","post_date":"2022-07-28 17:49:26","post_date_gmt":"2022-07-28 15:49:26","post_content":"","post_title":"MONTENA","post_excerpt":"","post_status":"publish","comment_status":"closed","ping_status":"closed","post_password":"","post_name":"montena","to_ping":"","pinged":"","post_modified":"2022-07-28 17:49:26","post_modified_gmt":"2022-07-28 15:49:26","post_content_filtered":"","post_parent":0,"guid":"http:\/\/dev.claret.cat\/editorial\/montena\/","menu_order":0,"post_type":"editorial","post_mime_type":"","comment_count":"0","filter":"raw"}],"autores-libros":[{"ID":5292,"post_author":"3","post_date":"2022-07-28 17:20:54","post_date_gmt":"2022-07-28 15:20:54","post_content":"","post_title":"BEBI FERN\u00c1NDEZ","post_excerpt":"","post_status":"publish","comment_status":"closed","ping_status":"closed","post_password":"","post_name":"bebi-fernandez","to_ping":"","pinged":"","post_modified":"2022-07-28 17:20:54","post_modified_gmt":"2022-07-28 15:20:54","post_content_filtered":"","post_parent":0,"guid":"http:\/\/dev.claret.cat\/autor\/bebi-fernandez\/","menu_order":0,"post_type":"autor","post_mime_type":"","comment_count":"0","filter":"raw"}]},"aioseo_notices":[],"_links":{"self":[{"href":"https:\/\/www.claret.cat\/es\/wp-json\/wp\/v2\/product\/940979","targetHints":{"allow":["GET"]}}],"collection":[{"href":"https:\/\/www.claret.cat\/es\/wp-json\/wp\/v2\/product"}],"about":[{"href":"https:\/\/www.claret.cat\/es\/wp-json\/wp\/v2\/types\/product"}],"wp:featuredmedia":[{"embeddable":true,"href":"https:\/\/www.claret.cat\/es\/wp-json\/wp\/v2\/media\/941205"}],"wp:attachment":[{"href":"https:\/\/www.claret.cat\/es\/wp-json\/wp\/v2\/media?parent=940979"}],"wp:term":[{"taxonomy":"product_brand","embeddable":true,"href":"https:\/\/www.claret.cat\/es\/wp-json\/wp\/v2\/product_brand?post=940979"},{"taxonomy":"product_cat","embeddable":true,"href":"https:\/\/www.claret.cat\/es\/wp-json\/wp\/v2\/product_cat?post=940979"},{"taxonomy":"product_tag","embeddable":true,"href":"https:\/\/www.claret.cat\/es\/wp-json\/wp\/v2\/product_tag?post=940979"}],"curies":[{"name":"wp","href":"https:\/\/api.w.org\/{rel}","templated":true}]}}